{"id":6669,"date":"2018-08-03T08:06:05","date_gmt":"2018-08-03T08:06:05","guid":{"rendered":"http:\/\/labtechco.themestek.com\/?page_id=6669"},"modified":"2023-06-30T15:04:55","modified_gmt":"2023-06-30T14:04:55","slug":"biz-kimiz","status":"publish","type":"page","link":"https:\/\/www.adbioink.com\/tr\/biz-kimiz\/","title":{"rendered":"Biz Kimiz"},"content":{"rendered":"<p>[vc_row full_width=&#8221;stretch_row&#8221; el_class=&#8221;ts-column-pad-0&#8243; css=&#8221;.vc_custom_1535171682818{padding-bottom: 50px !important;}&#8221; ts_responsive_css=&#8221;69022376|colbreak_yes|||||||||colbreak_no|||||||||colbreak_no||||||||||colbreak_no|||||||||&#8221;][vc_column width=&#8221;1\/2&#8243; css=&#8221;.vc_custom_1533536933706{padding-right: 15% !important;}&#8221;]<div class=\"ts-element-heading-wrapper ts-heading-inner ts-element-align-left ts-seperator-none  vc_custom_1688132060446\"><section class=\"ts-vc_cta3-container\"><div class=\"ts-vc_general ts-vc_cta3 ts-cta3-only ts-vc_cta3-style-classic ts-vc_cta3-shape-rounded ts-vc_cta3-align-left ts-vc_cta3-color-transparent ts-vc_cta3-icon-size-md ts-vc_cta3-actions-no ts-cta3-with-desc\"><div class=\"ts-vc_cta3_content-container\"><div class=\"ts-vc_cta3-content\"><div class=\"ts-vc_cta3-content-header ts-wrap\"><div class=\"ts-vc_cta3-headers ts-wrap-cell\"><h2 class=\"ts-custom-heading \" >B\u0130Z K\u0130M\u0130Z<\/h2>\n<\/div><\/div><div class=\"ts-cta3-content-wrapper\"><p>AdBioInk, T\u00dcB\u0130TAK Marmara Teknopark b\u00fcnyesinde y\u00fcr\u00fct\u00fclen kapsaml\u0131 ara\u015ft\u0131rma ve geli\u015ftirme \u00e7al\u0131\u015fmalar\u0131 sonucunda devlet deste\u011fi ile kurulmu\u015f \u00f6nc\u00fc bir y\u00fcksek teknoloji \u015firketidir. Biyoteknolojiye g\u00fc\u00e7l\u00fc bir \u015fekilde odaklanan AdBioInk, geli\u015fmi\u015f biyomalzemelerin, \u00f6zellikle biyom\u00fcrekkep ve biyopolimerler gibi h\u00fccre d\u0131\u015f\u0131 matris (ECM) biyomalzemelerinin \u00fcretiminde uzmanla\u015fm\u0131\u015ft\u0131r. Bu malzemeler, insan v\u00fccudunu do\u011fru bir \u015fekilde kopyalayarak, h\u00fccrelerin insan v\u00fccudundaym\u0131\u015f gibi geli\u015fmesini sa\u011flayan bir ortam yaratarak doku m\u00fchendisli\u011fi ve yapay organ ara\u015ft\u0131rmalar\u0131nda \u00f6nemli ilerlemeler sa\u011flar.<\/p>\n<p>Ayr\u0131ca AdBioInk, BiyoKalem olarak bilinen el tipi biyoyaz\u0131c\u0131 sistemini tan\u0131tan ilk \u015firkettir. Bu yenilik\u00e7i sistem, ki\u015fisel bilgisayar gereklili\u011fi, \u00f6zel kullan\u0131c\u0131 uzmanl\u0131\u011f\u0131 ve y\u00fcksek maliyetler dahil olmak \u00fczere, geleneksel 3B biyoyaz\u0131c\u0131larla yayg\u0131n olarak ili\u015fkilendirilen s\u0131n\u0131rlamalar\u0131 giderir. BiyoKalem, yerinde uygulamalar\u0131 m\u00fcmk\u00fcn k\u0131lar ve ara\u015ft\u0131rmac\u0131lar taraf\u0131ndan kolayca eri\u015filebilir, b\u00f6ylece alanda devrim yarat\u0131r.<\/p>\n<p>AdBioInk, \u00e7\u0131\u011f\u0131r a\u00e7an biyobask\u0131 teknolojisine ek olarak kullan\u0131c\u0131 dostu bir Uv\/Vis k\u00fcrleme platformu da \u00fcretiyor. Bu platform, farkl\u0131 dalga boylar\u0131na sahip \u0131\u015f\u0131k kaynaklar\u0131n\u0131 bar\u0131nd\u0131rarak toplu veya ba\u011f\u0131ms\u0131z olarak kullan\u0131lmalar\u0131na olanak tan\u0131r. Bu k\u00fcrleme platformunun sa\u011flad\u0131\u011f\u0131 \u00e7ok y\u00f6nl\u00fcl\u00fck ve kullan\u0131m kolayl\u0131\u011f\u0131, biyoteknoloji alan\u0131ndaki \u00e7e\u015fitli ara\u015ft\u0131rma ve geli\u015ftirme s\u00fcre\u00e7lerinin genel verimlili\u011fine ve etkinli\u011fine \u00f6nemli \u00f6l\u00e7\u00fcde katk\u0131da bulunur.<\/p>\n<p><strong>Misyon;<\/strong><br \/>\nSa\u011fl\u0131\u011f\u0131n gelece\u011fini daha \u015fekillendirmek isteyenlere yenilik\u00e7i, kolay eri\u015filebilir ve kaliteli biyomalzemeler\/biyoysistemler sunmak.<\/p>\n<p><strong>Vizyon;<\/strong><br \/>\nH\u00fccrelerin ger\u00e7ek ortamlar\u0131n\u0131 sim\u00fcle edebilen ve daha sa\u011fl\u0131kl\u0131 bir gelecek in\u015fa edebilen yenilik\u00e7i biyomalzemeler ve biyosistemler geli\u015ftirmek.<\/p><\/div><\/div><\/div><\/div><\/section><\/div> <!-- .ts-element-heading-wrapper container --> \r\n\t\t<div class=\"ts-vc_btn3-container ts-vc_btn3-left\"><a class=\"ts-vc_general ts-vc_btn3 ts-vc_btn3-size-lg ts-vc_btn3-shape-square ts-vc_btn3-style-3d ts-vc_btn3-weight-no ts-vc_btn3-color-blue\" href=\"https:\/\/www.adbioink.com\/tr\/iletisim\/\" title=\"\">\u0130LET\u0130\u015e\u0130M<\/a><\/div>[\/vc_column][vc_column ts_bgcolor=&#8221;skincolor&#8221; width=&#8221;1\/3&#8243; ts_responsive_css=&#8221;69486073|colbreak_no|||||15||||colbreak_no|||||||||colbreak_no||||||||||colbreak_no|||||||||&#8221;][vc_single_image image=&#8221;30&#8243; img_size=&#8221;full&#8221;][\/vc_column][\/vc_row][vc_row full_width=&#8221;stretch_row&#8221; el_class=&#8221;ts-column-pad-0&#8243; css=&#8221;.vc_custom_1533893514163{padding-top: 0px !important;padding-bottom: 40px !important;}&#8221;][vc_column width=&#8221;1\/2&#8243; css=&#8221;.vc_custom_1535171890113{margin-top: -200px !important;padding-right: 15% !important;}&#8221; ts_responsive_css=&#8221;67218138|colbreak_no|0||||||||colbreak_no|||||||||colbreak_no||||||||||colbreak_no|||||||||&#8221;][\/vc_column][vc_column width=&#8221;1\/2&#8243;]<div class=\"ts-element-heading-wrapper ts-heading-inner ts-element-align-left ts-seperator-none \"><section class=\"ts-vc_cta3-container\"><div class=\"ts-vc_general ts-vc_cta3 ts-cta3-only ts-vc_cta3-style-classic ts-vc_cta3-shape-rounded ts-vc_cta3-align-left ts-vc_cta3-color-transparent ts-vc_cta3-icon-size-md ts-vc_cta3-actions-no ts-cta3-without-desc\"><div class=\"ts-vc_cta3_content-container\"><div class=\"ts-vc_cta3-content\"><div class=\"ts-vc_cta3-content-header ts-wrap\"><div class=\"ts-vc_cta3-headers ts-wrap-cell\"><\/div><\/div><\/div><\/div><\/div><\/section><\/div> <!-- .ts-element-heading-wrapper container --> [\/vc_column][\/vc_row]<\/p>\n","protected":false},"excerpt":{"rendered":"<p>[vc_row full_width=&#8221;stretch_row&#8221; el_class=&#8221;ts-column-pad-0&#8243; css=&#8221;.vc_custom_1535171682818{padding-bottom: 50px !important;}&#8221; ts_responsive_css=&#8221;69022376|colbreak_yes|||||||||colbreak_no|||||||||colbreak_no||||||||||colbreak_no|||||||||&#8221;][vc_column width=&#8221;1\/2&#8243; css=&#8221;.vc_custom_1533536933706{padding-right: 15% !important;}&#8221;][\/vc_column][vc_column ts_bgcolor=&#8221;skincolor&#8221; width=&#8221;1\/3&#8243; ts_responsive_css=&#8221;69486073|colbreak_no|||||15||||colbreak_no|||||||||colbreak_no||||||||||colbreak_no|||||||||&#8221;][vc_single_image image=&#8221;30&#8243; img_size=&#8221;full&#8221;][\/vc_column][\/vc_row][vc_row full_width=&#8221;stretch_row&#8221; el_class=&#8221;ts-column-pad-0&#8243; css=&#8221;.vc_custom_1533893514163{padding-top: 0px !important;padding-bottom: 40px !important;}&#8221;][vc_column width=&#8221;1\/2&#8243; css=&#8221;.vc_custom_1535171890113{margin-top: -200px !important;padding-right: 15% !important;}&#8221; ts_responsive_css=&#8221;67218138|colbreak_no|0||||||||colbreak_no|||||||||colbreak_no||||||||||colbreak_no|||||||||&#8221;][\/vc_column][vc_column width=&#8221;1\/2&#8243;][\/vc_column][\/vc_row]<\/p>\n","protected":false},"author":1,"featured_media":0,"parent":0,"menu_order":6,"comment_status":"closed","ping_status":"closed","template":"","meta":{"_mi_skip_tracking":false,"_monsterinsights_sitenote_active":false,"_monsterinsights_sitenote_note":"","_monsterinsights_sitenote_category":0},"yoast_head":"<!-- This site is optimized with the Yoast SEO plugin v20.9 - https:\/\/yoast.com\/wordpress\/plugins\/seo\/ -->\n<title>Biz Kimiz - Adbioink\/tr<\/title>\n<meta name=\"robots\" content=\"index, follow, max-snippet:-1, max-image-preview:large, max-video-preview:-1\" \/>\n<link rel=\"canonical\" href=\"https:\/\/www.adbioink.com\/tr\/biz-kimiz\/\" \/>\n<meta property=\"og:locale\" content=\"tr_TR\" \/>\n<meta property=\"og:type\" content=\"article\" \/>\n<meta property=\"og:title\" content=\"Biz Kimiz - Adbioink\/tr\" \/>\n<meta property=\"og:description\" content=\"[vc_row full_width=&#8221;stretch_row&#8221; el_class=&#8221;ts-column-pad-0&#8243; css=&#8221;.vc_custom_1535171682818{padding-bottom: 50px !important;}&#8221; ts_responsive_css=&#8221;69022376|colbreak_yes|||||||||colbreak_no|||||||||colbreak_no||||||||||colbreak_no|||||||||&#8221;][vc_column width=&#8221;1\/2&#8243; css=&#8221;.vc_custom_1533536933706{padding-right: 15% !important;}&#8221;][\/vc_column][vc_column ts_bgcolor=&#8221;skincolor&#8221; width=&#8221;1\/3&#8243; ts_responsive_css=&#8221;69486073|colbreak_no|||||15||||colbreak_no|||||||||colbreak_no||||||||||colbreak_no|||||||||&#8221;][vc_single_image image=&#8221;30&#8243; img_size=&#8221;full&#8221;][\/vc_column][\/vc_row][vc_row full_width=&#8221;stretch_row&#8221; el_class=&#8221;ts-column-pad-0&#8243; css=&#8221;.vc_custom_1533893514163{padding-top: 0px !important;padding-bottom: 40px !important;}&#8221;][vc_column width=&#8221;1\/2&#8243; css=&#8221;.vc_custom_1535171890113{margin-top: -200px !important;padding-right: 15% !important;}&#8221; ts_responsive_css=&#8221;67218138|colbreak_no|0||||||||colbreak_no|||||||||colbreak_no||||||||||colbreak_no|||||||||&#8221;][\/vc_column][vc_column width=&#8221;1\/2&#8243;][\/vc_column][\/vc_row]\" \/>\n<meta property=\"og:url\" content=\"https:\/\/www.adbioink.com\/tr\/biz-kimiz\/\" \/>\n<meta property=\"og:site_name\" content=\"Adbioink\/tr\" \/>\n<meta property=\"article:modified_time\" content=\"2023-06-30T14:04:55+00:00\" \/>\n<meta name=\"twitter:card\" content=\"summary_large_image\" \/>\n<meta name=\"twitter:label1\" content=\"Tahmini okuma s\u00fcresi\" \/>\n\t<meta name=\"twitter:data1\" content=\"2 dakika\" \/>\n<script type=\"application\/ld+json\" class=\"yoast-schema-graph\">{\"@context\":\"https:\/\/schema.org\",\"@graph\":[{\"@type\":\"WebPage\",\"@id\":\"https:\/\/www.adbioink.com\/tr\/biz-kimiz\/\",\"url\":\"https:\/\/www.adbioink.com\/tr\/biz-kimiz\/\",\"name\":\"Biz Kimiz - Adbioink\/tr\",\"isPartOf\":{\"@id\":\"https:\/\/www.adbioink.com\/tr\/#website\"},\"datePublished\":\"2018-08-03T08:06:05+00:00\",\"dateModified\":\"2023-06-30T14:04:55+00:00\",\"breadcrumb\":{\"@id\":\"https:\/\/www.adbioink.com\/tr\/biz-kimiz\/#breadcrumb\"},\"inLanguage\":\"tr\",\"potentialAction\":[{\"@type\":\"ReadAction\",\"target\":[\"https:\/\/www.adbioink.com\/tr\/biz-kimiz\/\"]}]},{\"@type\":\"BreadcrumbList\",\"@id\":\"https:\/\/www.adbioink.com\/tr\/biz-kimiz\/#breadcrumb\",\"itemListElement\":[{\"@type\":\"ListItem\",\"position\":1,\"name\":\"Home\",\"item\":\"https:\/\/www.adbioink.com\/tr\/\"},{\"@type\":\"ListItem\",\"position\":2,\"name\":\"Biz Kimiz\"}]},{\"@type\":\"WebSite\",\"@id\":\"https:\/\/www.adbioink.com\/tr\/#website\",\"url\":\"https:\/\/www.adbioink.com\/tr\/\",\"name\":\"Adbioink\/tr\",\"description\":\"\u0130leri Biyom\u00fcrekkep Teknolojileri\",\"potentialAction\":[{\"@type\":\"SearchAction\",\"target\":{\"@type\":\"EntryPoint\",\"urlTemplate\":\"https:\/\/www.adbioink.com\/tr\/?s={search_term_string}\"},\"query-input\":\"required name=search_term_string\"}],\"inLanguage\":\"tr\"}]}<\/script>\n<!-- \/ Yoast SEO plugin. -->","yoast_head_json":{"title":"Biz Kimiz - Adbioink\/tr","robots":{"index":"index","follow":"follow","max-snippet":"max-snippet:-1","max-image-preview":"max-image-preview:large","max-video-preview":"max-video-preview:-1"},"canonical":"https:\/\/www.adbioink.com\/tr\/biz-kimiz\/","og_locale":"tr_TR","og_type":"article","og_title":"Biz Kimiz - Adbioink\/tr","og_description":"[vc_row full_width=&#8221;stretch_row&#8221; el_class=&#8221;ts-column-pad-0&#8243; css=&#8221;.vc_custom_1535171682818{padding-bottom: 50px !important;}&#8221; ts_responsive_css=&#8221;69022376|colbreak_yes|||||||||colbreak_no|||||||||colbreak_no||||||||||colbreak_no|||||||||&#8221;][vc_column width=&#8221;1\/2&#8243; css=&#8221;.vc_custom_1533536933706{padding-right: 15% !important;}&#8221;][\/vc_column][vc_column ts_bgcolor=&#8221;skincolor&#8221; width=&#8221;1\/3&#8243; ts_responsive_css=&#8221;69486073|colbreak_no|||||15||||colbreak_no|||||||||colbreak_no||||||||||colbreak_no|||||||||&#8221;][vc_single_image image=&#8221;30&#8243; img_size=&#8221;full&#8221;][\/vc_column][\/vc_row][vc_row full_width=&#8221;stretch_row&#8221; el_class=&#8221;ts-column-pad-0&#8243; css=&#8221;.vc_custom_1533893514163{padding-top: 0px !important;padding-bottom: 40px !important;}&#8221;][vc_column width=&#8221;1\/2&#8243; css=&#8221;.vc_custom_1535171890113{margin-top: -200px !important;padding-right: 15% !important;}&#8221; ts_responsive_css=&#8221;67218138|colbreak_no|0||||||||colbreak_no|||||||||colbreak_no||||||||||colbreak_no|||||||||&#8221;][\/vc_column][vc_column width=&#8221;1\/2&#8243;][\/vc_column][\/vc_row]","og_url":"https:\/\/www.adbioink.com\/tr\/biz-kimiz\/","og_site_name":"Adbioink\/tr","article_modified_time":"2023-06-30T14:04:55+00:00","twitter_card":"summary_large_image","twitter_misc":{"Tahmini okuma s\u00fcresi":"2 dakika"},"schema":{"@context":"https:\/\/schema.org","@graph":[{"@type":"WebPage","@id":"https:\/\/www.adbioink.com\/tr\/biz-kimiz\/","url":"https:\/\/www.adbioink.com\/tr\/biz-kimiz\/","name":"Biz Kimiz - Adbioink\/tr","isPartOf":{"@id":"https:\/\/www.adbioink.com\/tr\/#website"},"datePublished":"2018-08-03T08:06:05+00:00","dateModified":"2023-06-30T14:04:55+00:00","breadcrumb":{"@id":"https:\/\/www.adbioink.com\/tr\/biz-kimiz\/#breadcrumb"},"inLanguage":"tr","potentialAction":[{"@type":"ReadAction","target":["https:\/\/www.adbioink.com\/tr\/biz-kimiz\/"]}]},{"@type":"BreadcrumbList","@id":"https:\/\/www.adbioink.com\/tr\/biz-kimiz\/#breadcrumb","itemListElement":[{"@type":"ListItem","position":1,"name":"Home","item":"https:\/\/www.adbioink.com\/tr\/"},{"@type":"ListItem","position":2,"name":"Biz Kimiz"}]},{"@type":"WebSite","@id":"https:\/\/www.adbioink.com\/tr\/#website","url":"https:\/\/www.adbioink.com\/tr\/","name":"Adbioink\/tr","description":"\u0130leri Biyom\u00fcrekkep Teknolojileri","potentialAction":[{"@type":"SearchAction","target":{"@type":"EntryPoint","urlTemplate":"https:\/\/www.adbioink.com\/tr\/?s={search_term_string}"},"query-input":"required name=search_term_string"}],"inLanguage":"tr"}]}},"_links":{"self":[{"href":"https:\/\/www.adbioink.com\/tr\/wp-json\/wp\/v2\/pages\/6669"}],"collection":[{"href":"https:\/\/www.adbioink.com\/tr\/wp-json\/wp\/v2\/pages"}],"about":[{"href":"https:\/\/www.adbioink.com\/tr\/wp-json\/wp\/v2\/types\/page"}],"author":[{"embeddable":true,"href":"https:\/\/www.adbioink.com\/tr\/wp-json\/wp\/v2\/users\/1"}],"replies":[{"embeddable":true,"href":"https:\/\/www.adbioink.com\/tr\/wp-json\/wp\/v2\/comments?post=6669"}],"version-history":[{"count":5,"href":"https:\/\/www.adbioink.com\/tr\/wp-json\/wp\/v2\/pages\/6669\/revisions"}],"predecessor-version":[{"id":9897,"href":"https:\/\/www.adbioink.com\/tr\/wp-json\/wp\/v2\/pages\/6669\/revisions\/9897"}],"wp:attachment":[{"href":"https:\/\/www.adbioink.com\/tr\/wp-json\/wp\/v2\/media?parent=6669"}],"curies":[{"name":"wp","href":"https:\/\/api.w.org\/{rel}","templated":true}]}}