{"id":6700,"date":"2018-08-03T08:47:48","date_gmt":"2018-08-03T08:47:48","guid":{"rendered":"http:\/\/labtechco.themestek.com\/?page_id=6700"},"modified":"2023-06-30T22:39:26","modified_gmt":"2023-06-30T21:39:26","slug":"sss","status":"publish","type":"page","link":"https:\/\/www.adbioink.com\/tr\/sss\/","title":{"rendered":"SSS"},"content":{"rendered":"<p>[vc_row][vc_column]<h3 style=\"text-align:left;\" class=\"ts-custom-heading \" >AdbioInk S\u0131k\u00e7a Sorulan Sorular<\/h3>\n[vc_tta_accordion c_icon=&#8221;chevron&#8221; c_position=&#8221;right&#8221; active_section=&#8221;1&#8243;][vc_tta_section title=&#8221;1- Biyom\u00fcrekkep nedir?&#8221; tab_id=&#8221;1525932736882-f6264f15-b5c0&#8243;][vc_column_text]<\/p>\n<p align=\"JUSTIFY\">Biyom\u00fcrekkepler, 3B biyoyaz\u0131c\u0131lar kullan\u0131larak yapay canl\u0131 doku \u00fcretmek i\u00e7in kullan\u0131lan do\u011fal veya sentetik malzemelerdir. Biyoyaz\u0131c\u0131lar\u0131n filamentleridir. Bu malzemeler, canl\u0131 h\u00fccrelerin yap\u0131\u015fmas\u0131n\u0131, \u00e7o\u011falmas\u0131n\u0131 ve farkl\u0131la\u015fmas\u0131n\u0131 desteklemek i\u00e7in h\u00fccre d\u0131\u015f\u0131 matrisi (ECM) taklit eder. Biyom\u00fcrekkepler, h\u00fccrelerin ya\u015famas\u0131, b\u00fcy\u00fcmesi ve i\u015flevsel 3B doku olu\u015fturmas\u0131 i\u00e7in ihtiya\u00e7 duydu\u011fu ortam\u0131 sa\u011flar. Biyouyumlu bile\u015fenleri ve uygun reolojik \u00f6zellikleri nedeniyle se\u00e7ilirler.<\/p>\n<p>[\/vc_column_text][\/vc_tta_section][vc_tta_section title=&#8221;2- Biyom\u00fcrekkepte Olmas\u0131 Gereken \u00d6zellikler Nelerdir??&#8221; tab_id=&#8221;1525932988317-517ad062-c849&#8243;][vc_column_text]<\/p>\n<p align=\"JUSTIFY\">Bir biyom\u00fcrekkep, h\u00fccre-h\u00fccre ve h\u00fccre-biyom\u00fcrekkep etkile\u015fimine uygun olmal\u0131 ve ayr\u0131ca h\u00fccre k\u00fclt\u00fcr\u00fc ortam\u0131ndaki bile\u015fenlerin h\u00fccrelere ula\u015fmas\u0131n\u0131 sa\u011flayarak doku olu\u015fumuna yol a\u00e7mal\u0131d\u0131r. Par\u00e7alanabilir olmal\u0131 ve h\u00fccrelerin farkl\u0131la\u015fmas\u0131na ve \u00e7o\u011falmas\u0131na izin vererek ECM&#8217;nin \u00fcretimi i\u00e7in uygun bir ortam sa\u011flamal\u0131d\u0131rlar. Kullan\u0131lan biyom\u00fcrekkep bile\u015fenleri ve \u00e7apraz ba\u011flama ajanlar\u0131n\u0131n toksik etkileri olmamal\u0131d\u0131r. Ayr\u0131ca biyom\u00fcrekkep, hedeflenen doku yap\u0131s\u0131n\u0131n biyoyaz\u0131c\u0131 ile olu\u015fturulmas\u0131n\u0131 sa\u011flayacak fizikokimyasal \u00f6zelliklere sahip olmal\u0131d\u0131r.<\/p>\n<p>[\/vc_column_text][\/vc_tta_section][vc_tta_section title=&#8221;3- Neden Adbioink&#8217;i Se\u00e7meliyim?&#8221; tab_id=&#8221;1525933131215-fe810ce0-7b7a&#8221;][vc_column_text]<\/p>\n<p align=\"JUSTIFY\">Ara\u015ft\u0131rmac\u0131lar laboratuvarlarda kendi biyom\u00fcrekkeplerini sentezleyebilirler, ancak her \u00e7al\u0131\u015fma i\u00e7in ayn\u0131 \u00f6zelliklere sahip biyom\u00fcrekkepler elde etmek zordur. Optimizasyon i\u00e7in en g\u00fcvenilir se\u00e7enek ticari biyom\u00fcrekkeplerdir. Adbioink, biyobask\u0131 i\u015flemi \u00f6ncesinde, s\u0131ras\u0131nda ve sonras\u0131nda h\u00fccrelerin ya\u015fayabilirli\u011fini garanti eden optimize edilmi\u015f form\u00fclasyonlarla geni\u015f spektrumlu biyom\u00fcrekkepler \u00fcretir. Bu form\u00fclasyonlar ayr\u0131ca bir biyom\u00fcrekkepte olmas\u0131 gereken t\u00fcm \u00f6zellikleri sa\u011flar. Biyom\u00fcrekkep haricinde, kendi biyom\u00fcrekkeplerinizi geli\u015ftirmenize yard\u0131mc\u0131 olacak biyopolimerler ve maliyet etkin biyobas\u0131m \u00e7\u00f6z\u00fcmleri (el tipi biyoyaz\u0131c\u0131) sunmaktad\u0131r.<\/p>\n<p>[\/vc_column_text][\/vc_tta_section][vc_tta_section title=&#8221;4- 3B Biyobask\u0131 Nedir??&#8221; tab_id=&#8221;1525933066792-8a3000ec-c559&#8243;][vc_column_text]<\/p>\n<p align=\"JUSTIFY\">Biyobask\u0131, karma\u015f\u0131k biyolojik yap\u0131lar\u0131n (doku, organlar) 3B bask\u0131 i\u015fleminde canl\u0131 h\u00fccrelerin hassas bir \u015fekilde konumland\u0131r\u0131lmas\u0131yla katman katman olu\u015fturulmas\u0131d\u0131r. Biyolojik yap\u0131lar\u0131n olu\u015fturulmas\u0131nda \u00e7e\u015fitli yakla\u015f\u0131mlar mevcuttur; biyomimikri, kendi kendine montaj ve mini doku yap\u0131 ta\u015flar\u0131 gibi. H\u00fccreler, biyolojik yap\u0131lar olu\u015furken bu s\u00fcre\u00e7te canl\u0131l\u0131klar\u0131n\u0131 s\u00fcrd\u00fcrebilmelidir.<\/p>\n<p align=\"JUSTIFY\">Biyomimikri, h\u00fccrelerin do\u011fas\u0131n\u0131 ve i\u015flevselli\u011fini inceleyerek ger\u00e7ek biyolojik yap\u0131yla ayn\u0131 \u00f6zelliklere sahip biyolojik yap\u0131lar \u00fcretmeyi ama\u00e7lar. Self-assembly, h\u00fccrelerin birbirleri ile etkile\u015fimlerini inceleyerek ger\u00e7ek biyolojik yap\u0131 ile ayn\u0131 yap\u0131sal \u00f6zellikleri, h\u00fccre yerle\u015fimini ve doku i\u015flevselli\u011fini sa\u011flamay\u0131 ama\u00e7lar. Mini doku terimi, yukar\u0131daki iki strateji ile ba\u011flant\u0131l\u0131 olarak k\u00fc\u00e7\u00fck i\u015flevsel yap\u0131 ta\u015flar\u0131n\u0131n birle\u015ftirilmesiyle elde edilen doku veya organlar\u0131 ifade eder.<\/p>\n<p>[\/vc_column_text][\/vc_tta_section][vc_tta_section title=&#8221;5- Biyom\u00fcrekkepler ve 3B Biyobask\u0131 Teknolojisi Nerelerde Kullan\u0131labilir??&#8221; tab_id=&#8221;1525933113360-dae4a488-f0b7&#8243;][vc_column_text]<\/p>\n<p>Biyom\u00fcrekkepler, doku m\u00fchendisli\u011fi ve rejeneratif t\u0131p i\u00e7in en geli\u015fmi\u015f malzemelerden biri olarak kabul edilir. Bunlar, doku benzeri, 3 boyutlu yap\u0131lar olu\u015fturmak i\u00e7in belirli \u015fekillerde bas\u0131lan h\u00fccreler ve farkl\u0131 biyouyumlu materyallerin birle\u015ftirilmesiyle olu\u015fturulur. Endotelyal h\u00fccre morfogenezi, kemik farkl\u0131la\u015fmas\u0131, enjekte edilebilir doku yap\u0131lar\u0131, epidermal doku, kardiyomiyositler ve k\u0131k\u0131rdak rejenerasyonunda baz\u0131 biyom\u00fcrekkep t\u00fcrleri kullan\u0131lm\u0131\u015ft\u0131r. Ayr\u0131ca ila\u00e7 verme uygulamalar\u0131 i\u00e7in mikrok\u00fcrelerde ve hidrojellerde kullan\u0131lm\u0131\u015ft\u0131r. \u0130nsan v\u00fccudunu canl\u0131 h\u00fccrelerle sim\u00fcle eden 3 boyutlu yap\u0131lar \u00fczerinde \u00e7al\u0131\u015fmak istiyorsan\u0131z bioinks sat\u0131n alarak \u00e7al\u0131\u015fmalar\u0131n\u0131za ilk ad\u0131m\u0131 atabilirsiniz.<\/p>\n<p>G\u00fcn\u00fcm\u00fczde biyom\u00fcrekkepler, \u00f6zellikle yapay organ ve doku \u00e7al\u0131\u015fmalar\u0131nda, t\u0131p ve kozmetikte klinik testlerde \u00f6nc\u00fc rol oynamaktad\u0131r. Gelecekte organ naklinde don\u00f6r ihtiyac\u0131 azalacakt\u0131r \u00e7\u00fcnk\u00fc hastan\u0131n kendi h\u00fccrelerinin k\u00fclt\u00fcrlenmesinden elde edilen biyom\u00fcrekkeplerin 3B biyobas\u0131m ile olu\u015fturulan yapay organ ve dokular nakil i\u00e7in kullan\u0131lacakt\u0131r. Ayr\u0131ca biyobas\u0131m teknolojisi ile \u00fcretilen dokular \u00fczerinde testler uygulamaya ba\u015flayan kozmetik firmalar\u0131 da bulunmaktad\u0131r. Ayr\u0131ca yak\u0131n gelecekte biyobas\u0131m teknolojisinin kullan\u0131m\u0131n\u0131n artmas\u0131, test ama\u00e7l\u0131 kullan\u0131lan laboratuvar hayvanlar\u0131n\u0131n say\u0131s\u0131n\u0131 azaltabilir.<\/p>\n<p>[\/vc_column_text][\/vc_tta_section][vc_tta_section title=&#8221;6- Biyom\u00fcrekkeplerimiz Hangi Tip 3B Biyoyaz\u0131c\u0131larda Kullan\u0131labilir??&#8221; tab_id=&#8221;1525932736895-4c35a99e-1554&#8243;][vc_column_text]<\/p>\n<p align=\"JUSTIFY\">3B biyoyaz\u0131c\u0131lar, yaz\u0131c\u0131 m\u00fcrekkebi olarak h\u00fccreleri, biyoaktif molek\u00fclleri veya biyomateryalleri kullanan bir yaz\u0131c\u0131 t\u00fcr\u00fcd\u00fcr. Yapay organ ve doku \u00fcretimi alanlar\u0131nda kullan\u0131lmakta ve multidisipliner \u00e7al\u0131\u015fma gerektirmektedir. Bir\u00e7ok 3B biyoyaz\u0131c\u0131 t\u00fcr\u00fc vard\u0131r. Inkjet tabanl\u0131, ekstr\u00fczyon tabanl\u0131, lazer tabanl\u0131 ve stereolitografi en \u00e7ok tercih edilen biyobask\u0131 y\u00f6ntemleridir. \u00dcretti\u011fimiz biyom\u00fcrekkepler, h\u00fccre basabilen her t\u00fcr biyoyaz\u0131c\u0131da rahatl\u0131kla kullan\u0131labilir. Ayr\u0131ca; D\u00fcnya&#8217;da ilk kez ticari olarak sat\u0131\u015fa sunulan el tipi biyoyaz\u0131 \u00fcr\u00fcn\u00fcm\u00fcz\u00fc kullanarak biyobas\u0131m \u00e7al\u0131\u015fmalar\u0131 yapabilirsiniz.<\/p>\n<p>[\/vc_column_text][\/vc_tta_section][\/vc_tta_accordion][\/vc_column][\/vc_row][vc_row][vc_column ts_bgimage_position=&#8221;center_top&#8221;][vc_btn title=&#8221;Ba\u015fka sorular\u0131n\u0131z varsa l\u00fctfen bizimle ileti\u015fime ge\u00e7mekten \u00e7ekinmeyin&#8221; color=&#8221;blue&#8221;]\n<div class=\"wpcf7 no-js\" id=\"wpcf7-f7391-o1\" lang=\"en-US\" dir=\"ltr\">\n<div class=\"screen-reader-response\"><p role=\"status\" aria-live=\"polite\" aria-atomic=\"true\"><\/p> <ul><\/ul><\/div>\n<form action=\"\/tr\/wp-json\/wp\/v2\/pages\/6700#wpcf7-f7391-o1\" method=\"post\" class=\"wpcf7-form init\" aria-label=\"Contact form\" novalidate=\"novalidate\" data-status=\"init\">\n<div style=\"display: none;\">\n<input type=\"hidden\" name=\"_wpcf7\" value=\"7391\" \/>\n<input type=\"hidden\" name=\"_wpcf7_version\" value=\"5.7.7\" \/>\n<input type=\"hidden\" name=\"_wpcf7_locale\" value=\"en_US\" \/>\n<input type=\"hidden\" name=\"_wpcf7_unit_tag\" value=\"wpcf7-f7391-o1\" \/>\n<input type=\"hidden\" name=\"_wpcf7_container_post\" value=\"0\" \/>\n<input type=\"hidden\" name=\"_wpcf7_posted_data_hash\" value=\"\" \/>\n<\/div>\n<div class=\"main-form\">\n\t<div class=\"row\">\n\t\t<div class=\"col-sm-6\">\n\t\t\t<div class=\"input-group\">\n\t\t\t\t<p><span class=\"wpcf7-form-control-wrap\" data-name=\"your-name\"><input size=\"40\" class=\"wpcf7-form-control wpcf7-text\" aria-invalid=\"false\" placeholder=\"Your Name\" value=\"\" type=\"text\" name=\"your-name\" \/><\/span>\n\t\t\t\t<\/p>\n\t\t\t<\/div>\n\t\t<\/div>\n\t\t<div class=\"col-sm-6\">\n\t\t\t<div class=\"input-group\">\n\t\t\t\t<p><span class=\"wpcf7-form-control-wrap\" data-name=\"your-email\"><input size=\"40\" class=\"wpcf7-form-control wpcf7-text wpcf7-email wpcf7-validates-as-required wpcf7-validates-as-email\" aria-required=\"true\" aria-invalid=\"false\" placeholder=\"Your Email\" value=\"\" type=\"email\" name=\"your-email\" \/><\/span>\n\t\t\t\t<\/p>\n\t\t\t<\/div>\n\t\t<\/div>\n\t\t<div class=\"col-sm-6\">\n\t\t\t<div class=\"input-group\">\n\t\t\t\t<p><span class=\"wpcf7-form-control-wrap\" data-name=\"your-phone\"><input size=\"40\" class=\"wpcf7-form-control wpcf7-text\" aria-invalid=\"false\" placeholder=\"Your Phone\" value=\"\" type=\"text\" name=\"your-phone\" \/><\/span>\n\t\t\t\t<\/p>\n\t\t\t<\/div>\n\t\t<\/div>\n\t\t<div class=\"col-sm-6\">\n\t\t\t<div class=\"input-group\">\n\t\t\t\t<p><span class=\"wpcf7-form-control-wrap\" data-name=\"subject\"><input size=\"40\" class=\"wpcf7-form-control wpcf7-text\" aria-invalid=\"false\" placeholder=\"Subject\" value=\"\" type=\"text\" name=\"subject\" \/><\/span>\n\t\t\t\t<\/p>\n\t\t\t<\/div>\n\t\t<\/div>\n\t\t<div class=\"col-sm-12\">\n\t\t\t<div class=\"input-group input-button\">\n\t\t\t\t<p><span class=\"wpcf7-form-control-wrap\" data-name=\"message\"><textarea cols=\"40\" rows=\"5\" class=\"wpcf7-form-control wpcf7-textarea\" aria-invalid=\"false\" placeholder=\"Message\" name=\"message\"><\/textarea><\/span>\n\t\t\t\t<\/p>\n\t\t\t<\/div>\n\t\t<\/div>\n\t\t<div class=\"col-sm-12\">\n\t\t\t<div class=\"input-group input-button\">\n\t\t\t\t<p><input class=\"wpcf7-form-control has-spinner wpcf7-submit\" type=\"submit\" value=\"SEND MESSAGE\" \/>\n\t\t\t\t<\/p>\n\t\t\t<\/div>\n\t\t<\/div>\n\t<\/div>\n<\/div><div class=\"wpcf7-response-output\" aria-hidden=\"true\"><\/div>\n<\/form>\n<\/div>\n[\/vc_column][\/vc_row]<\/p>\n","protected":false},"excerpt":{"rendered":"<p>[vc_row][vc_column][vc_tta_accordion c_icon=&#8221;chevron&#8221; c_position=&#8221;right&#8221; active_section=&#8221;1&#8243;][vc_tta_section title=&#8221;1- Biyom\u00fcrekkep nedir?&#8221; tab_id=&#8221;1525932736882-f6264f15-b5c0&#8243;][vc_column_text] Biyom\u00fcrekkepler, 3B biyoyaz\u0131c\u0131lar kullan\u0131larak yapay canl\u0131 doku \u00fcretmek i\u00e7in kullan\u0131lan do\u011fal veya sentetik malzemelerdir. Biyoyaz\u0131c\u0131lar\u0131n filamentleridir. Bu malzemeler, canl\u0131 h\u00fccrelerin yap\u0131\u015fmas\u0131n\u0131, \u00e7o\u011falmas\u0131n\u0131 ve farkl\u0131la\u015fmas\u0131n\u0131 desteklemek i\u00e7in h\u00fccre d\u0131\u015f\u0131 matrisi (ECM) taklit eder. Biyom\u00fcrekkepler, h\u00fccrelerin ya\u015famas\u0131, b\u00fcy\u00fcmesi ve i\u015flevsel 3B doku olu\u015fturmas\u0131 i\u00e7in ihtiya\u00e7 duydu\u011fu ortam\u0131 sa\u011flar. Biyouyumlu &hellip; <a href=\"https:\/\/www.adbioink.com\/tr\/sss\/\" class=\"more-link\">Continue reading <span class=\"screen-reader-text\">SSS<\/span><\/a><\/p>\n","protected":false},"author":1,"featured_media":0,"parent":0,"menu_order":9,"comment_status":"closed","ping_status":"closed","template":"","meta":{"_mi_skip_tracking":false,"_monsterinsights_sitenote_active":false,"_monsterinsights_sitenote_note":"","_monsterinsights_sitenote_category":0},"yoast_head":"<!-- This site is optimized with the Yoast SEO plugin v20.9 - https:\/\/yoast.com\/wordpress\/plugins\/seo\/ -->\n<title>SSS - Adbioink\/tr<\/title>\n<meta name=\"robots\" content=\"index, follow, max-snippet:-1, max-image-preview:large, max-video-preview:-1\" \/>\n<link rel=\"canonical\" href=\"https:\/\/www.adbioink.com\/tr\/sss\/\" \/>\n<meta property=\"og:locale\" content=\"tr_TR\" \/>\n<meta property=\"og:type\" content=\"article\" \/>\n<meta property=\"og:title\" content=\"SSS - Adbioink\/tr\" \/>\n<meta property=\"og:description\" content=\"[vc_row][vc_column][vc_tta_accordion c_icon=&#8221;chevron&#8221; c_position=&#8221;right&#8221; active_section=&#8221;1&#8243;][vc_tta_section title=&#8221;1- Biyom\u00fcrekkep nedir?&#8221; tab_id=&#8221;1525932736882-f6264f15-b5c0&#8243;][vc_column_text] Biyom\u00fcrekkepler, 3B biyoyaz\u0131c\u0131lar kullan\u0131larak yapay canl\u0131 doku \u00fcretmek i\u00e7in kullan\u0131lan do\u011fal veya sentetik malzemelerdir. Biyoyaz\u0131c\u0131lar\u0131n filamentleridir. Bu malzemeler, canl\u0131 h\u00fccrelerin yap\u0131\u015fmas\u0131n\u0131, \u00e7o\u011falmas\u0131n\u0131 ve farkl\u0131la\u015fmas\u0131n\u0131 desteklemek i\u00e7in h\u00fccre d\u0131\u015f\u0131 matrisi (ECM) taklit eder. Biyom\u00fcrekkepler, h\u00fccrelerin ya\u015famas\u0131, b\u00fcy\u00fcmesi ve i\u015flevsel 3B doku olu\u015fturmas\u0131 i\u00e7in ihtiya\u00e7 duydu\u011fu ortam\u0131 sa\u011flar. Biyouyumlu &hellip; Continue reading SSS\" \/>\n<meta property=\"og:url\" content=\"https:\/\/www.adbioink.com\/tr\/sss\/\" \/>\n<meta property=\"og:site_name\" content=\"Adbioink\/tr\" \/>\n<meta property=\"article:modified_time\" content=\"2023-06-30T21:39:26+00:00\" \/>\n<meta name=\"twitter:card\" content=\"summary_large_image\" \/>\n<meta name=\"twitter:label1\" content=\"Tahmini okuma s\u00fcresi\" \/>\n\t<meta name=\"twitter:data1\" content=\"4 dakika\" \/>\n<script type=\"application\/ld+json\" class=\"yoast-schema-graph\">{\"@context\":\"https:\/\/schema.org\",\"@graph\":[{\"@type\":\"WebPage\",\"@id\":\"https:\/\/www.adbioink.com\/tr\/sss\/\",\"url\":\"https:\/\/www.adbioink.com\/tr\/sss\/\",\"name\":\"SSS - Adbioink\/tr\",\"isPartOf\":{\"@id\":\"https:\/\/www.adbioink.com\/tr\/#website\"},\"datePublished\":\"2018-08-03T08:47:48+00:00\",\"dateModified\":\"2023-06-30T21:39:26+00:00\",\"breadcrumb\":{\"@id\":\"https:\/\/www.adbioink.com\/tr\/sss\/#breadcrumb\"},\"inLanguage\":\"tr\",\"potentialAction\":[{\"@type\":\"ReadAction\",\"target\":[\"https:\/\/www.adbioink.com\/tr\/sss\/\"]}]},{\"@type\":\"BreadcrumbList\",\"@id\":\"https:\/\/www.adbioink.com\/tr\/sss\/#breadcrumb\",\"itemListElement\":[{\"@type\":\"ListItem\",\"position\":1,\"name\":\"Home\",\"item\":\"https:\/\/www.adbioink.com\/tr\/\"},{\"@type\":\"ListItem\",\"position\":2,\"name\":\"SSS\"}]},{\"@type\":\"WebSite\",\"@id\":\"https:\/\/www.adbioink.com\/tr\/#website\",\"url\":\"https:\/\/www.adbioink.com\/tr\/\",\"name\":\"Adbioink\/tr\",\"description\":\"\u0130leri Biyom\u00fcrekkep Teknolojileri\",\"potentialAction\":[{\"@type\":\"SearchAction\",\"target\":{\"@type\":\"EntryPoint\",\"urlTemplate\":\"https:\/\/www.adbioink.com\/tr\/?s={search_term_string}\"},\"query-input\":\"required name=search_term_string\"}],\"inLanguage\":\"tr\"}]}<\/script>\n<!-- \/ Yoast SEO plugin. -->","yoast_head_json":{"title":"SSS - Adbioink\/tr","robots":{"index":"index","follow":"follow","max-snippet":"max-snippet:-1","max-image-preview":"max-image-preview:large","max-video-preview":"max-video-preview:-1"},"canonical":"https:\/\/www.adbioink.com\/tr\/sss\/","og_locale":"tr_TR","og_type":"article","og_title":"SSS - Adbioink\/tr","og_description":"[vc_row][vc_column][vc_tta_accordion c_icon=&#8221;chevron&#8221; c_position=&#8221;right&#8221; active_section=&#8221;1&#8243;][vc_tta_section title=&#8221;1- Biyom\u00fcrekkep nedir?&#8221; tab_id=&#8221;1525932736882-f6264f15-b5c0&#8243;][vc_column_text] Biyom\u00fcrekkepler, 3B biyoyaz\u0131c\u0131lar kullan\u0131larak yapay canl\u0131 doku \u00fcretmek i\u00e7in kullan\u0131lan do\u011fal veya sentetik malzemelerdir. Biyoyaz\u0131c\u0131lar\u0131n filamentleridir. Bu malzemeler, canl\u0131 h\u00fccrelerin yap\u0131\u015fmas\u0131n\u0131, \u00e7o\u011falmas\u0131n\u0131 ve farkl\u0131la\u015fmas\u0131n\u0131 desteklemek i\u00e7in h\u00fccre d\u0131\u015f\u0131 matrisi (ECM) taklit eder. Biyom\u00fcrekkepler, h\u00fccrelerin ya\u015famas\u0131, b\u00fcy\u00fcmesi ve i\u015flevsel 3B doku olu\u015fturmas\u0131 i\u00e7in ihtiya\u00e7 duydu\u011fu ortam\u0131 sa\u011flar. Biyouyumlu &hellip; Continue reading SSS","og_url":"https:\/\/www.adbioink.com\/tr\/sss\/","og_site_name":"Adbioink\/tr","article_modified_time":"2023-06-30T21:39:26+00:00","twitter_card":"summary_large_image","twitter_misc":{"Tahmini okuma s\u00fcresi":"4 dakika"},"schema":{"@context":"https:\/\/schema.org","@graph":[{"@type":"WebPage","@id":"https:\/\/www.adbioink.com\/tr\/sss\/","url":"https:\/\/www.adbioink.com\/tr\/sss\/","name":"SSS - Adbioink\/tr","isPartOf":{"@id":"https:\/\/www.adbioink.com\/tr\/#website"},"datePublished":"2018-08-03T08:47:48+00:00","dateModified":"2023-06-30T21:39:26+00:00","breadcrumb":{"@id":"https:\/\/www.adbioink.com\/tr\/sss\/#breadcrumb"},"inLanguage":"tr","potentialAction":[{"@type":"ReadAction","target":["https:\/\/www.adbioink.com\/tr\/sss\/"]}]},{"@type":"BreadcrumbList","@id":"https:\/\/www.adbioink.com\/tr\/sss\/#breadcrumb","itemListElement":[{"@type":"ListItem","position":1,"name":"Home","item":"https:\/\/www.adbioink.com\/tr\/"},{"@type":"ListItem","position":2,"name":"SSS"}]},{"@type":"WebSite","@id":"https:\/\/www.adbioink.com\/tr\/#website","url":"https:\/\/www.adbioink.com\/tr\/","name":"Adbioink\/tr","description":"\u0130leri Biyom\u00fcrekkep Teknolojileri","potentialAction":[{"@type":"SearchAction","target":{"@type":"EntryPoint","urlTemplate":"https:\/\/www.adbioink.com\/tr\/?s={search_term_string}"},"query-input":"required name=search_term_string"}],"inLanguage":"tr"}]}},"_links":{"self":[{"href":"https:\/\/www.adbioink.com\/tr\/wp-json\/wp\/v2\/pages\/6700"}],"collection":[{"href":"https:\/\/www.adbioink.com\/tr\/wp-json\/wp\/v2\/pages"}],"about":[{"href":"https:\/\/www.adbioink.com\/tr\/wp-json\/wp\/v2\/types\/page"}],"author":[{"embeddable":true,"href":"https:\/\/www.adbioink.com\/tr\/wp-json\/wp\/v2\/users\/1"}],"replies":[{"embeddable":true,"href":"https:\/\/www.adbioink.com\/tr\/wp-json\/wp\/v2\/comments?post=6700"}],"version-history":[{"count":4,"href":"https:\/\/www.adbioink.com\/tr\/wp-json\/wp\/v2\/pages\/6700\/revisions"}],"predecessor-version":[{"id":9903,"href":"https:\/\/www.adbioink.com\/tr\/wp-json\/wp\/v2\/pages\/6700\/revisions\/9903"}],"wp:attachment":[{"href":"https:\/\/www.adbioink.com\/tr\/wp-json\/wp\/v2\/media?parent=6700"}],"curies":[{"name":"wp","href":"https:\/\/api.w.org\/{rel}","templated":true}]}}