{"id":7670,"date":"2021-01-30T09:59:10","date_gmt":"2021-01-30T09:59:10","guid":{"rendered":"https:\/\/www.adbioink.com\/?page_id=7670"},"modified":"2021-01-30T09:59:10","modified_gmt":"2021-01-30T09:59:10","slug":"delivery-and-return-policy","status":"publish","type":"page","link":"https:\/\/www.adbioink.com\/tr\/delivery-and-return-policy\/","title":{"rendered":"Delivery and Return Policy"},"content":{"rendered":"\n<p><strong>Shipping Fee<\/strong><\/p>\n\n\n\n<p>After arriving to delivery address section on your checkout, by selecting your country, the shipping fee for the specified country will be automatically added to the total value of your order.<\/p>\n\n\n\n<p>Please check your delivery address before you conclude your order !<\/p>\n\n\n\n<p><strong>Delivery<\/strong><\/p>\n\n\n\n<p>Your orders will be shipped within a maximum of 2 weeks. If the product you ordered is in our stock, the shipping time is 3 working days.<\/p>\n\n\n\n<p><strong>Return Policy<\/strong><\/p>\n\n\n\n<p>15 Days Return Right: The products that are meeting the return policy, should be sent to us together with their invoice in 15 days after you have received the goods.<\/p>\n\n\n\n<p>Return Policy: The products should be unused, keeping its sellable identity. Tags, and logos should be undamaged. After we receive the products, our staff will control if they meet the policy.<\/p>\n\n\n\n<p>Shipping of Returns : Shipping of the returns will be paid by the client. As soon as we receive the goods, our staff will control the goods and we will contact the client about the process. If the products meet the return policy requirements, refund will immediately be given to the bank. After this point, you can pursue the process with your bank.<\/p>\n\n\n\n<p><strong>Return Address:<\/strong><\/p>\n\n\n\n<p>T\u00dcB\u0130TAK MARTEK Kulu\u00e7ka Merkezi No:30 Gebze\/Kocaeli\/Turkey<\/p>\n\n\n\n<p>For support, you can contact <a href=\"mailto:return@adbioink.com\">return@adbioink.com<\/a><\/p>\n\n\n\n<p>Adbioink Customer Service<\/p>\n","protected":false},"excerpt":{"rendered":"<p>Shipping Fee After arriving to delivery address section on your checkout, by selecting your country, the shipping fee for the specified country will be automatically added to the total value of your order. Please check your delivery address before you conclude your order ! Delivery Your orders will be shipped within a maximum of 2 &hellip; <a href=\"https:\/\/www.adbioink.com\/tr\/delivery-and-return-policy\/\" class=\"more-link\">Continue reading <span class=\"screen-reader-text\">Delivery and Return Policy<\/span><\/a><\/p>\n","protected":false},"author":1,"featured_media":0,"parent":0,"menu_order":0,"comment_status":"closed","ping_status":"closed","template":"","meta":{"_mi_skip_tracking":false,"_monsterinsights_sitenote_active":false,"_monsterinsights_sitenote_note":"","_monsterinsights_sitenote_category":0},"yoast_head":"<!-- This site is optimized with the Yoast SEO plugin v20.9 - https:\/\/yoast.com\/wordpress\/plugins\/seo\/ -->\n<title>Delivery and Return Policy - Adbioink\/tr<\/title>\n<meta name=\"robots\" content=\"index, follow, max-snippet:-1, max-image-preview:large, max-video-preview:-1\" \/>\n<link rel=\"canonical\" href=\"https:\/\/www.adbioink.com\/tr\/delivery-and-return-policy\/\" \/>\n<meta property=\"og:locale\" content=\"tr_TR\" \/>\n<meta property=\"og:type\" content=\"article\" \/>\n<meta property=\"og:title\" content=\"Delivery and Return Policy - Adbioink\/tr\" \/>\n<meta property=\"og:description\" content=\"Shipping Fee After arriving to delivery address section on your checkout, by selecting your country, the shipping fee for the specified country will be automatically added to the total value of your order. Please check your delivery address before you conclude your order ! Delivery Your orders will be shipped within a maximum of 2 &hellip; Continue reading Delivery and Return Policy\" \/>\n<meta property=\"og:url\" content=\"https:\/\/www.adbioink.com\/tr\/delivery-and-return-policy\/\" \/>\n<meta property=\"og:site_name\" content=\"Adbioink\/tr\" \/>\n<meta name=\"twitter:card\" content=\"summary_large_image\" \/>\n<meta name=\"twitter:label1\" content=\"Tahmini okuma s\u00fcresi\" \/>\n\t<meta name=\"twitter:data1\" content=\"1 dakika\" \/>\n<script type=\"application\/ld+json\" class=\"yoast-schema-graph\">{\"@context\":\"https:\/\/schema.org\",\"@graph\":[{\"@type\":\"WebPage\",\"@id\":\"https:\/\/www.adbioink.com\/tr\/delivery-and-return-policy\/\",\"url\":\"https:\/\/www.adbioink.com\/tr\/delivery-and-return-policy\/\",\"name\":\"Delivery and Return Policy - Adbioink\/tr\",\"isPartOf\":{\"@id\":\"https:\/\/www.adbioink.com\/tr\/#website\"},\"datePublished\":\"2021-01-30T09:59:10+00:00\",\"dateModified\":\"2021-01-30T09:59:10+00:00\",\"breadcrumb\":{\"@id\":\"https:\/\/www.adbioink.com\/tr\/delivery-and-return-policy\/#breadcrumb\"},\"inLanguage\":\"tr\",\"potentialAction\":[{\"@type\":\"ReadAction\",\"target\":[\"https:\/\/www.adbioink.com\/tr\/delivery-and-return-policy\/\"]}]},{\"@type\":\"BreadcrumbList\",\"@id\":\"https:\/\/www.adbioink.com\/tr\/delivery-and-return-policy\/#breadcrumb\",\"itemListElement\":[{\"@type\":\"ListItem\",\"position\":1,\"name\":\"Home\",\"item\":\"https:\/\/www.adbioink.com\/tr\/\"},{\"@type\":\"ListItem\",\"position\":2,\"name\":\"Delivery and Return Policy\"}]},{\"@type\":\"WebSite\",\"@id\":\"https:\/\/www.adbioink.com\/tr\/#website\",\"url\":\"https:\/\/www.adbioink.com\/tr\/\",\"name\":\"Adbioink\/tr\",\"description\":\"\u0130leri Biyom\u00fcrekkep Teknolojileri\",\"potentialAction\":[{\"@type\":\"SearchAction\",\"target\":{\"@type\":\"EntryPoint\",\"urlTemplate\":\"https:\/\/www.adbioink.com\/tr\/?s={search_term_string}\"},\"query-input\":\"required name=search_term_string\"}],\"inLanguage\":\"tr\"}]}<\/script>\n<!-- \/ Yoast SEO plugin. -->","yoast_head_json":{"title":"Delivery and Return Policy - Adbioink\/tr","robots":{"index":"index","follow":"follow","max-snippet":"max-snippet:-1","max-image-preview":"max-image-preview:large","max-video-preview":"max-video-preview:-1"},"canonical":"https:\/\/www.adbioink.com\/tr\/delivery-and-return-policy\/","og_locale":"tr_TR","og_type":"article","og_title":"Delivery and Return Policy - Adbioink\/tr","og_description":"Shipping Fee After arriving to delivery address section on your checkout, by selecting your country, the shipping fee for the specified country will be automatically added to the total value of your order. Please check your delivery address before you conclude your order ! Delivery Your orders will be shipped within a maximum of 2 &hellip; Continue reading Delivery and Return Policy","og_url":"https:\/\/www.adbioink.com\/tr\/delivery-and-return-policy\/","og_site_name":"Adbioink\/tr","twitter_card":"summary_large_image","twitter_misc":{"Tahmini okuma s\u00fcresi":"1 dakika"},"schema":{"@context":"https:\/\/schema.org","@graph":[{"@type":"WebPage","@id":"https:\/\/www.adbioink.com\/tr\/delivery-and-return-policy\/","url":"https:\/\/www.adbioink.com\/tr\/delivery-and-return-policy\/","name":"Delivery and Return Policy - Adbioink\/tr","isPartOf":{"@id":"https:\/\/www.adbioink.com\/tr\/#website"},"datePublished":"2021-01-30T09:59:10+00:00","dateModified":"2021-01-30T09:59:10+00:00","breadcrumb":{"@id":"https:\/\/www.adbioink.com\/tr\/delivery-and-return-policy\/#breadcrumb"},"inLanguage":"tr","potentialAction":[{"@type":"ReadAction","target":["https:\/\/www.adbioink.com\/tr\/delivery-and-return-policy\/"]}]},{"@type":"BreadcrumbList","@id":"https:\/\/www.adbioink.com\/tr\/delivery-and-return-policy\/#breadcrumb","itemListElement":[{"@type":"ListItem","position":1,"name":"Home","item":"https:\/\/www.adbioink.com\/tr\/"},{"@type":"ListItem","position":2,"name":"Delivery and Return Policy"}]},{"@type":"WebSite","@id":"https:\/\/www.adbioink.com\/tr\/#website","url":"https:\/\/www.adbioink.com\/tr\/","name":"Adbioink\/tr","description":"\u0130leri Biyom\u00fcrekkep Teknolojileri","potentialAction":[{"@type":"SearchAction","target":{"@type":"EntryPoint","urlTemplate":"https:\/\/www.adbioink.com\/tr\/?s={search_term_string}"},"query-input":"required name=search_term_string"}],"inLanguage":"tr"}]}},"_links":{"self":[{"href":"https:\/\/www.adbioink.com\/tr\/wp-json\/wp\/v2\/pages\/7670"}],"collection":[{"href":"https:\/\/www.adbioink.com\/tr\/wp-json\/wp\/v2\/pages"}],"about":[{"href":"https:\/\/www.adbioink.com\/tr\/wp-json\/wp\/v2\/types\/page"}],"author":[{"embeddable":true,"href":"https:\/\/www.adbioink.com\/tr\/wp-json\/wp\/v2\/users\/1"}],"replies":[{"embeddable":true,"href":"https:\/\/www.adbioink.com\/tr\/wp-json\/wp\/v2\/comments?post=7670"}],"version-history":[{"count":0,"href":"https:\/\/www.adbioink.com\/tr\/wp-json\/wp\/v2\/pages\/7670\/revisions"}],"wp:attachment":[{"href":"https:\/\/www.adbioink.com\/tr\/wp-json\/wp\/v2\/media?parent=7670"}],"curies":[{"name":"wp","href":"https:\/\/api.w.org\/{rel}","templated":true}]}}