{"id":17,"date":"2023-06-26T10:13:26","date_gmt":"2023-06-26T09:13:26","guid":{"rendered":"https:\/\/www.adbioink.com\/tr\/?post_type=product&#038;p=17"},"modified":"2025-05-12T19:35:18","modified_gmt":"2025-05-12T18:35:18","slug":"uv-vis-kurleme-platformu","status":"publish","type":"product","link":"https:\/\/www.adbioink.com\/tr\/product\/uv-vis-kurleme-platformu\/","title":{"rendered":"UV\/Vis K\u00fcrleme Platformu"},"content":{"rendered":"<h3><strong>Technical Properties of Uv\/Vis Curing Platform<\/strong><\/h3>\n<p>&nbsp;<\/p>\n<div class=\"fusion-content-boxes content-boxes columns row fusion-columns-1 fusion-columns-total-7 fusion-content-boxes-1 content-boxes-icon-on-top content-left\" data-animationoffset=\"top-into-view\">\n<div class=\"fusion-column content-box-column content-box-column content-box-column-7 col-lg-12 col-md-12 col-sm-12 fusion-content-box-hover content-box-column-last content-box-column-last-in-row\">\n<div class=\"col content-box-wrapper content-wrapper link-area-link-icon content-icon-wrapper-yes icon-wrapper-hover-animation-pulsate fusion-animated link-area-link-icon-hover\" data-animationtype=\"fadeInRight\" data-animationduration=\"0.8\" data-animationoffset=\"top-into-view\">\n<div class=\"heading icon-left\">\n<table style=\"height: 304px;\" width=\"746\">\n<tbody>\n<tr>\n<td width=\"320\"><strong>Foto K\u00fcrleme Kayna\u011f\u0131<\/strong><\/td>\n<td width=\"320\">Uv I\u015f\u0131k LED&#8217;i (365nm)<\/p>\n<p>G\u00f6r\u00fcn\u00fcr I\u015f\u0131k LED&#8217;leri (405nm, 440nm)<\/td>\n<\/tr>\n<tr>\n<td width=\"320\"><\/td>\n<td width=\"320\"><\/td>\n<\/tr>\n<tr>\n<td width=\"320\"><\/td>\n<td width=\"320\"><\/td>\n<\/tr>\n<tr>\n<td width=\"320\"><\/td>\n<td width=\"320\"><\/td>\n<\/tr>\n<\/tbody>\n<\/table>\n<\/div>\n<\/div>\n<\/div>\n<div class=\"fusion-clearfix\">\n<div class=\"fusion-content-boxes content-boxes columns row fusion-columns-1 fusion-columns-total-7 fusion-content-boxes-1 content-boxes-icon-on-top content-left\" data-animationoffset=\"top-into-view\">\n<div class=\"fusion-column content-box-column content-box-column content-box-column-7 col-lg-12 col-md-12 col-sm-12 fusion-content-box-hover content-box-column-last content-box-column-last-in-row\">\n<div class=\"col content-box-wrapper content-wrapper link-area-link-icon content-icon-wrapper-yes icon-wrapper-hover-animation-pulsate fusion-animated link-area-link-icon-hover\" data-animationtype=\"fadeInRight\" data-animationduration=\"0.8\" data-animationoffset=\"top-into-view\">\n<div class=\"heading icon-left\"><\/div>\n<\/div>\n<\/div>\n<\/div>\n<\/div>\n<\/div>\n","protected":false},"excerpt":{"rendered":"<p>H\u00fccre d\u0131\u015f\u0131 matrisler (ECM), h\u00fccrelerin d\u0131\u015f\u0131nda yer alan, birbirine yap\u0131\u015fmas\u0131 gereken h\u00fccrelerin ba\u011flant\u0131lar\u0131n\u0131 sa\u011flayan, h\u00fccre hareketlerini y\u00f6nlendiren, h\u00fccrelerin b\u00fcy\u00fcmesine, geli\u015fmesine ve metabolizmas\u0131na katk\u0131da bulunan makromolek\u00fcler maddelerdir. ECM&#8217;den t\u00fcretilen makromolek\u00fcller, orijinal dokulardaki kay\u0131plar\u0131n neden oldu\u011fu bo\u015fluklar\u0131 doldurur. Dokulara \u015feklini veren ve i\u015flevsel uyumunu sa\u011flayan temel unsurlar\u0131 olu\u015fturur.<\/p>\n<p>Doku m\u00fchendisli\u011fi kimyasal modifikasyon y\u00f6ntemlerini kullanarak, do\u011fal mikro ortamlar\u0131 yak\u0131ndan taklit eden h\u00fccre k\u00fclt\u00fcr\u00fc modelleri olu\u015fturulur. AdBioInk Crosslinker, farkl\u0131 sa\u011fl\u0131kl\u0131 ve hastal\u0131kl\u0131 dokular\u0131n fizyolojik ko\u015fullar\u0131na uygun olarak ECM sertli\u011fi olu\u015fturarak hidrojel sistemlerinin fotoba\u015flat\u0131c\u0131larla \u00e7apraz ba\u011flanmas\u0131n\u0131 sa\u011flar. Uv\/Vis K\u00fcrleme Platformu, de\u011fi\u015fken UV ve g\u00f6r\u00fcn\u00fcr \u0131\u015f\u0131k kaynaklar\u0131 ile istedi\u011finiz dokuyu olu\u015fturman\u0131za olanak sa\u011flar. H\u00fccre canl\u0131l\u0131\u011f\u0131na zarar vermeden h\u00fccre y\u00fckl\u00fc iskeleler elde etmenizi sa\u011flar. Bu h\u00fccre dostu sistemde, Uv\/Vis K\u00fcrleme Platformu, istedi\u011finiz geni\u015f bir \u0131\u015f\u0131k g\u00fcc\u00fc ve s\u00fcresini kapsayan matris sertli\u011fi olu\u015fturma f\u0131rsat\u0131 sunar. \u0130stenilen \u0131\u015f\u0131k g\u00fcc\u00fcn\u00fc kullanarak birka\u00e7 dakikada foto \u00e7apraz ba\u011flanabilir h\u00fccre d\u0131\u015f\u0131 matrisler elde etmenizi ve insan v\u00fccudunda doku sertlikleri elde etmenizi kolayla\u015ft\u0131r\u0131r. ECM sertli\u011finin, kanser dokusundaki h\u00fccrelerin k\u00f6k h\u00fccre farkl\u0131la\u015fmas\u0131n\u0131, h\u00fccre g\u00f6\u00e7\u00fcn\u00fc, epitelyal-mezenkimal g\u00f6\u00e7\u00fcn\u00fc (EMT), h\u00fccre \u00e7o\u011falmas\u0131n\u0131 ve yap\u0131\u015fmas\u0131n\u0131 d\u00fczenledi\u011fi bilinmektedir. H\u00fccrelerin do\u011fal ortam\u0131n\u0131 taklit edecek hidrojellerin uygun sertlikte olmas\u0131 \u00e7ok \u00f6nemlidir. AdBioInk Crosslinker&#8217;da \u0131\u015f\u0131k kayna\u011f\u0131 ve \u0131\u015f\u0131\u011fa maruz kalma s\u00fcresi de\u011fi\u015ftirilerek ayarlanabilir ve doku m\u00fchendisli\u011fi \u00e7al\u0131\u015fmalar\u0131n\u0131zda arzu etti\u011finiz matris sertli\u011fini elde etmenizi sa\u011flayan h\u00fccre dostu bir kontrol paneli sa\u011flar.<\/p>\n","protected":false},"featured_media":19,"comment_status":"open","ping_status":"closed","template":"","meta":{"_mi_skip_tracking":false,"_monsterinsights_sitenote_active":false,"_monsterinsights_sitenote_note":"","_monsterinsights_sitenote_category":0},"product_cat":[19,307],"product_tag":[25,23,24,26,22],"yoast_head":"<!-- This site is optimized with the Yoast SEO plugin v20.9 - https:\/\/yoast.com\/wordpress\/plugins\/seo\/ -->\n<title>UV\/Vis K\u00fcrleme Platformu - Adbioink\/tr<\/title>\n<meta name=\"description\" content=\"Uv\/Vis K\u00fcrleme Platformu, de\u011fi\u015fken UV ve g\u00f6r\u00fcn\u00fcr \u0131\u015f\u0131k kaynaklar\u0131 ile istedi\u011finiz dokuyu olu\u015fturman\u0131za olanak sa\u011flar.\" \/>\n<meta name=\"robots\" content=\"index, follow, max-snippet:-1, max-image-preview:large, max-video-preview:-1\" \/>\n<link rel=\"canonical\" href=\"https:\/\/www.adbioink.com\/tr\/product\/uv-vis-kurleme-platformu\/\" \/>\n<meta property=\"og:locale\" content=\"tr_TR\" \/>\n<meta property=\"og:type\" content=\"article\" \/>\n<meta property=\"og:title\" content=\"UV\/Vis K\u00fcrleme Platformu - Adbioink\/tr\" \/>\n<meta property=\"og:description\" content=\"Uv\/Vis K\u00fcrleme Platformu, de\u011fi\u015fken UV ve g\u00f6r\u00fcn\u00fcr \u0131\u015f\u0131k kaynaklar\u0131 ile istedi\u011finiz dokuyu olu\u015fturman\u0131za olanak sa\u011flar.\" \/>\n<meta property=\"og:url\" content=\"https:\/\/www.adbioink.com\/tr\/product\/uv-vis-kurleme-platformu\/\" \/>\n<meta property=\"og:site_name\" content=\"Adbioink\/tr\" \/>\n<meta property=\"article:modified_time\" content=\"2025-05-12T18:35:18+00:00\" \/>\n<meta property=\"og:image\" content=\"https:\/\/www.adbioink.com\/tr\/wp-content\/uploads\/sites\/2\/2023\/06\/UV-Vis-Kurleme-Platformu-1.png\" \/>\n\t<meta property=\"og:image:width\" content=\"1920\" \/>\n\t<meta property=\"og:image:height\" content=\"853\" \/>\n\t<meta property=\"og:image:type\" content=\"image\/png\" \/>\n<meta name=\"twitter:card\" content=\"summary_large_image\" \/>\n<meta name=\"twitter:label1\" content=\"Tahmini okuma s\u00fcresi\" \/>\n\t<meta name=\"twitter:data1\" content=\"1 dakika\" \/>\n<script type=\"application\/ld+json\" class=\"yoast-schema-graph\">{\"@context\":\"https:\/\/schema.org\",\"@graph\":[{\"@type\":\"WebPage\",\"@id\":\"https:\/\/www.adbioink.com\/tr\/product\/uv-vis-kurleme-platformu\/\",\"url\":\"https:\/\/www.adbioink.com\/tr\/product\/uv-vis-kurleme-platformu\/\",\"name\":\"UV\/Vis K\u00fcrleme Platformu - Adbioink\/tr\",\"isPartOf\":{\"@id\":\"https:\/\/www.adbioink.com\/tr\/#website\"},\"datePublished\":\"2023-06-26T09:13:26+00:00\",\"dateModified\":\"2025-05-12T18:35:18+00:00\",\"description\":\"Uv\/Vis K\u00fcrleme Platformu, de\u011fi\u015fken UV ve g\u00f6r\u00fcn\u00fcr \u0131\u015f\u0131k kaynaklar\u0131 ile istedi\u011finiz dokuyu olu\u015fturman\u0131za olanak sa\u011flar.\",\"breadcrumb\":{\"@id\":\"https:\/\/www.adbioink.com\/tr\/product\/uv-vis-kurleme-platformu\/#breadcrumb\"},\"inLanguage\":\"tr\",\"potentialAction\":[{\"@type\":\"ReadAction\",\"target\":[\"https:\/\/www.adbioink.com\/tr\/product\/uv-vis-kurleme-platformu\/\"]}]},{\"@type\":\"BreadcrumbList\",\"@id\":\"https:\/\/www.adbioink.com\/tr\/product\/uv-vis-kurleme-platformu\/#breadcrumb\",\"itemListElement\":[{\"@type\":\"ListItem\",\"position\":1,\"name\":\"Home\",\"item\":\"https:\/\/www.adbioink.com\/tr\/\"},{\"@type\":\"ListItem\",\"position\":2,\"name\":\"Ma\u011faza\",\"item\":\"https:\/\/www.adbioink.com\/tr\/magaza\/\"},{\"@type\":\"ListItem\",\"position\":3,\"name\":\"UV\/Vis K\u00fcrleme Platformu\"}]},{\"@type\":\"WebSite\",\"@id\":\"https:\/\/www.adbioink.com\/tr\/#website\",\"url\":\"https:\/\/www.adbioink.com\/tr\/\",\"name\":\"Adbioink\/tr\",\"description\":\"\u0130leri Biyom\u00fcrekkep Teknolojileri\",\"potentialAction\":[{\"@type\":\"SearchAction\",\"target\":{\"@type\":\"EntryPoint\",\"urlTemplate\":\"https:\/\/www.adbioink.com\/tr\/?s={search_term_string}\"},\"query-input\":\"required name=search_term_string\"}],\"inLanguage\":\"tr\"}]}<\/script>\n<!-- \/ Yoast SEO plugin. -->","yoast_head_json":{"title":"UV\/Vis K\u00fcrleme Platformu - Adbioink\/tr","description":"Uv\/Vis K\u00fcrleme Platformu, de\u011fi\u015fken UV ve g\u00f6r\u00fcn\u00fcr \u0131\u015f\u0131k kaynaklar\u0131 ile istedi\u011finiz dokuyu olu\u015fturman\u0131za olanak sa\u011flar.","robots":{"index":"index","follow":"follow","max-snippet":"max-snippet:-1","max-image-preview":"max-image-preview:large","max-video-preview":"max-video-preview:-1"},"canonical":"https:\/\/www.adbioink.com\/tr\/product\/uv-vis-kurleme-platformu\/","og_locale":"tr_TR","og_type":"article","og_title":"UV\/Vis K\u00fcrleme Platformu - Adbioink\/tr","og_description":"Uv\/Vis K\u00fcrleme Platformu, de\u011fi\u015fken UV ve g\u00f6r\u00fcn\u00fcr \u0131\u015f\u0131k kaynaklar\u0131 ile istedi\u011finiz dokuyu olu\u015fturman\u0131za olanak sa\u011flar.","og_url":"https:\/\/www.adbioink.com\/tr\/product\/uv-vis-kurleme-platformu\/","og_site_name":"Adbioink\/tr","article_modified_time":"2025-05-12T18:35:18+00:00","og_image":[{"width":1920,"height":853,"url":"https:\/\/www.adbioink.com\/tr\/wp-content\/uploads\/sites\/2\/2023\/06\/UV-Vis-Kurleme-Platformu-1.png","type":"image\/png"}],"twitter_card":"summary_large_image","twitter_misc":{"Tahmini okuma s\u00fcresi":"1 dakika"},"schema":{"@context":"https:\/\/schema.org","@graph":[{"@type":"WebPage","@id":"https:\/\/www.adbioink.com\/tr\/product\/uv-vis-kurleme-platformu\/","url":"https:\/\/www.adbioink.com\/tr\/product\/uv-vis-kurleme-platformu\/","name":"UV\/Vis K\u00fcrleme Platformu - Adbioink\/tr","isPartOf":{"@id":"https:\/\/www.adbioink.com\/tr\/#website"},"datePublished":"2023-06-26T09:13:26+00:00","dateModified":"2025-05-12T18:35:18+00:00","description":"Uv\/Vis K\u00fcrleme Platformu, de\u011fi\u015fken UV ve g\u00f6r\u00fcn\u00fcr \u0131\u015f\u0131k kaynaklar\u0131 ile istedi\u011finiz dokuyu olu\u015fturman\u0131za olanak sa\u011flar.","breadcrumb":{"@id":"https:\/\/www.adbioink.com\/tr\/product\/uv-vis-kurleme-platformu\/#breadcrumb"},"inLanguage":"tr","potentialAction":[{"@type":"ReadAction","target":["https:\/\/www.adbioink.com\/tr\/product\/uv-vis-kurleme-platformu\/"]}]},{"@type":"BreadcrumbList","@id":"https:\/\/www.adbioink.com\/tr\/product\/uv-vis-kurleme-platformu\/#breadcrumb","itemListElement":[{"@type":"ListItem","position":1,"name":"Home","item":"https:\/\/www.adbioink.com\/tr\/"},{"@type":"ListItem","position":2,"name":"Ma\u011faza","item":"https:\/\/www.adbioink.com\/tr\/magaza\/"},{"@type":"ListItem","position":3,"name":"UV\/Vis K\u00fcrleme Platformu"}]},{"@type":"WebSite","@id":"https:\/\/www.adbioink.com\/tr\/#website","url":"https:\/\/www.adbioink.com\/tr\/","name":"Adbioink\/tr","description":"\u0130leri Biyom\u00fcrekkep Teknolojileri","potentialAction":[{"@type":"SearchAction","target":{"@type":"EntryPoint","urlTemplate":"https:\/\/www.adbioink.com\/tr\/?s={search_term_string}"},"query-input":"required name=search_term_string"}],"inLanguage":"tr"}]}},"_links":{"self":[{"href":"https:\/\/www.adbioink.com\/tr\/wp-json\/wp\/v2\/product\/17"}],"collection":[{"href":"https:\/\/www.adbioink.com\/tr\/wp-json\/wp\/v2\/product"}],"about":[{"href":"https:\/\/www.adbioink.com\/tr\/wp-json\/wp\/v2\/types\/product"}],"replies":[{"embeddable":true,"href":"https:\/\/www.adbioink.com\/tr\/wp-json\/wp\/v2\/comments?post=17"}],"wp:featuredmedia":[{"embeddable":true,"href":"https:\/\/www.adbioink.com\/tr\/wp-json\/wp\/v2\/media\/19"}],"wp:attachment":[{"href":"https:\/\/www.adbioink.com\/tr\/wp-json\/wp\/v2\/media?parent=17"}],"wp:term":[{"taxonomy":"product_cat","embeddable":true,"href":"https:\/\/www.adbioink.com\/tr\/wp-json\/wp\/v2\/product_cat?post=17"},{"taxonomy":"product_tag","embeddable":true,"href":"https:\/\/www.adbioink.com\/tr\/wp-json\/wp\/v2\/product_tag?post=17"}],"curies":[{"name":"wp","href":"https:\/\/api.w.org\/{rel}","templated":true}]}}