{"id":7637,"date":"2021-01-29T20:27:29","date_gmt":"2021-01-29T20:27:29","guid":{"rendered":"https:\/\/www.adbioink.com\/?post_type=product&#038;p=7637"},"modified":"2023-07-01T20:52:09","modified_gmt":"2023-07-01T19:52:09","slug":"gelma-biyomurekkep","status":"publish","type":"product","link":"https:\/\/www.adbioink.com\/tr\/product\/gelma-biyomurekkep\/","title":{"rendered":"GelMA Biyom\u00fcrekkep"},"content":{"rendered":"<table width=\"640\">\n<tbody>\n<tr>\n<td width=\"320\"><strong>E\u015f anlaml\u0131<\/strong><\/td>\n<td width=\"320\">GelMA biyom\u00fcrekkep, Metakrilatl\u0131 jelatin biyom\u00fcrekkep, Jelatin metakrilat biyom\u00fcrekkep, Jelatin metakriloil biyom\u00fcrekep<\/td>\n<\/tr>\n<tr>\n<td width=\"320\"><i><strong>Sterilite<\/strong><\/i><\/td>\n<td width=\"320\">Steril<\/td>\n<\/tr>\n<tr>\n<td width=\"320\"><i><strong>Endotoksin seviyesi<\/strong><\/i><\/td>\n<td width=\"320\">&lt;50 EU\/mL<\/td>\n<\/tr>\n<tr>\n<td width=\"320\"><i><strong>H\u00fccre canl\u0131l\u0131\u011f\u0131<\/strong><\/i><\/td>\n<td width=\"320\">\u226585% fibroblast, osteoblast and mezenkimal k\u00f6k h\u00fccreler<\/td>\n<\/tr>\n<tr>\n<td width=\"320\"><strong>pH<\/strong><\/td>\n<td width=\"320\">7.3 &#8211; 7.4<\/td>\n<\/tr>\n<tr>\n<td width=\"320\"><i><strong>Metakrilasyon derecesi<\/strong><\/i><\/td>\n<td width=\"320\">&gt;80% (GelMA High)<\/p>\n<p>50-60% (GelMA Middle)<\/td>\n<\/tr>\n<tr>\n<td width=\"320\"><strong>Form<\/strong><\/td>\n<td width=\"320\">Gel<\/td>\n<\/tr>\n<\/tbody>\n<\/table>\n<p>AdBioInk Biyosistem Teknoloji taraf\u0131ndan geli\u015ftirilen GelMA\u00a0 biyom\u00fcrekkep \u00fcr\u00fcnleri, iki farkl\u0131 fotoba\u015flat\u0131c\u0131 (Irgacure2959 ve LAP) kullan\u0131larak haz\u0131rland\u0131. NIH-3T3 h\u00fccre hatt\u0131na kar\u015f\u0131 h\u00fccre yap\u0131\u015fmas\u0131 ve h\u00fccre kaps\u00fclleme deneyleri yap\u0131ld\u0131. H\u00fccre canl\u0131l\u0131\u011f\u0131 testlerinde Live\/Dead kiti kullan\u0131ld\u0131. UV veya g\u00f6r\u00fcn\u00fcr \u0131\u015f\u0131k \u00e7apraz ba\u011fl\u0131 ve h\u00fccre kaps\u00fcll\u00fc yap\u0131da h\u00fccre canl\u0131l\u0131klar\u0131n\u0131n %95&#8217;in \u00fczerinde oldu\u011fu g\u00f6zlendi.<\/p>\n<p>\u00c7apraz ba\u011fl\u0131 GelMA biyom\u00fcrekkeplerinin i\u00e7indeki ve \u00fczerindeki h\u00fccre morfolojileri, DAPI-ACTIN boyamas\u0131 ile analiz edildi. GelMA biyom\u00fcrekkeplerine ekilen h\u00fccreler, h\u00fccre morfolojisini 1. g\u00fcnde ald\u0131 ve 7. g\u00fcnde \u00e7o\u011falarak biyom\u00fcrekkep \u00fczerinde %90&#8217;\u0131n \u00fczerinde birle\u015fme g\u00f6sterdi. Kaps\u00fcllenmi\u015f h\u00fccreler, 7. g\u00fcnde sitoplazmik \u00e7\u0131k\u0131nt\u0131lar g\u00f6stermeye ba\u015fl\u0131yor gibi g\u00f6r\u00fcnmektedir.<\/p>\n<p><img decoding=\"async\" loading=\"lazy\" class=\"alignnone size-full wp-image-8176\" src=\"https:\/\/www.adbioink.com\/wp-content\/uploads\/2021\/01\/GelMA-Bioink-Cell-adhesion-Viability-Morphology-1.png\" alt=\"\" width=\"1320\" height=\"620\" \/><\/p>\n<div class=\"mceTemp\"><\/div>\n<p>&nbsp;<\/p>\n","protected":false},"excerpt":{"rendered":"<p>GelMA (jelatin metakrilat), metakrilat gruplar\u0131 i\u00e7eren kollajen t\u00fcrevinin hidroliz \u00fcr\u00fcn\u00fcd\u00fcr. GelMA, h\u00fccre yeniden \u015fekillenmesi i\u00e7in de uygun olan h\u00fccre ba\u011flanmas\u0131n\u0131 destekleyen arginin-glisin-aspartik asit (RGD) dizileri i\u00e7erir. GelMA biyom\u00fcrekkep, h\u00fccresel davran\u0131\u015flar\u0131 kontrol etmek, h\u00fccre-biyomateryal etkile\u015fimlerini incelemek ve dokular\u0131 tasarlamak i\u00e7in ideal platformlar sa\u011flayarak hidrojel mikro fabrikasyonunun benzersiz modeller, morfolojiler ve 3B yap\u0131lar olu\u015fturmas\u0131n\u0131 sa\u011flar. GelMA hidrojellerinin m\u00fckemmel biyouyumlulu\u011fu, onlar\u0131 do\u011fal ECM&#8217;yi taklit eden doku iskeleleri olarak uygun hale getirir. S\u0131k\u0131\u015ft\u0131rma mod\u00fclleri, metakrilasyon derecesinin derecesi de\u011fi\u015ftirilerek ayarlan\u0131r ve bu da onu \u00e7ok \u00e7e\u015fitli biyomedikal uygulamalar i\u00e7in uygun GelMA biyom\u00fcrekkep haline getirir.<\/p>\n<p>Ayr\u0131ca GelMA, biyom\u00fcrekkep uygulamalar\u0131 i\u00e7in iyi bir aday olabilir. 3D bask\u0131l\u0131 GelMA iskeleleri, m\u00fckemmel h\u00fccre canl\u0131l\u0131\u011f\u0131na ve iskele stabilitesine sahiptir. Nanoteknoloji ve GelMA hidrojellerinin kombinasyonu, doku m\u00fchendisli\u011finde umut verici faydalar sa\u011flayacakt\u0131r.<\/p>\n<p>Adbioink protokollerimizi takip ederek ki\u015fiselle\u015ftirilmi\u015f bioinkler olu\u015fturmak kolayd\u0131r.<\/p>\n<h2>Dok\u00fcmanlar<\/h2>\n<ul>\n<li style=\"text-align: left;\"><a href=\"https:\/\/www.adbioink.com\/wp-content\/uploads\/2021\/01\/SDS-GeIMA-Bioink.pdf\">SDS &#8211; GeIMA Bioink<\/a><\/li>\n<\/ul>\n","protected":false},"featured_media":9904,"comment_status":"open","ping_status":"closed","template":"","meta":{"_mi_skip_tracking":false,"_monsterinsights_sitenote_active":false,"_monsterinsights_sitenote_note":"","_monsterinsights_sitenote_category":0},"product_cat":[19,311],"product_tag":[32,23,35,157,354],"yoast_head":"<!-- This site is optimized with the Yoast SEO plugin v20.9 - https:\/\/yoast.com\/wordpress\/plugins\/seo\/ -->\n<title>GelMA Biyom\u00fcrekkep - Adbioink\/tr<\/title>\n<meta name=\"description\" content=\"AdBioInk Biyosistem Teknoloji taraf\u0131ndan geli\u015ftirilen GelMA\u00a0 biyom\u00fcrekkep (jelatin metakrilat biyom\u00fcrekkep) \u00fcr\u00fcnleri, iki farkl\u0131 fotoba\u015flat\u0131c\u0131\" \/>\n<meta name=\"robots\" content=\"index, follow, max-snippet:-1, max-image-preview:large, max-video-preview:-1\" \/>\n<link rel=\"canonical\" href=\"https:\/\/www.adbioink.com\/tr\/product\/gelma-biyomurekkep\/\" \/>\n<meta property=\"og:locale\" content=\"tr_TR\" \/>\n<meta property=\"og:type\" content=\"article\" \/>\n<meta property=\"og:title\" content=\"GelMA Biyom\u00fcrekkep - Adbioink\/tr\" \/>\n<meta property=\"og:description\" content=\"AdBioInk Biyosistem Teknoloji taraf\u0131ndan geli\u015ftirilen GelMA\u00a0 biyom\u00fcrekkep (jelatin metakrilat biyom\u00fcrekkep) \u00fcr\u00fcnleri, iki farkl\u0131 fotoba\u015flat\u0131c\u0131\" \/>\n<meta property=\"og:url\" content=\"https:\/\/www.adbioink.com\/tr\/product\/gelma-biyomurekkep\/\" \/>\n<meta property=\"og:site_name\" content=\"Adbioink\/tr\" \/>\n<meta property=\"article:modified_time\" content=\"2023-07-01T19:52:09+00:00\" \/>\n<meta property=\"og:image\" content=\"https:\/\/www.adbioink.com\/tr\/wp-content\/uploads\/sites\/2\/2021\/01\/GelMA-Bioink-3.png\" \/>\n\t<meta property=\"og:image:width\" content=\"847\" \/>\n\t<meta property=\"og:image:height\" content=\"729\" \/>\n\t<meta property=\"og:image:type\" content=\"image\/png\" \/>\n<meta name=\"twitter:card\" content=\"summary_large_image\" \/>\n<meta name=\"twitter:label1\" content=\"Tahmini okuma s\u00fcresi\" \/>\n\t<meta name=\"twitter:data1\" content=\"2 dakika\" \/>\n<script type=\"application\/ld+json\" class=\"yoast-schema-graph\">{\"@context\":\"https:\/\/schema.org\",\"@graph\":[{\"@type\":\"WebPage\",\"@id\":\"https:\/\/www.adbioink.com\/tr\/product\/gelma-biyomurekkep\/\",\"url\":\"https:\/\/www.adbioink.com\/tr\/product\/gelma-biyomurekkep\/\",\"name\":\"GelMA Biyom\u00fcrekkep - Adbioink\/tr\",\"isPartOf\":{\"@id\":\"https:\/\/www.adbioink.com\/tr\/#website\"},\"datePublished\":\"2021-01-29T20:27:29+00:00\",\"dateModified\":\"2023-07-01T19:52:09+00:00\",\"description\":\"AdBioInk Biyosistem Teknoloji taraf\u0131ndan geli\u015ftirilen GelMA\u00a0 biyom\u00fcrekkep (jelatin metakrilat biyom\u00fcrekkep) \u00fcr\u00fcnleri, iki farkl\u0131 fotoba\u015flat\u0131c\u0131\",\"breadcrumb\":{\"@id\":\"https:\/\/www.adbioink.com\/tr\/product\/gelma-biyomurekkep\/#breadcrumb\"},\"inLanguage\":\"tr\",\"potentialAction\":[{\"@type\":\"ReadAction\",\"target\":[\"https:\/\/www.adbioink.com\/tr\/product\/gelma-biyomurekkep\/\"]}]},{\"@type\":\"BreadcrumbList\",\"@id\":\"https:\/\/www.adbioink.com\/tr\/product\/gelma-biyomurekkep\/#breadcrumb\",\"itemListElement\":[{\"@type\":\"ListItem\",\"position\":1,\"name\":\"Home\",\"item\":\"https:\/\/www.adbioink.com\/tr\/\"},{\"@type\":\"ListItem\",\"position\":2,\"name\":\"Ma\u011faza\",\"item\":\"https:\/\/www.adbioink.com\/tr\/magaza\/\"},{\"@type\":\"ListItem\",\"position\":3,\"name\":\"GelMA Biyom\u00fcrekkep\"}]},{\"@type\":\"WebSite\",\"@id\":\"https:\/\/www.adbioink.com\/tr\/#website\",\"url\":\"https:\/\/www.adbioink.com\/tr\/\",\"name\":\"Adbioink\/tr\",\"description\":\"\u0130leri Biyom\u00fcrekkep Teknolojileri\",\"potentialAction\":[{\"@type\":\"SearchAction\",\"target\":{\"@type\":\"EntryPoint\",\"urlTemplate\":\"https:\/\/www.adbioink.com\/tr\/?s={search_term_string}\"},\"query-input\":\"required name=search_term_string\"}],\"inLanguage\":\"tr\"}]}<\/script>\n<!-- \/ Yoast SEO plugin. -->","yoast_head_json":{"title":"GelMA Biyom\u00fcrekkep - Adbioink\/tr","description":"AdBioInk Biyosistem Teknoloji taraf\u0131ndan geli\u015ftirilen GelMA\u00a0 biyom\u00fcrekkep (jelatin metakrilat biyom\u00fcrekkep) \u00fcr\u00fcnleri, iki farkl\u0131 fotoba\u015flat\u0131c\u0131","robots":{"index":"index","follow":"follow","max-snippet":"max-snippet:-1","max-image-preview":"max-image-preview:large","max-video-preview":"max-video-preview:-1"},"canonical":"https:\/\/www.adbioink.com\/tr\/product\/gelma-biyomurekkep\/","og_locale":"tr_TR","og_type":"article","og_title":"GelMA Biyom\u00fcrekkep - Adbioink\/tr","og_description":"AdBioInk Biyosistem Teknoloji taraf\u0131ndan geli\u015ftirilen GelMA\u00a0 biyom\u00fcrekkep (jelatin metakrilat biyom\u00fcrekkep) \u00fcr\u00fcnleri, iki farkl\u0131 fotoba\u015flat\u0131c\u0131","og_url":"https:\/\/www.adbioink.com\/tr\/product\/gelma-biyomurekkep\/","og_site_name":"Adbioink\/tr","article_modified_time":"2023-07-01T19:52:09+00:00","og_image":[{"url":"https:\/\/www.adbioink.com\/tr\/wp-content\/uploads\/sites\/2\/2021\/01\/GelMA-Bioink-3.png","width":847,"height":729,"type":"image\/png"}],"twitter_card":"summary_large_image","twitter_misc":{"Tahmini okuma s\u00fcresi":"2 dakika"},"schema":{"@context":"https:\/\/schema.org","@graph":[{"@type":"WebPage","@id":"https:\/\/www.adbioink.com\/tr\/product\/gelma-biyomurekkep\/","url":"https:\/\/www.adbioink.com\/tr\/product\/gelma-biyomurekkep\/","name":"GelMA Biyom\u00fcrekkep - Adbioink\/tr","isPartOf":{"@id":"https:\/\/www.adbioink.com\/tr\/#website"},"datePublished":"2021-01-29T20:27:29+00:00","dateModified":"2023-07-01T19:52:09+00:00","description":"AdBioInk Biyosistem Teknoloji taraf\u0131ndan geli\u015ftirilen GelMA\u00a0 biyom\u00fcrekkep (jelatin metakrilat biyom\u00fcrekkep) \u00fcr\u00fcnleri, iki farkl\u0131 fotoba\u015flat\u0131c\u0131","breadcrumb":{"@id":"https:\/\/www.adbioink.com\/tr\/product\/gelma-biyomurekkep\/#breadcrumb"},"inLanguage":"tr","potentialAction":[{"@type":"ReadAction","target":["https:\/\/www.adbioink.com\/tr\/product\/gelma-biyomurekkep\/"]}]},{"@type":"BreadcrumbList","@id":"https:\/\/www.adbioink.com\/tr\/product\/gelma-biyomurekkep\/#breadcrumb","itemListElement":[{"@type":"ListItem","position":1,"name":"Home","item":"https:\/\/www.adbioink.com\/tr\/"},{"@type":"ListItem","position":2,"name":"Ma\u011faza","item":"https:\/\/www.adbioink.com\/tr\/magaza\/"},{"@type":"ListItem","position":3,"name":"GelMA Biyom\u00fcrekkep"}]},{"@type":"WebSite","@id":"https:\/\/www.adbioink.com\/tr\/#website","url":"https:\/\/www.adbioink.com\/tr\/","name":"Adbioink\/tr","description":"\u0130leri Biyom\u00fcrekkep Teknolojileri","potentialAction":[{"@type":"SearchAction","target":{"@type":"EntryPoint","urlTemplate":"https:\/\/www.adbioink.com\/tr\/?s={search_term_string}"},"query-input":"required name=search_term_string"}],"inLanguage":"tr"}]}},"_links":{"self":[{"href":"https:\/\/www.adbioink.com\/tr\/wp-json\/wp\/v2\/product\/7637"}],"collection":[{"href":"https:\/\/www.adbioink.com\/tr\/wp-json\/wp\/v2\/product"}],"about":[{"href":"https:\/\/www.adbioink.com\/tr\/wp-json\/wp\/v2\/types\/product"}],"replies":[{"embeddable":true,"href":"https:\/\/www.adbioink.com\/tr\/wp-json\/wp\/v2\/comments?post=7637"}],"wp:featuredmedia":[{"embeddable":true,"href":"https:\/\/www.adbioink.com\/tr\/wp-json\/wp\/v2\/media\/9904"}],"wp:attachment":[{"href":"https:\/\/www.adbioink.com\/tr\/wp-json\/wp\/v2\/media?parent=7637"}],"wp:term":[{"taxonomy":"product_cat","embeddable":true,"href":"https:\/\/www.adbioink.com\/tr\/wp-json\/wp\/v2\/product_cat?post=7637"},{"taxonomy":"product_tag","embeddable":true,"href":"https:\/\/www.adbioink.com\/tr\/wp-json\/wp\/v2\/product_tag?post=7637"}],"curies":[{"name":"wp","href":"https:\/\/api.w.org\/{rel}","templated":true}]}}