{"id":7647,"date":"2021-01-29T20:35:38","date_gmt":"2021-01-29T20:35:38","guid":{"rendered":"https:\/\/www.adbioink.com\/?post_type=product&#038;p=7647"},"modified":"2025-09-01T12:05:20","modified_gmt":"2025-09-01T11:05:20","slug":"irgacure-2959","status":"publish","type":"product","link":"https:\/\/www.adbioink.com\/tr\/product\/irgacure-2959\/","title":{"rendered":"Irgacure 2959"},"content":{"rendered":"<p>Irgacure 2959, Fotoba\u015flat\u0131c\u0131<\/p>\n<table>\n<tbody>\n<tr>\n<td width=\"320\"><strong>Raf \u00f6mr\u00fc<\/strong><\/td>\n<td width=\"320\">Kuru toz (\u00e7\u00f6z\u00fcnmemi\u015f) 2-8\u00b0C&#8217;de &gt;1 y\u0131l stabildir<\/td>\n<\/tr>\n<tr>\n<td width=\"320\"><strong>Depolama ko\u015fullar\u0131<\/strong><\/td>\n<td width=\"320\">RT (oda s\u0131cakl\u0131\u011f\u0131)<\/td>\n<\/tr>\n<\/tbody>\n<\/table>\n<p>&nbsp;<\/p>\n","protected":false},"excerpt":{"rendered":"<p>Irgacure-2959, istenmeyen sararma etkisi olmadan hidrojeller ve biyom\u00fcrekkepler dahil olmak \u00fczere \u00e7e\u015fitli sistemlerin UV ile k\u00fcrlenmesi i\u00e7in son derece verimli bir radikal fotoba\u015flat\u0131c\u0131 olarak ortaya \u00e7\u0131k\u0131yor. 365nm dalga boyunda UV \u0131\u015f\u0131\u011f\u0131na maruz kald\u0131\u011f\u0131nda optimum aktivasyon g\u00f6sterir. Hidrojel h\u00fccre kaps\u00fclleme ve foto \u00e7apraz ba\u011flama i\u00e7in \u00f6nerilen \u00e7ok say\u0131da foto ba\u015flat\u0131c\u0131 aras\u0131nda, 2-hidroksi-4&#8242;-(2-hidroksietoksi)-2-metilpropiyofenon olarak da bilinen Irgacure 2959, h\u00fccre kaps\u00fclleme ve doku m\u00fchendisli\u011finde en yayg\u0131n kullan\u0131lan se\u00e7enek olarak kendini kan\u0131tlam\u0131\u015ft\u0131r. uygulamalar.<\/p>\n<p>I\u015f\u0131\u011fa duyarl\u0131 polimerlerin fotoba\u015flat\u0131c\u0131lar\u0131n varl\u0131\u011f\u0131nda UV \u0131\u015f\u0131\u011f\u0131na maruz b\u0131rak\u0131lmas\u0131yla olu\u015fturulan fotopolimerize edilebilir hidrojeller, doku m\u00fchendisli\u011fi ara\u015ft\u0131rmalar\u0131nda h\u00fccresel tuzaklanma ve modellemeyi m\u00fcmk\u00fcn k\u0131lan hayati malzemeler olarak hizmet eder. Doku m\u00fchendisli\u011fi ve h\u00fccre tedavisi \u00e7abalar\u0131nda h\u00fccre kaps\u00fclleme i\u00e7in hidrojeller geli\u015ftirirken h\u0131zl\u0131 kimyasal \u00e7apraz ba\u011flanmay\u0131 ba\u015farma yetene\u011fi \u00f6zellikle \u00e7ok \u00f6nemlidir.<\/p>\n<h2>Belge<\/h2>\n<ul>\n<li style=\"text-align: left;\"><a href=\"https:\/\/www.adbioink.com\/wp-content\/uploads\/2021\/01\/SDS-Irgacure-2959.pdf\">SDS &#8211; Irgacure 2959<\/a><\/li>\n<\/ul>\n","protected":false},"featured_media":9914,"comment_status":"open","ping_status":"closed","template":"","meta":{"_mi_skip_tracking":false,"_monsterinsights_sitenote_active":false,"_monsterinsights_sitenote_note":"","_monsterinsights_sitenote_category":0},"product_cat":[19,345],"product_tag":[32,346,43],"yoast_head":"<!-- This site is optimized with the Yoast SEO plugin v20.9 - https:\/\/yoast.com\/wordpress\/plugins\/seo\/ -->\n<title>Irgacure 2959 - Adbioink\/tr<\/title>\n<meta name=\"description\" content=\"Irgacure-2959, istenmeyen sararma etkisi olmadan hidrojeller ve biyom\u00fcrekkepler dahil olmak \u00fczere \u00e7e\u015fitli sistemlerin UV ile k\u00fcrlenmesi i\u00e7in son derece\" \/>\n<meta name=\"robots\" content=\"index, follow, max-snippet:-1, max-image-preview:large, max-video-preview:-1\" \/>\n<link rel=\"canonical\" href=\"https:\/\/www.adbioink.com\/tr\/product\/irgacure-2959\/\" \/>\n<meta property=\"og:locale\" content=\"tr_TR\" \/>\n<meta property=\"og:type\" content=\"article\" \/>\n<meta property=\"og:title\" content=\"Irgacure 2959 - Adbioink\/tr\" \/>\n<meta property=\"og:description\" content=\"Irgacure-2959, istenmeyen sararma etkisi olmadan hidrojeller ve biyom\u00fcrekkepler dahil olmak \u00fczere \u00e7e\u015fitli sistemlerin UV ile k\u00fcrlenmesi i\u00e7in son derece\" \/>\n<meta property=\"og:url\" content=\"https:\/\/www.adbioink.com\/tr\/product\/irgacure-2959\/\" \/>\n<meta property=\"og:site_name\" content=\"Adbioink\/tr\" \/>\n<meta property=\"article:modified_time\" content=\"2025-09-01T11:05:20+00:00\" \/>\n<meta property=\"og:image\" content=\"https:\/\/www.adbioink.com\/tr\/wp-content\/uploads\/sites\/2\/2021\/01\/Irgacure-2959.png\" \/>\n\t<meta property=\"og:image:width\" content=\"847\" \/>\n\t<meta property=\"og:image:height\" content=\"729\" \/>\n\t<meta property=\"og:image:type\" content=\"image\/png\" \/>\n<meta name=\"twitter:card\" content=\"summary_large_image\" \/>\n<meta name=\"twitter:label1\" content=\"Tahmini okuma s\u00fcresi\" \/>\n\t<meta name=\"twitter:data1\" content=\"1 dakika\" \/>\n<script type=\"application\/ld+json\" class=\"yoast-schema-graph\">{\"@context\":\"https:\/\/schema.org\",\"@graph\":[{\"@type\":\"WebPage\",\"@id\":\"https:\/\/www.adbioink.com\/tr\/product\/irgacure-2959\/\",\"url\":\"https:\/\/www.adbioink.com\/tr\/product\/irgacure-2959\/\",\"name\":\"Irgacure 2959 - Adbioink\/tr\",\"isPartOf\":{\"@id\":\"https:\/\/www.adbioink.com\/tr\/#website\"},\"datePublished\":\"2021-01-29T20:35:38+00:00\",\"dateModified\":\"2025-09-01T11:05:20+00:00\",\"description\":\"Irgacure-2959, istenmeyen sararma etkisi olmadan hidrojeller ve biyom\u00fcrekkepler dahil olmak \u00fczere \u00e7e\u015fitli sistemlerin UV ile k\u00fcrlenmesi i\u00e7in son derece\",\"breadcrumb\":{\"@id\":\"https:\/\/www.adbioink.com\/tr\/product\/irgacure-2959\/#breadcrumb\"},\"inLanguage\":\"tr\",\"potentialAction\":[{\"@type\":\"ReadAction\",\"target\":[\"https:\/\/www.adbioink.com\/tr\/product\/irgacure-2959\/\"]}]},{\"@type\":\"BreadcrumbList\",\"@id\":\"https:\/\/www.adbioink.com\/tr\/product\/irgacure-2959\/#breadcrumb\",\"itemListElement\":[{\"@type\":\"ListItem\",\"position\":1,\"name\":\"Home\",\"item\":\"https:\/\/www.adbioink.com\/tr\/\"},{\"@type\":\"ListItem\",\"position\":2,\"name\":\"Ma\u011faza\",\"item\":\"https:\/\/www.adbioink.com\/tr\/magaza\/\"},{\"@type\":\"ListItem\",\"position\":3,\"name\":\"Irgacure 2959\"}]},{\"@type\":\"WebSite\",\"@id\":\"https:\/\/www.adbioink.com\/tr\/#website\",\"url\":\"https:\/\/www.adbioink.com\/tr\/\",\"name\":\"Adbioink\/tr\",\"description\":\"\u0130leri Biyom\u00fcrekkep Teknolojileri\",\"potentialAction\":[{\"@type\":\"SearchAction\",\"target\":{\"@type\":\"EntryPoint\",\"urlTemplate\":\"https:\/\/www.adbioink.com\/tr\/?s={search_term_string}\"},\"query-input\":\"required name=search_term_string\"}],\"inLanguage\":\"tr\"}]}<\/script>\n<!-- \/ Yoast SEO plugin. -->","yoast_head_json":{"title":"Irgacure 2959 - Adbioink\/tr","description":"Irgacure-2959, istenmeyen sararma etkisi olmadan hidrojeller ve biyom\u00fcrekkepler dahil olmak \u00fczere \u00e7e\u015fitli sistemlerin UV ile k\u00fcrlenmesi i\u00e7in son derece","robots":{"index":"index","follow":"follow","max-snippet":"max-snippet:-1","max-image-preview":"max-image-preview:large","max-video-preview":"max-video-preview:-1"},"canonical":"https:\/\/www.adbioink.com\/tr\/product\/irgacure-2959\/","og_locale":"tr_TR","og_type":"article","og_title":"Irgacure 2959 - Adbioink\/tr","og_description":"Irgacure-2959, istenmeyen sararma etkisi olmadan hidrojeller ve biyom\u00fcrekkepler dahil olmak \u00fczere \u00e7e\u015fitli sistemlerin UV ile k\u00fcrlenmesi i\u00e7in son derece","og_url":"https:\/\/www.adbioink.com\/tr\/product\/irgacure-2959\/","og_site_name":"Adbioink\/tr","article_modified_time":"2025-09-01T11:05:20+00:00","og_image":[{"url":"https:\/\/www.adbioink.com\/tr\/wp-content\/uploads\/sites\/2\/2021\/01\/Irgacure-2959.png","width":847,"height":729,"type":"image\/png"}],"twitter_card":"summary_large_image","twitter_misc":{"Tahmini okuma s\u00fcresi":"1 dakika"},"schema":{"@context":"https:\/\/schema.org","@graph":[{"@type":"WebPage","@id":"https:\/\/www.adbioink.com\/tr\/product\/irgacure-2959\/","url":"https:\/\/www.adbioink.com\/tr\/product\/irgacure-2959\/","name":"Irgacure 2959 - Adbioink\/tr","isPartOf":{"@id":"https:\/\/www.adbioink.com\/tr\/#website"},"datePublished":"2021-01-29T20:35:38+00:00","dateModified":"2025-09-01T11:05:20+00:00","description":"Irgacure-2959, istenmeyen sararma etkisi olmadan hidrojeller ve biyom\u00fcrekkepler dahil olmak \u00fczere \u00e7e\u015fitli sistemlerin UV ile k\u00fcrlenmesi i\u00e7in son derece","breadcrumb":{"@id":"https:\/\/www.adbioink.com\/tr\/product\/irgacure-2959\/#breadcrumb"},"inLanguage":"tr","potentialAction":[{"@type":"ReadAction","target":["https:\/\/www.adbioink.com\/tr\/product\/irgacure-2959\/"]}]},{"@type":"BreadcrumbList","@id":"https:\/\/www.adbioink.com\/tr\/product\/irgacure-2959\/#breadcrumb","itemListElement":[{"@type":"ListItem","position":1,"name":"Home","item":"https:\/\/www.adbioink.com\/tr\/"},{"@type":"ListItem","position":2,"name":"Ma\u011faza","item":"https:\/\/www.adbioink.com\/tr\/magaza\/"},{"@type":"ListItem","position":3,"name":"Irgacure 2959"}]},{"@type":"WebSite","@id":"https:\/\/www.adbioink.com\/tr\/#website","url":"https:\/\/www.adbioink.com\/tr\/","name":"Adbioink\/tr","description":"\u0130leri Biyom\u00fcrekkep Teknolojileri","potentialAction":[{"@type":"SearchAction","target":{"@type":"EntryPoint","urlTemplate":"https:\/\/www.adbioink.com\/tr\/?s={search_term_string}"},"query-input":"required name=search_term_string"}],"inLanguage":"tr"}]}},"_links":{"self":[{"href":"https:\/\/www.adbioink.com\/tr\/wp-json\/wp\/v2\/product\/7647"}],"collection":[{"href":"https:\/\/www.adbioink.com\/tr\/wp-json\/wp\/v2\/product"}],"about":[{"href":"https:\/\/www.adbioink.com\/tr\/wp-json\/wp\/v2\/types\/product"}],"replies":[{"embeddable":true,"href":"https:\/\/www.adbioink.com\/tr\/wp-json\/wp\/v2\/comments?post=7647"}],"wp:featuredmedia":[{"embeddable":true,"href":"https:\/\/www.adbioink.com\/tr\/wp-json\/wp\/v2\/media\/9914"}],"wp:attachment":[{"href":"https:\/\/www.adbioink.com\/tr\/wp-json\/wp\/v2\/media?parent=7647"}],"wp:term":[{"taxonomy":"product_cat","embeddable":true,"href":"https:\/\/www.adbioink.com\/tr\/wp-json\/wp\/v2\/product_cat?post=7647"},{"taxonomy":"product_tag","embeddable":true,"href":"https:\/\/www.adbioink.com\/tr\/wp-json\/wp\/v2\/product_tag?post=7647"}],"curies":[{"name":"wp","href":"https:\/\/api.w.org\/{rel}","templated":true}]}}