{"id":7648,"date":"2021-01-29T20:36:24","date_gmt":"2021-01-29T20:36:24","guid":{"rendered":"https:\/\/www.adbioink.com\/?post_type=product&#038;p=7648"},"modified":"2023-07-01T20:52:24","modified_gmt":"2023-07-01T19:52:24","slug":"lap","status":"publish","type":"product","link":"https:\/\/www.adbioink.com\/tr\/product\/lap\/","title":{"rendered":"LAP"},"content":{"rendered":"<p>LAP, Lityum fenil (2,4,6-trimetilbenzoil) fosfinat<\/p>\n<table>\n<tbody>\n<tr>\n<td width=\"320\"><strong>Raf \u00f6mr\u00fc<\/strong><\/td>\n<td width=\"320\">Kuru toz (\u00e7\u00f6z\u00fcnmemi\u015f) 2-8\u00b0C&#8217;de &gt;1 y\u0131l stabildir<\/td>\n<\/tr>\n<tr>\n<td width=\"320\"><strong>Depolama ko\u015fullar\u0131<\/strong><\/td>\n<td width=\"320\">+2\u02daC\/+8\u02daC<\/td>\n<\/tr>\n<\/tbody>\n<\/table>\n<p>&nbsp;<\/p>\n","protected":false},"excerpt":{"rendered":"<p>LAP (Lityum fenil-2,4,6-trimetilbenzoilfosfinat), bir dizi dikkate de\u011fer \u00f6zellik sergileyen, son derece umut verici bir fotoba\u015flat\u0131c\u0131 olarak \u00f6ne \u00e7\u0131k\u0131yor. LAP, hidrojellerin veya biyom\u00fcrekkeplerin polimerizasyon s\u00fcrecinde fayda bulan suda \u00e7\u00f6z\u00fcn\u00fcr bir foto ba\u015flat\u0131c\u0131y\u0131 temsil eder. 405nm mavi \u0131\u015f\u0131\u011fa maruz kald\u0131\u011f\u0131nda foto \u00e7apraz ba\u011flama yetenekleri g\u00f6sterir. \u00d6zellikle LAP, geli\u015fmi\u015f sito-uyumluluk sergiledi\u011fi i\u00e7in Irgacure 2959&#8217;a g\u00f6re bir avantaja sahiptir, bu da onu bu t\u00fcr uygulamalarda tercih edilen bir se\u00e7im haline getirir. Ek olarak LAP, in vitro h\u00fccre canl\u0131l\u0131\u011f\u0131n\u0131 ve glikozaminoglikan (GAG) \u00fcretimini art\u0131rma yetene\u011fini g\u00f6stererek \u00e7e\u015fitli uygulamalardaki potansiyelini daha da g\u00fc\u00e7lendirmi\u015ftir.<\/p>\n","protected":false},"featured_media":9913,"comment_status":"open","ping_status":"closed","template":"","meta":{"_mi_skip_tracking":false,"_monsterinsights_sitenote_active":false,"_monsterinsights_sitenote_note":"","_monsterinsights_sitenote_category":0},"product_cat":[19,345],"product_tag":[32,346,45],"yoast_head":"<!-- This site is optimized with the Yoast SEO plugin v20.9 - https:\/\/yoast.com\/wordpress\/plugins\/seo\/ -->\n<title>LAP - Adbioink\/tr<\/title>\n<meta name=\"description\" content=\"LAP, hidrojellerin veya biyom\u00fcrekkeplerin polimerizasyon s\u00fcrecinde fayda bulan suda \u00e7\u00f6z\u00fcn\u00fcr bir foto ba\u015flat\u0131c\u0131y\u0131 temsil eder. 405nm mavi \u0131\u015f\u0131\u011fa maruz\" \/>\n<meta name=\"robots\" content=\"index, follow, max-snippet:-1, max-image-preview:large, max-video-preview:-1\" \/>\n<link rel=\"canonical\" href=\"https:\/\/www.adbioink.com\/tr\/product\/lap\/\" \/>\n<meta property=\"og:locale\" content=\"tr_TR\" \/>\n<meta property=\"og:type\" content=\"article\" \/>\n<meta property=\"og:title\" content=\"LAP - Adbioink\/tr\" \/>\n<meta property=\"og:description\" content=\"LAP, hidrojellerin veya biyom\u00fcrekkeplerin polimerizasyon s\u00fcrecinde fayda bulan suda \u00e7\u00f6z\u00fcn\u00fcr bir foto ba\u015flat\u0131c\u0131y\u0131 temsil eder. 405nm mavi \u0131\u015f\u0131\u011fa maruz\" \/>\n<meta property=\"og:url\" content=\"https:\/\/www.adbioink.com\/tr\/product\/lap\/\" \/>\n<meta property=\"og:site_name\" content=\"Adbioink\/tr\" \/>\n<meta property=\"article:modified_time\" content=\"2023-07-01T19:52:24+00:00\" \/>\n<meta property=\"og:image\" content=\"https:\/\/www.adbioink.com\/tr\/wp-content\/uploads\/sites\/2\/2021\/01\/LAP.png\" \/>\n\t<meta property=\"og:image:width\" content=\"847\" \/>\n\t<meta property=\"og:image:height\" content=\"729\" \/>\n\t<meta property=\"og:image:type\" content=\"image\/png\" \/>\n<meta name=\"twitter:card\" content=\"summary_large_image\" \/>\n<meta name=\"twitter:label1\" content=\"Tahmini okuma s\u00fcresi\" \/>\n\t<meta name=\"twitter:data1\" content=\"1 dakika\" \/>\n<script type=\"application\/ld+json\" class=\"yoast-schema-graph\">{\"@context\":\"https:\/\/schema.org\",\"@graph\":[{\"@type\":\"WebPage\",\"@id\":\"https:\/\/www.adbioink.com\/tr\/product\/lap\/\",\"url\":\"https:\/\/www.adbioink.com\/tr\/product\/lap\/\",\"name\":\"LAP - Adbioink\/tr\",\"isPartOf\":{\"@id\":\"https:\/\/www.adbioink.com\/tr\/#website\"},\"datePublished\":\"2021-01-29T20:36:24+00:00\",\"dateModified\":\"2023-07-01T19:52:24+00:00\",\"description\":\"LAP, hidrojellerin veya biyom\u00fcrekkeplerin polimerizasyon s\u00fcrecinde fayda bulan suda \u00e7\u00f6z\u00fcn\u00fcr bir foto ba\u015flat\u0131c\u0131y\u0131 temsil eder. 405nm mavi \u0131\u015f\u0131\u011fa maruz\",\"breadcrumb\":{\"@id\":\"https:\/\/www.adbioink.com\/tr\/product\/lap\/#breadcrumb\"},\"inLanguage\":\"tr\",\"potentialAction\":[{\"@type\":\"ReadAction\",\"target\":[\"https:\/\/www.adbioink.com\/tr\/product\/lap\/\"]}]},{\"@type\":\"BreadcrumbList\",\"@id\":\"https:\/\/www.adbioink.com\/tr\/product\/lap\/#breadcrumb\",\"itemListElement\":[{\"@type\":\"ListItem\",\"position\":1,\"name\":\"Home\",\"item\":\"https:\/\/www.adbioink.com\/tr\/\"},{\"@type\":\"ListItem\",\"position\":2,\"name\":\"Ma\u011faza\",\"item\":\"https:\/\/www.adbioink.com\/tr\/magaza\/\"},{\"@type\":\"ListItem\",\"position\":3,\"name\":\"LAP\"}]},{\"@type\":\"WebSite\",\"@id\":\"https:\/\/www.adbioink.com\/tr\/#website\",\"url\":\"https:\/\/www.adbioink.com\/tr\/\",\"name\":\"Adbioink\/tr\",\"description\":\"\u0130leri Biyom\u00fcrekkep Teknolojileri\",\"potentialAction\":[{\"@type\":\"SearchAction\",\"target\":{\"@type\":\"EntryPoint\",\"urlTemplate\":\"https:\/\/www.adbioink.com\/tr\/?s={search_term_string}\"},\"query-input\":\"required name=search_term_string\"}],\"inLanguage\":\"tr\"}]}<\/script>\n<!-- \/ Yoast SEO plugin. -->","yoast_head_json":{"title":"LAP - Adbioink\/tr","description":"LAP, hidrojellerin veya biyom\u00fcrekkeplerin polimerizasyon s\u00fcrecinde fayda bulan suda \u00e7\u00f6z\u00fcn\u00fcr bir foto ba\u015flat\u0131c\u0131y\u0131 temsil eder. 405nm mavi \u0131\u015f\u0131\u011fa maruz","robots":{"index":"index","follow":"follow","max-snippet":"max-snippet:-1","max-image-preview":"max-image-preview:large","max-video-preview":"max-video-preview:-1"},"canonical":"https:\/\/www.adbioink.com\/tr\/product\/lap\/","og_locale":"tr_TR","og_type":"article","og_title":"LAP - Adbioink\/tr","og_description":"LAP, hidrojellerin veya biyom\u00fcrekkeplerin polimerizasyon s\u00fcrecinde fayda bulan suda \u00e7\u00f6z\u00fcn\u00fcr bir foto ba\u015flat\u0131c\u0131y\u0131 temsil eder. 405nm mavi \u0131\u015f\u0131\u011fa maruz","og_url":"https:\/\/www.adbioink.com\/tr\/product\/lap\/","og_site_name":"Adbioink\/tr","article_modified_time":"2023-07-01T19:52:24+00:00","og_image":[{"url":"https:\/\/www.adbioink.com\/tr\/wp-content\/uploads\/sites\/2\/2021\/01\/LAP.png","width":847,"height":729,"type":"image\/png"}],"twitter_card":"summary_large_image","twitter_misc":{"Tahmini okuma s\u00fcresi":"1 dakika"},"schema":{"@context":"https:\/\/schema.org","@graph":[{"@type":"WebPage","@id":"https:\/\/www.adbioink.com\/tr\/product\/lap\/","url":"https:\/\/www.adbioink.com\/tr\/product\/lap\/","name":"LAP - Adbioink\/tr","isPartOf":{"@id":"https:\/\/www.adbioink.com\/tr\/#website"},"datePublished":"2021-01-29T20:36:24+00:00","dateModified":"2023-07-01T19:52:24+00:00","description":"LAP, hidrojellerin veya biyom\u00fcrekkeplerin polimerizasyon s\u00fcrecinde fayda bulan suda \u00e7\u00f6z\u00fcn\u00fcr bir foto ba\u015flat\u0131c\u0131y\u0131 temsil eder. 405nm mavi \u0131\u015f\u0131\u011fa maruz","breadcrumb":{"@id":"https:\/\/www.adbioink.com\/tr\/product\/lap\/#breadcrumb"},"inLanguage":"tr","potentialAction":[{"@type":"ReadAction","target":["https:\/\/www.adbioink.com\/tr\/product\/lap\/"]}]},{"@type":"BreadcrumbList","@id":"https:\/\/www.adbioink.com\/tr\/product\/lap\/#breadcrumb","itemListElement":[{"@type":"ListItem","position":1,"name":"Home","item":"https:\/\/www.adbioink.com\/tr\/"},{"@type":"ListItem","position":2,"name":"Ma\u011faza","item":"https:\/\/www.adbioink.com\/tr\/magaza\/"},{"@type":"ListItem","position":3,"name":"LAP"}]},{"@type":"WebSite","@id":"https:\/\/www.adbioink.com\/tr\/#website","url":"https:\/\/www.adbioink.com\/tr\/","name":"Adbioink\/tr","description":"\u0130leri Biyom\u00fcrekkep Teknolojileri","potentialAction":[{"@type":"SearchAction","target":{"@type":"EntryPoint","urlTemplate":"https:\/\/www.adbioink.com\/tr\/?s={search_term_string}"},"query-input":"required name=search_term_string"}],"inLanguage":"tr"}]}},"_links":{"self":[{"href":"https:\/\/www.adbioink.com\/tr\/wp-json\/wp\/v2\/product\/7648"}],"collection":[{"href":"https:\/\/www.adbioink.com\/tr\/wp-json\/wp\/v2\/product"}],"about":[{"href":"https:\/\/www.adbioink.com\/tr\/wp-json\/wp\/v2\/types\/product"}],"replies":[{"embeddable":true,"href":"https:\/\/www.adbioink.com\/tr\/wp-json\/wp\/v2\/comments?post=7648"}],"wp:featuredmedia":[{"embeddable":true,"href":"https:\/\/www.adbioink.com\/tr\/wp-json\/wp\/v2\/media\/9913"}],"wp:attachment":[{"href":"https:\/\/www.adbioink.com\/tr\/wp-json\/wp\/v2\/media?parent=7648"}],"wp:term":[{"taxonomy":"product_cat","embeddable":true,"href":"https:\/\/www.adbioink.com\/tr\/wp-json\/wp\/v2\/product_cat?post=7648"},{"taxonomy":"product_tag","embeddable":true,"href":"https:\/\/www.adbioink.com\/tr\/wp-json\/wp\/v2\/product_tag?post=7648"}],"curies":[{"name":"wp","href":"https:\/\/api.w.org\/{rel}","templated":true}]}}