{"id":7709,"date":"2021-01-30T19:53:52","date_gmt":"2021-01-30T19:53:52","guid":{"rendered":"https:\/\/www.adbioink.com\/?post_type=product&#038;p=7709"},"modified":"2024-06-30T09:41:02","modified_gmt":"2024-06-30T08:41:02","slug":"gelma-jelatin-metakrilat","status":"publish","type":"product","link":"https:\/\/www.adbioink.com\/tr\/product\/gelma-jelatin-metakrilat\/","title":{"rendered":"GelMA (Jelatin Metakrilat)"},"content":{"rendered":"<p>[vc_row][vc_column][vc_column_text]<\/p>\n<table style=\"height: 172px;\" width=\"287\">\n<tbody>\n<tr>\n<td width=\"320\"><strong>E\u015f anlaml\u0131<\/strong><\/td>\n<td width=\"320\">GelMA, GelMA Liyofilize, Metakrile edilmi\u015f jelatin, Jelatin metakrilat, Jelatin metakriloil<\/td>\n<\/tr>\n<tr>\n<td width=\"320\"><strong>Sterilite<\/strong><\/td>\n<td width=\"320\">Steril<\/td>\n<\/tr>\n<tr>\n<td width=\"320\"><b><i>Metakrilasyon derecesi<\/i><\/b><\/td>\n<td width=\"320\">&gt;80% (GelMA High)<br \/>\n50-60% (GelMA Middle)<\/td>\n<\/tr>\n<tr>\n<td width=\"320\"><strong>Raf \u00f6mr\u00fc<\/strong><\/td>\n<td width=\"320\">Al\u0131nd\u0131\u011f\u0131 tarihten itibaren en az 6 ay<\/td>\n<\/tr>\n<tr>\n<td width=\"320\"><strong>Depolama ko\u015fullar\u0131<\/strong><\/td>\n<td width=\"320\">-20\u02daC \/ + 4\u02daC, I\u015f\u0131\u011fa ve neme duyarl\u0131<\/td>\n<\/tr>\n<tr>\n<td width=\"320\"><strong>Form<\/strong><\/td>\n<td width=\"320\">Liyofilize<\/td>\n<\/tr>\n<tr>\n<td width=\"320\"><strong>Jelatin kayna\u011f\u0131<\/strong><\/td>\n<td width=\"320\">Type A, 300 Bloom, Porcine<\/td>\n<\/tr>\n<tr>\n<td width=\"320\"><strong>pH<\/strong><\/td>\n<td width=\"320\">7.4<\/td>\n<\/tr>\n<\/tbody>\n<\/table>\n<p>[\/vc_column_text][\/vc_column][\/vc_row]<\/p>\n","protected":false},"excerpt":{"rendered":"<p>GelMA (Jelatin metakrilat), h\u00fccre d\u0131\u015f\u0131 matrise (ECM) benzerli\u011fi nedeniyle \u00e7ok \u00e7e\u015fitli biyomedikal uygulamalar i\u00e7in doku m\u00fchendisli\u011fi yap\u0131 iskeleleri olu\u015fturmak i\u00e7in umut verici bir biyomateryaldir. GelMA liyofilizat, metakrilat gruplar\u0131 i\u00e7eren kollajen t\u00fcrevinin bir hidroliz \u00fcr\u00fcn\u00fcd\u00fcr. H\u00fccre proliferasyonunu ve doku iskelelerine yay\u0131lmas\u0131n\u0131 destekleyen arginin-glisin-aspartik asit (RGD) peptit dizileri i\u00e7erir.<\/p>\n<p>Hidrojel bazl\u0131 yap\u0131lar, 3D k\u00fclt\u00fcrlemede yayg\u0131n olarak kullan\u0131lan b\u00fcy\u00fck bir potansiyele sahiptir. H\u00fccresel davran\u0131\u015flar\u0131 kontrol etmek, h\u00fccre-biyomateryal etkile\u015fimlerini incelemek ve canl\u0131 dokular\u0131 tasarlamak i\u00e7in ideal platformlar sa\u011flayarak hidrojel mikro fabrikasyonunun benzersiz modeller, morfolojiler ve 3B yap\u0131lar olu\u015fturmas\u0131n\u0131 sa\u011flar. Ayarlanabilir mekanik \u00f6zelliklere sahip hidrojeller olu\u015fturmak i\u00e7in \u0131\u015f\u0131k \u0131\u015f\u0131n\u0131na maruz kald\u0131\u011f\u0131nda kolayca \u00e7apraz ba\u011flanabilir. GelMA liyofilizat tozlar\u0131n\u0131n foto-\u00e7apraz ba\u011flanmas\u0131, \u0131\u015f\u0131\u011fa maruz kalma alt\u0131nda suda \u00e7\u00f6z\u00fcn\u00fcr bir foto ba\u015flat\u0131c\u0131 (\u00fcr\u00fcnlerimize bak\u0131n, yani Irgacure2959 ve LAP) kullan\u0131larak d\u00fczenlenebilir. GelMA yap\u0131 iskelelerinin fiziksel ve kimyasal \u00f6zellikleri, \u00e7e\u015fitli biyomedikal uygulamalar\u0131n gereksinimlerini kar\u015f\u0131lamak i\u00e7in esnek bir \u015fekilde ayarlanabilir: yani kemik, k\u0131k\u0131rdak, n\u00f6ral, deri, kas ve kalp dokusu rejenerasyonu. GelMA hidrojelleri, doku iskeleleri olu\u015fturmak i\u00e7in mikro-kal\u0131plama, foto-maskeleme, 3D-biyobask\u0131, kendi kendine montaj ve mikroak\u0131\u015fkan prosed\u00fcrler dahil olmak \u00fczere farkl\u0131 metodolojiler kullan\u0131larak mikro-fabrike edilebilir.<\/p>\n<p>Adbioink GelMA kullan\u0131larak, GelMA bazl\u0131 yap\u0131 iskeleleri s\u00fcngerler, kriyojeller ve enjekte edilebilir hidrojeller \u015feklinde haz\u0131rlanabilir. Ek olarak, GelMA&#8217;m\u0131z kendi biom\u00fcrekkep form\u00fclasyonunuzu uyarlamak i\u00e7in kullan\u0131labilir.<\/p>\n<h2>Dok\u00fcmanlar<\/h2>\n<ul>\n<li><a href=\"https:\/\/www.adbioink.com\/wp-content\/uploads\/2021\/01\/SDS-GeIMA-High.pdf\">SDS &#8211; GeIMA High<\/a><\/li>\n<li><a href=\"https:\/\/www.adbioink.com\/wp-content\/uploads\/2021\/01\/SDS-GeIMA-Middle.pdf\">SDS &#8211; GeIMA Middle<\/a><\/li>\n<\/ul>\n<p style=\"text-align: left;\">\n","protected":false},"featured_media":9907,"comment_status":"open","ping_status":"closed","template":"","meta":{"_mi_skip_tracking":false,"_monsterinsights_sitenote_active":false,"_monsterinsights_sitenote_note":"","_monsterinsights_sitenote_category":0},"product_cat":[19,296],"product_tag":[32,35,299,300,298,301],"yoast_head":"<!-- This site is optimized with the Yoast SEO plugin v20.9 - https:\/\/yoast.com\/wordpress\/plugins\/seo\/ -->\n<title>GelMA (Jelatin Metakrilat) - Adbioink\/tr<\/title>\n<meta name=\"description\" content=\"Jelatin metakrilat (GelMA), \u00e7ok \u00e7e\u015fitli biyomedikal uygulamalar i\u00e7in doku m\u00fchendisli\u011fi yap\u0131 iskeleleri olu\u015fturmak i\u00e7in umut verici bir biyomateryaldir.\" \/>\n<meta name=\"robots\" content=\"index, follow, max-snippet:-1, max-image-preview:large, max-video-preview:-1\" \/>\n<link rel=\"canonical\" href=\"https:\/\/www.adbioink.com\/tr\/product\/gelma-jelatin-metakrilat\/\" \/>\n<meta property=\"og:locale\" content=\"tr_TR\" \/>\n<meta property=\"og:type\" content=\"article\" \/>\n<meta property=\"og:title\" content=\"GelMA (Jelatin Metakrilat) - Adbioink\/tr\" \/>\n<meta property=\"og:description\" content=\"Jelatin metakrilat (GelMA), \u00e7ok \u00e7e\u015fitli biyomedikal uygulamalar i\u00e7in doku m\u00fchendisli\u011fi yap\u0131 iskeleleri olu\u015fturmak i\u00e7in umut verici bir biyomateryaldir.\" \/>\n<meta property=\"og:url\" content=\"https:\/\/www.adbioink.com\/tr\/product\/gelma-jelatin-metakrilat\/\" \/>\n<meta property=\"og:site_name\" content=\"Adbioink\/tr\" \/>\n<meta property=\"article:modified_time\" content=\"2024-06-30T08:41:02+00:00\" \/>\n<meta property=\"og:image\" content=\"https:\/\/www.adbioink.com\/tr\/wp-content\/uploads\/sites\/2\/2021\/01\/GelMA-Lyophilized-Powder.png\" \/>\n\t<meta property=\"og:image:width\" content=\"847\" \/>\n\t<meta property=\"og:image:height\" content=\"729\" \/>\n\t<meta property=\"og:image:type\" content=\"image\/png\" \/>\n<meta name=\"twitter:card\" content=\"summary_large_image\" \/>\n<meta name=\"twitter:label1\" content=\"Tahmini okuma s\u00fcresi\" \/>\n\t<meta name=\"twitter:data1\" content=\"1 dakika\" \/>\n<script type=\"application\/ld+json\" class=\"yoast-schema-graph\">{\"@context\":\"https:\/\/schema.org\",\"@graph\":[{\"@type\":\"WebPage\",\"@id\":\"https:\/\/www.adbioink.com\/tr\/product\/gelma-jelatin-metakrilat\/\",\"url\":\"https:\/\/www.adbioink.com\/tr\/product\/gelma-jelatin-metakrilat\/\",\"name\":\"GelMA (Jelatin Metakrilat) - Adbioink\/tr\",\"isPartOf\":{\"@id\":\"https:\/\/www.adbioink.com\/tr\/#website\"},\"datePublished\":\"2021-01-30T19:53:52+00:00\",\"dateModified\":\"2024-06-30T08:41:02+00:00\",\"description\":\"Jelatin metakrilat (GelMA), \u00e7ok \u00e7e\u015fitli biyomedikal uygulamalar i\u00e7in doku m\u00fchendisli\u011fi yap\u0131 iskeleleri olu\u015fturmak i\u00e7in umut verici bir biyomateryaldir.\",\"breadcrumb\":{\"@id\":\"https:\/\/www.adbioink.com\/tr\/product\/gelma-jelatin-metakrilat\/#breadcrumb\"},\"inLanguage\":\"tr\",\"potentialAction\":[{\"@type\":\"ReadAction\",\"target\":[\"https:\/\/www.adbioink.com\/tr\/product\/gelma-jelatin-metakrilat\/\"]}]},{\"@type\":\"BreadcrumbList\",\"@id\":\"https:\/\/www.adbioink.com\/tr\/product\/gelma-jelatin-metakrilat\/#breadcrumb\",\"itemListElement\":[{\"@type\":\"ListItem\",\"position\":1,\"name\":\"Home\",\"item\":\"https:\/\/www.adbioink.com\/tr\/\"},{\"@type\":\"ListItem\",\"position\":2,\"name\":\"Ma\u011faza\",\"item\":\"https:\/\/www.adbioink.com\/tr\/magaza\/\"},{\"@type\":\"ListItem\",\"position\":3,\"name\":\"GelMA (Jelatin Metakrilat)\"}]},{\"@type\":\"WebSite\",\"@id\":\"https:\/\/www.adbioink.com\/tr\/#website\",\"url\":\"https:\/\/www.adbioink.com\/tr\/\",\"name\":\"Adbioink\/tr\",\"description\":\"\u0130leri Biyom\u00fcrekkep Teknolojileri\",\"potentialAction\":[{\"@type\":\"SearchAction\",\"target\":{\"@type\":\"EntryPoint\",\"urlTemplate\":\"https:\/\/www.adbioink.com\/tr\/?s={search_term_string}\"},\"query-input\":\"required name=search_term_string\"}],\"inLanguage\":\"tr\"}]}<\/script>\n<!-- \/ Yoast SEO plugin. -->","yoast_head_json":{"title":"GelMA (Jelatin Metakrilat) - Adbioink\/tr","description":"Jelatin metakrilat (GelMA), \u00e7ok \u00e7e\u015fitli biyomedikal uygulamalar i\u00e7in doku m\u00fchendisli\u011fi yap\u0131 iskeleleri olu\u015fturmak i\u00e7in umut verici bir biyomateryaldir.","robots":{"index":"index","follow":"follow","max-snippet":"max-snippet:-1","max-image-preview":"max-image-preview:large","max-video-preview":"max-video-preview:-1"},"canonical":"https:\/\/www.adbioink.com\/tr\/product\/gelma-jelatin-metakrilat\/","og_locale":"tr_TR","og_type":"article","og_title":"GelMA (Jelatin Metakrilat) - Adbioink\/tr","og_description":"Jelatin metakrilat (GelMA), \u00e7ok \u00e7e\u015fitli biyomedikal uygulamalar i\u00e7in doku m\u00fchendisli\u011fi yap\u0131 iskeleleri olu\u015fturmak i\u00e7in umut verici bir biyomateryaldir.","og_url":"https:\/\/www.adbioink.com\/tr\/product\/gelma-jelatin-metakrilat\/","og_site_name":"Adbioink\/tr","article_modified_time":"2024-06-30T08:41:02+00:00","og_image":[{"url":"https:\/\/www.adbioink.com\/tr\/wp-content\/uploads\/sites\/2\/2021\/01\/GelMA-Lyophilized-Powder.png","width":847,"height":729,"type":"image\/png"}],"twitter_card":"summary_large_image","twitter_misc":{"Tahmini okuma s\u00fcresi":"1 dakika"},"schema":{"@context":"https:\/\/schema.org","@graph":[{"@type":"WebPage","@id":"https:\/\/www.adbioink.com\/tr\/product\/gelma-jelatin-metakrilat\/","url":"https:\/\/www.adbioink.com\/tr\/product\/gelma-jelatin-metakrilat\/","name":"GelMA (Jelatin Metakrilat) - Adbioink\/tr","isPartOf":{"@id":"https:\/\/www.adbioink.com\/tr\/#website"},"datePublished":"2021-01-30T19:53:52+00:00","dateModified":"2024-06-30T08:41:02+00:00","description":"Jelatin metakrilat (GelMA), \u00e7ok \u00e7e\u015fitli biyomedikal uygulamalar i\u00e7in doku m\u00fchendisli\u011fi yap\u0131 iskeleleri olu\u015fturmak i\u00e7in umut verici bir biyomateryaldir.","breadcrumb":{"@id":"https:\/\/www.adbioink.com\/tr\/product\/gelma-jelatin-metakrilat\/#breadcrumb"},"inLanguage":"tr","potentialAction":[{"@type":"ReadAction","target":["https:\/\/www.adbioink.com\/tr\/product\/gelma-jelatin-metakrilat\/"]}]},{"@type":"BreadcrumbList","@id":"https:\/\/www.adbioink.com\/tr\/product\/gelma-jelatin-metakrilat\/#breadcrumb","itemListElement":[{"@type":"ListItem","position":1,"name":"Home","item":"https:\/\/www.adbioink.com\/tr\/"},{"@type":"ListItem","position":2,"name":"Ma\u011faza","item":"https:\/\/www.adbioink.com\/tr\/magaza\/"},{"@type":"ListItem","position":3,"name":"GelMA (Jelatin Metakrilat)"}]},{"@type":"WebSite","@id":"https:\/\/www.adbioink.com\/tr\/#website","url":"https:\/\/www.adbioink.com\/tr\/","name":"Adbioink\/tr","description":"\u0130leri Biyom\u00fcrekkep Teknolojileri","potentialAction":[{"@type":"SearchAction","target":{"@type":"EntryPoint","urlTemplate":"https:\/\/www.adbioink.com\/tr\/?s={search_term_string}"},"query-input":"required name=search_term_string"}],"inLanguage":"tr"}]}},"_links":{"self":[{"href":"https:\/\/www.adbioink.com\/tr\/wp-json\/wp\/v2\/product\/7709"}],"collection":[{"href":"https:\/\/www.adbioink.com\/tr\/wp-json\/wp\/v2\/product"}],"about":[{"href":"https:\/\/www.adbioink.com\/tr\/wp-json\/wp\/v2\/types\/product"}],"replies":[{"embeddable":true,"href":"https:\/\/www.adbioink.com\/tr\/wp-json\/wp\/v2\/comments?post=7709"}],"wp:featuredmedia":[{"embeddable":true,"href":"https:\/\/www.adbioink.com\/tr\/wp-json\/wp\/v2\/media\/9907"}],"wp:attachment":[{"href":"https:\/\/www.adbioink.com\/tr\/wp-json\/wp\/v2\/media?parent=7709"}],"wp:term":[{"taxonomy":"product_cat","embeddable":true,"href":"https:\/\/www.adbioink.com\/tr\/wp-json\/wp\/v2\/product_cat?post=7709"},{"taxonomy":"product_tag","embeddable":true,"href":"https:\/\/www.adbioink.com\/tr\/wp-json\/wp\/v2\/product_tag?post=7709"}],"curies":[{"name":"wp","href":"https:\/\/api.w.org\/{rel}","templated":true}]}}