{"id":7995,"date":"2021-08-29T13:31:28","date_gmt":"2021-08-29T12:31:28","guid":{"rendered":"https:\/\/www.adbioink.com\/?post_type=product&#038;p=7995"},"modified":"2023-07-01T20:52:38","modified_gmt":"2023-07-01T19:52:38","slug":"hama-hiyaluronik-asit-metakrilat","status":"publish","type":"product","link":"https:\/\/www.adbioink.com\/tr\/product\/hama-hiyaluronik-asit-metakrilat\/","title":{"rendered":"HAMA (Hiyal\u00fcronik Asit Metakrilat)"},"content":{"rendered":"<table style=\"height: 172px;\" width=\"287\">\n<tbody>\n<tr>\n<td width=\"320\"><strong>E\u015f anlaml\u0131<\/strong><\/td>\n<td width=\"320\">HAMA, HAMA Liyofilize, Metakrilat Hiyal\u00fcronik Asit, Metakrile Hiyal\u00fcronik Asit<\/td>\n<\/tr>\n<tr>\n<td width=\"320\"><strong>Sterilite<\/strong><\/td>\n<td width=\"320\">Steril<\/td>\n<\/tr>\n<tr>\n<td width=\"320\"><strong>Metakrilasyon derecesi<\/strong><\/td>\n<td width=\"320\">40-65%<\/td>\n<\/tr>\n<tr>\n<td width=\"320\"><strong>Raf \u00f6mr\u00fc<\/strong><\/td>\n<td width=\"320\">Al\u0131nd\u0131\u011f\u0131 tarihten itibaren en az 6 ay<\/td>\n<\/tr>\n<tr>\n<td width=\"320\"><strong>Suland\u0131r\u0131ld\u0131ktan sonra raf \u00f6mr\u00fc<\/strong><\/td>\n<td width=\"320\">1 ay<\/td>\n<\/tr>\n<tr>\n<td width=\"320\"><strong>Depolama ko\u015fullar\u0131<\/strong><\/td>\n<td width=\"320\">-20\u02daC, I\u015f\u0131\u011fa ve neme duyarl\u0131<\/td>\n<\/tr>\n<tr>\n<td width=\"320\"><strong>Form<\/strong><\/td>\n<td width=\"320\">Liyofilize<\/td>\n<\/tr>\n<\/tbody>\n<\/table>\n","protected":false},"excerpt":{"rendered":"<p>AdBioInk, metakrilat hyal\u00fcronik asit (HAMA) liyofilzie \u00fcr\u00fcn\u00fcn\u00fc sunar. Hyal\u00fcronik asit (HA) [\u03b1-1,4-D-glukuronik asit-\u03b2-1,3-N-asetil-D glukozamin], benzersiz bir s\u00fclfatlanmam\u0131\u015f glikozaminoglikand\u0131r. H\u00fccre davran\u0131\u015f\u0131n\u0131 kontrol etmede \u00f6nemli bir rol oynayan h\u00fccre d\u0131\u015f\u0131 matrisin (ECM) \u00f6nemli bir bile\u015fenidir. HA, ECM&#8217;de mekanik destek sa\u011flamak i\u00e7in de gereklidir ve h\u00fccre sinyallemesinde i\u015flev g\u00f6r\u00fcr. Hyal\u00fcronik asit, doku hidrodinami\u011fini, h\u00fccrelerin hareketini ve \u00e7o\u011falmas\u0131n\u0131 sa\u011flar ve bir dizi h\u00fccre y\u00fczeyi resept\u00f6r etkile\u015fimine kat\u0131l\u0131r. H\u00fccre dostu bir malzemedir ve h\u00fccre iskelesi i\u00e7in s\u0131kl\u0131kla kullan\u0131lan do\u011fal polimerdir. Hyal\u00fcronik asit, zay\u0131f mekanik davran\u0131\u015flar ve h\u0131zl\u0131 bozunma gibi dezavantajlara sahiptir. Hyal\u00fcronik asit \u00fczerindeki kimyasal modifikasyonlar bu dezavantajlar\u0131 ortadan kald\u0131rmaktad\u0131r.<\/p>\n<p>HA \u00fczerinde metakrilat gruplar\u0131 ile modifikasyon, UV&#8217;ye maruz kalma \u00fczerine polimerizasyona yol a\u00e7arak HA bazl\u0131 hidrojel olu\u015fumuyla sonu\u00e7lan\u0131r. \u00d6zellikle, hyal\u00fcronik asit metakrilat (HAMA), biyouyumlulu\u011funu korurken, t\u00fcretilmemi\u015f HA hidrojellerinden daha sert ve bozunmaya kar\u015f\u0131 daha diren\u00e7lidir. Metakrilasyon, HA&#8217;n\u0131n nihai mekanik mukavemetini artt\u0131r\u0131r ve bu, ba\u015far\u0131l\u0131 bir \u015fekilde 3B biyo-bask\u0131 yap\u0131labilen hyal\u00fcronik asit bazl\u0131 hidrojellerle sonu\u00e7lan\u0131r.<\/p>\n<p>Metakrile hyal\u00fcronik asit hidrojelleri, 3B bask\u0131l\u0131, doku m\u00fchendisli\u011fi ile \u00fcretilmi\u015f doku de\u011fi\u015fimlerinde uygulama i\u00e7in umut vaat eden yap\u0131 iskelesi malzemeleridir ve \u00f6zellikle cilt rejenerasyonu ve biyoaktif molek\u00fcller iletmek i\u00e7in uygundur. Adbioink hyal\u00fcronik asit metakrilat kullan\u0131larak s\u00fcngerler, kriyojeller ve enjekte edilebilir hidrojeller \u015feklinde HAMA bazl\u0131 yap\u0131 iskeleleri haz\u0131rlanabilir. Ek olarak, hyal\u00fcronik asit metakrilat tozumuz, kendi biyom\u00fcrekkep form\u00fclasyonunuzu uyarlamak i\u00e7in kullan\u0131labilir.<\/p>\n<h2>Belge<\/h2>\n<ul>\n<li><a href=\"https:\/\/www.adbioink.com\/wp-content\/uploads\/2021\/08\/SDS-HAMA-Hyaluronic-Acid-Methacrylate.pdf\">SDS &#8211; HAMA (Hyaluronic Acid Methacrylate)<\/a><\/li>\n<\/ul>\n","protected":false},"featured_media":8106,"comment_status":"open","ping_status":"closed","template":"","meta":{"_mi_skip_tracking":false,"_monsterinsights_sitenote_active":false,"_monsterinsights_sitenote_note":"","_monsterinsights_sitenote_category":0},"product_cat":[19,296],"product_tag":[32,70,319,320,321,322,324,323],"yoast_head":"<!-- This site is optimized with the Yoast SEO plugin v20.9 - https:\/\/yoast.com\/wordpress\/plugins\/seo\/ -->\n<title>HAMA (Hiyal\u00fcronik Asit Metakrilat) - Adbioink\/tr<\/title>\n<meta name=\"description\" content=\"AdBioInk, metakrilat hyal\u00fcronik asit (HAMA) liyofilzie \u00fcr\u00fcn\u00fcn\u00fc sunar. Hyal\u00fcronik asit (HA) [\u03b1-1,4-D-glukuronik asit-\u03b2-1,3-N-asetil-D glukozamin], benzersiz\" \/>\n<meta name=\"robots\" content=\"index, follow, max-snippet:-1, max-image-preview:large, max-video-preview:-1\" \/>\n<link rel=\"canonical\" href=\"https:\/\/www.adbioink.com\/tr\/product\/hama-hiyaluronik-asit-metakrilat\/\" \/>\n<meta property=\"og:locale\" content=\"tr_TR\" \/>\n<meta property=\"og:type\" content=\"article\" \/>\n<meta property=\"og:title\" content=\"HAMA (Hiyal\u00fcronik Asit Metakrilat) - Adbioink\/tr\" \/>\n<meta property=\"og:description\" content=\"AdBioInk, metakrilat hyal\u00fcronik asit (HAMA) liyofilzie \u00fcr\u00fcn\u00fcn\u00fc sunar. Hyal\u00fcronik asit (HA) [\u03b1-1,4-D-glukuronik asit-\u03b2-1,3-N-asetil-D glukozamin], benzersiz\" \/>\n<meta property=\"og:url\" content=\"https:\/\/www.adbioink.com\/tr\/product\/hama-hiyaluronik-asit-metakrilat\/\" \/>\n<meta property=\"og:site_name\" content=\"Adbioink\/tr\" \/>\n<meta property=\"article:modified_time\" content=\"2023-07-01T19:52:38+00:00\" \/>\n<meta property=\"og:image\" content=\"https:\/\/www.adbioink.com\/tr\/wp-content\/uploads\/sites\/2\/2021\/08\/HAMA-Lyophilized-Powder.png\" \/>\n\t<meta property=\"og:image:width\" content=\"2500\" \/>\n\t<meta property=\"og:image:height\" content=\"2500\" \/>\n\t<meta property=\"og:image:type\" content=\"image\/png\" \/>\n<meta name=\"twitter:card\" content=\"summary_large_image\" \/>\n<meta name=\"twitter:label1\" content=\"Tahmini okuma s\u00fcresi\" \/>\n\t<meta name=\"twitter:data1\" content=\"1 dakika\" \/>\n<script type=\"application\/ld+json\" class=\"yoast-schema-graph\">{\"@context\":\"https:\/\/schema.org\",\"@graph\":[{\"@type\":\"WebPage\",\"@id\":\"https:\/\/www.adbioink.com\/tr\/product\/hama-hiyaluronik-asit-metakrilat\/\",\"url\":\"https:\/\/www.adbioink.com\/tr\/product\/hama-hiyaluronik-asit-metakrilat\/\",\"name\":\"HAMA (Hiyal\u00fcronik Asit Metakrilat) - Adbioink\/tr\",\"isPartOf\":{\"@id\":\"https:\/\/www.adbioink.com\/tr\/#website\"},\"datePublished\":\"2021-08-29T12:31:28+00:00\",\"dateModified\":\"2023-07-01T19:52:38+00:00\",\"description\":\"AdBioInk, metakrilat hyal\u00fcronik asit (HAMA) liyofilzie \u00fcr\u00fcn\u00fcn\u00fc sunar. Hyal\u00fcronik asit (HA) [\u03b1-1,4-D-glukuronik asit-\u03b2-1,3-N-asetil-D glukozamin], benzersiz\",\"breadcrumb\":{\"@id\":\"https:\/\/www.adbioink.com\/tr\/product\/hama-hiyaluronik-asit-metakrilat\/#breadcrumb\"},\"inLanguage\":\"tr\",\"potentialAction\":[{\"@type\":\"ReadAction\",\"target\":[\"https:\/\/www.adbioink.com\/tr\/product\/hama-hiyaluronik-asit-metakrilat\/\"]}]},{\"@type\":\"BreadcrumbList\",\"@id\":\"https:\/\/www.adbioink.com\/tr\/product\/hama-hiyaluronik-asit-metakrilat\/#breadcrumb\",\"itemListElement\":[{\"@type\":\"ListItem\",\"position\":1,\"name\":\"Home\",\"item\":\"https:\/\/www.adbioink.com\/tr\/\"},{\"@type\":\"ListItem\",\"position\":2,\"name\":\"Ma\u011faza\",\"item\":\"https:\/\/www.adbioink.com\/tr\/magaza\/\"},{\"@type\":\"ListItem\",\"position\":3,\"name\":\"HAMA (Hiyal\u00fcronik Asit Metakrilat)\"}]},{\"@type\":\"WebSite\",\"@id\":\"https:\/\/www.adbioink.com\/tr\/#website\",\"url\":\"https:\/\/www.adbioink.com\/tr\/\",\"name\":\"Adbioink\/tr\",\"description\":\"\u0130leri Biyom\u00fcrekkep Teknolojileri\",\"potentialAction\":[{\"@type\":\"SearchAction\",\"target\":{\"@type\":\"EntryPoint\",\"urlTemplate\":\"https:\/\/www.adbioink.com\/tr\/?s={search_term_string}\"},\"query-input\":\"required name=search_term_string\"}],\"inLanguage\":\"tr\"}]}<\/script>\n<!-- \/ Yoast SEO plugin. -->","yoast_head_json":{"title":"HAMA (Hiyal\u00fcronik Asit Metakrilat) - Adbioink\/tr","description":"AdBioInk, metakrilat hyal\u00fcronik asit (HAMA) liyofilzie \u00fcr\u00fcn\u00fcn\u00fc sunar. Hyal\u00fcronik asit (HA) [\u03b1-1,4-D-glukuronik asit-\u03b2-1,3-N-asetil-D glukozamin], benzersiz","robots":{"index":"index","follow":"follow","max-snippet":"max-snippet:-1","max-image-preview":"max-image-preview:large","max-video-preview":"max-video-preview:-1"},"canonical":"https:\/\/www.adbioink.com\/tr\/product\/hama-hiyaluronik-asit-metakrilat\/","og_locale":"tr_TR","og_type":"article","og_title":"HAMA (Hiyal\u00fcronik Asit Metakrilat) - Adbioink\/tr","og_description":"AdBioInk, metakrilat hyal\u00fcronik asit (HAMA) liyofilzie \u00fcr\u00fcn\u00fcn\u00fc sunar. Hyal\u00fcronik asit (HA) [\u03b1-1,4-D-glukuronik asit-\u03b2-1,3-N-asetil-D glukozamin], benzersiz","og_url":"https:\/\/www.adbioink.com\/tr\/product\/hama-hiyaluronik-asit-metakrilat\/","og_site_name":"Adbioink\/tr","article_modified_time":"2023-07-01T19:52:38+00:00","og_image":[{"width":2500,"height":2500,"url":"https:\/\/www.adbioink.com\/tr\/wp-content\/uploads\/sites\/2\/2021\/08\/HAMA-Lyophilized-Powder.png","type":"image\/png"}],"twitter_card":"summary_large_image","twitter_misc":{"Tahmini okuma s\u00fcresi":"1 dakika"},"schema":{"@context":"https:\/\/schema.org","@graph":[{"@type":"WebPage","@id":"https:\/\/www.adbioink.com\/tr\/product\/hama-hiyaluronik-asit-metakrilat\/","url":"https:\/\/www.adbioink.com\/tr\/product\/hama-hiyaluronik-asit-metakrilat\/","name":"HAMA (Hiyal\u00fcronik Asit Metakrilat) - Adbioink\/tr","isPartOf":{"@id":"https:\/\/www.adbioink.com\/tr\/#website"},"datePublished":"2021-08-29T12:31:28+00:00","dateModified":"2023-07-01T19:52:38+00:00","description":"AdBioInk, metakrilat hyal\u00fcronik asit (HAMA) liyofilzie \u00fcr\u00fcn\u00fcn\u00fc sunar. Hyal\u00fcronik asit (HA) [\u03b1-1,4-D-glukuronik asit-\u03b2-1,3-N-asetil-D glukozamin], benzersiz","breadcrumb":{"@id":"https:\/\/www.adbioink.com\/tr\/product\/hama-hiyaluronik-asit-metakrilat\/#breadcrumb"},"inLanguage":"tr","potentialAction":[{"@type":"ReadAction","target":["https:\/\/www.adbioink.com\/tr\/product\/hama-hiyaluronik-asit-metakrilat\/"]}]},{"@type":"BreadcrumbList","@id":"https:\/\/www.adbioink.com\/tr\/product\/hama-hiyaluronik-asit-metakrilat\/#breadcrumb","itemListElement":[{"@type":"ListItem","position":1,"name":"Home","item":"https:\/\/www.adbioink.com\/tr\/"},{"@type":"ListItem","position":2,"name":"Ma\u011faza","item":"https:\/\/www.adbioink.com\/tr\/magaza\/"},{"@type":"ListItem","position":3,"name":"HAMA (Hiyal\u00fcronik Asit Metakrilat)"}]},{"@type":"WebSite","@id":"https:\/\/www.adbioink.com\/tr\/#website","url":"https:\/\/www.adbioink.com\/tr\/","name":"Adbioink\/tr","description":"\u0130leri Biyom\u00fcrekkep Teknolojileri","potentialAction":[{"@type":"SearchAction","target":{"@type":"EntryPoint","urlTemplate":"https:\/\/www.adbioink.com\/tr\/?s={search_term_string}"},"query-input":"required name=search_term_string"}],"inLanguage":"tr"}]}},"_links":{"self":[{"href":"https:\/\/www.adbioink.com\/tr\/wp-json\/wp\/v2\/product\/7995"}],"collection":[{"href":"https:\/\/www.adbioink.com\/tr\/wp-json\/wp\/v2\/product"}],"about":[{"href":"https:\/\/www.adbioink.com\/tr\/wp-json\/wp\/v2\/types\/product"}],"replies":[{"embeddable":true,"href":"https:\/\/www.adbioink.com\/tr\/wp-json\/wp\/v2\/comments?post=7995"}],"wp:featuredmedia":[{"embeddable":true,"href":"https:\/\/www.adbioink.com\/tr\/wp-json\/wp\/v2\/media\/8106"}],"wp:attachment":[{"href":"https:\/\/www.adbioink.com\/tr\/wp-json\/wp\/v2\/media?parent=7995"}],"wp:term":[{"taxonomy":"product_cat","embeddable":true,"href":"https:\/\/www.adbioink.com\/tr\/wp-json\/wp\/v2\/product_cat?post=7995"},{"taxonomy":"product_tag","embeddable":true,"href":"https:\/\/www.adbioink.com\/tr\/wp-json\/wp\/v2\/product_tag?post=7995"}],"curies":[{"name":"wp","href":"https:\/\/api.w.org\/{rel}","templated":true}]}}