{"id":8010,"date":"2021-08-29T15:59:29","date_gmt":"2021-08-29T14:59:29","guid":{"rendered":"https:\/\/www.adbioink.com\/?post_type=product&#038;p=8010"},"modified":"2024-10-26T08:49:27","modified_gmt":"2024-10-26T07:49:27","slug":"hiyaluronik-asit-biyomurekkep","status":"publish","type":"product","link":"https:\/\/www.adbioink.com\/tr\/product\/hiyaluronik-asit-biyomurekkep\/","title":{"rendered":"Hiyal\u00fcronik Asit Biyom\u00fcrekkep"},"content":{"rendered":"<table width=\"640\">\n<tbody>\n<tr>\n<td width=\"320\"><i><strong>Synonyms<\/strong><\/i><\/td>\n<td width=\"320\">HAMA Biyom\u00fcrekkep,\u00a0 Metakrile Hyal\u00fcronik Asit Biyom\u00fcrekkep<\/td>\n<\/tr>\n<tr>\n<td width=\"320\"><strong>Sterilite<\/strong><\/td>\n<td width=\"320\">Steril<\/td>\n<\/tr>\n<tr>\n<td width=\"320\"><i><strong>Endotoksin seviyesi<\/strong><\/i><\/td>\n<td width=\"320\">&lt;50 EU\/mL<\/td>\n<\/tr>\n<tr>\n<td width=\"320\"><i><strong>H\u00fccre canl\u0131l\u0131\u011f\u0131<\/strong><\/i><\/td>\n<td width=\"320\">\u226585% fibroblast h\u00fccreleri, mezenkimal k\u00f6k h\u00fccreler ve osteoblast h\u00fccreleri<\/td>\n<\/tr>\n<tr>\n<td width=\"320\"><strong>pH<\/strong><\/td>\n<td width=\"320\">6.0-8.0<\/td>\n<\/tr>\n<tr>\n<td width=\"320\"><strong>Form<\/strong><\/td>\n<td width=\"320\">Jel<\/td>\n<\/tr>\n<\/tbody>\n<\/table>\n<p><strong>AdBioInk Biyosistem Teknoloji taraf\u0131ndan geli\u015ftirilen hyal\u00fcronik asit metakrile biyom\u00fcrekkep, iki farkl\u0131 fotoba\u015flat\u0131c\u0131 (Irgacure2959 ve LAP) kullan\u0131larak haz\u0131rlanabilmekte ve sat\u0131lmaktad\u0131r. NIH-3T3 h\u00fccre hatt\u0131na kar\u015f\u0131 h\u00fccre yap\u0131\u015fmas\u0131 ve h\u00fccre kaps\u00fclleme deneyleri yap\u0131ld\u0131. Hyal\u00fcronik asit biyom\u00fcrekkeplerinin h\u00fccre canl\u0131l\u0131\u011f\u0131 Live\/Dead kiti kullan\u0131larak belirlendi. Sonu\u00e7lar, h\u00fccre y\u00fckl\u00fc hyal\u00fcronik asit biyom\u00fcrekkeplerin h\u00fccre canl\u0131l\u0131\u011f\u0131n\u0131 (%95&#8217;ten fazla) destekledi\u011fini g\u00f6sterdi. H\u00fccre morfolojisinin incelendi\u011fi Dapi-Actin boyama g\u00f6r\u00fcnt\u00fclerinde Irgacure ve LAP ile haz\u0131rlanan biyom\u00fcrekkepler 7 g\u00fcn boyunca h\u00fccre adezyonunu ve \u00e7o\u011falmas\u0131n\u0131 destekledi.<\/strong><\/p>\n<p><img decoding=\"async\" loading=\"lazy\" class=\"alignnone size-full wp-image-8177\" src=\"https:\/\/www.adbioink.com\/wp-content\/uploads\/2021\/08\/HAMA-Bioink-Cell-adhesion-Viability-Morphology.png\" alt=\"\" width=\"1320\" height=\"614\" \/><\/p>\n","protected":false},"excerpt":{"rendered":"<p>Adbioink, metakrile hyal\u00fcronik asit (HAMA) biyom\u00fcrekkep \u00fcr\u00fcn\u00fcn\u00fc sunar. Hyal\u00fcronik asit (HA) [a-1,4-D-glukuronik asit-\u03b2-1,3-N-asetil-D glukozamin]n, do\u011fal olarak olu\u015fan y\u00fcksek molek\u00fcler a\u011f\u0131rl\u0131kl\u0131 bir hidrofilik glikozaminoglikand\u0131r. Mekanik destek sa\u011flad\u0131\u011f\u0131 h\u00fccre d\u0131\u015f\u0131 matriste bol miktarda bulunan bir polimerdir. Hyal\u00fcronan ayr\u0131ca doku hidrodinami\u011fini, h\u00fccrelerin hareketini ve \u00e7o\u011falmas\u0131n\u0131 sa\u011flar ve bir dizi h\u00fccre y\u00fczeyi resept\u00f6r etkile\u015fimine kat\u0131l\u0131r. H\u00fccre dostu bir malzemedir ve h\u00fccre iskelesi i\u00e7in s\u0131kl\u0131kla kullan\u0131lan do\u011fal polimerdir.<\/p>\n<p>Hyal\u00fcronik asidin kimyasal yap\u0131s\u0131, (birincil) hidroksil gruplar\u0131n\u0131n esterle\u015fme ile kolayl\u0131kla yer de\u011fi\u015ftirmesine izin verir. Metakrilat gruplar\u0131 ile modifikasyon ve ard\u0131ndan bir fotoba\u015flat\u0131c\u0131n\u0131n eklenmesi, UV&#8217;ye maruz kalma \u00fczerine polimerizasyona yol a\u00e7arak a\u011f olu\u015fumuna neden olur. Metakrile hyal\u00fcronik asit (HaMA), biyouyumlulu\u011funu korurken, t\u00fcretilmemi\u015f hyal\u00fcronik asit hidrojellerine g\u00f6re bozunmaya kar\u015f\u0131 daha diren\u00e7li ve daha serttir. Metakrilasyon, hyal\u00fcronik asidin nihai mekanik g\u00fcc\u00fcn\u00fc artt\u0131r\u0131r ve bu, 3B biyobask\u0131 yap\u0131labilen hyal\u00fcronik asit bazl\u0131 hidrojellerle sonu\u00e7lan\u0131r. Bu hidrojeller, iyi birincil h\u00fccre sa\u011fkal\u0131m\u0131n\u0131 ve in vitro m\u00fckemmel spontan osteojenik farkl\u0131la\u015fmay\u0131 g\u00f6sterir. \u0130\u00e7sel osteojenikli\u011fe sahip HAMA bazl\u0131 hidrojeller, 3B bask\u0131l\u0131, doku m\u00fchendisli\u011fi ile yap\u0131lm\u0131\u015f kemik replasmanlar\u0131nda uygulama i\u00e7in umut vaat eden yap\u0131 iskelesi malzemeleridir.<\/p>\n","protected":false},"featured_media":8115,"comment_status":"open","ping_status":"closed","template":"","meta":{"_mi_skip_tracking":false,"_monsterinsights_sitenote_active":false,"_monsterinsights_sitenote_note":"","_monsterinsights_sitenote_category":0},"product_cat":[19,311],"product_tag":[32,34,70,85,86],"yoast_head":"<!-- This site is optimized with the Yoast SEO plugin v20.9 - https:\/\/yoast.com\/wordpress\/plugins\/seo\/ -->\n<title>Hiyal\u00fcronik Asit Biyom\u00fcrekkep - Adbioink\/tr<\/title>\n<meta name=\"description\" content=\"Adbioink, metakrile hyal\u00fcronik asit (HAMA) biyom\u00fcrekkep \u00fcr\u00fcn\u00fcn\u00fc sunar. Hyal\u00fcronik asit (HA) [a-1,4-D-glukuronik asit-\u03b2-1,3-N-asetil-D glukozamin]n, do\u011fal olarak olu\u015fan\" \/>\n<meta name=\"robots\" content=\"index, follow, max-snippet:-1, max-image-preview:large, max-video-preview:-1\" \/>\n<link rel=\"canonical\" href=\"https:\/\/www.adbioink.com\/tr\/product\/hiyaluronik-asit-biyomurekkep\/\" \/>\n<meta property=\"og:locale\" content=\"tr_TR\" \/>\n<meta property=\"og:type\" content=\"article\" \/>\n<meta property=\"og:title\" content=\"Hiyal\u00fcronik Asit Biyom\u00fcrekkep - Adbioink\/tr\" \/>\n<meta property=\"og:description\" content=\"Adbioink, metakrile hyal\u00fcronik asit (HAMA) biyom\u00fcrekkep \u00fcr\u00fcn\u00fcn\u00fc sunar. Hyal\u00fcronik asit (HA) [a-1,4-D-glukuronik asit-\u03b2-1,3-N-asetil-D glukozamin]n, do\u011fal olarak olu\u015fan\" \/>\n<meta property=\"og:url\" content=\"https:\/\/www.adbioink.com\/tr\/product\/hiyaluronik-asit-biyomurekkep\/\" \/>\n<meta property=\"og:site_name\" content=\"Adbioink\/tr\" \/>\n<meta property=\"article:modified_time\" content=\"2024-10-26T07:49:27+00:00\" \/>\n<meta property=\"og:image\" content=\"https:\/\/www.adbioink.com\/tr\/wp-content\/uploads\/sites\/2\/2021\/08\/HAMA-Bioink.png\" \/>\n\t<meta property=\"og:image:width\" content=\"847\" \/>\n\t<meta property=\"og:image:height\" content=\"847\" \/>\n\t<meta property=\"og:image:type\" content=\"image\/png\" \/>\n<meta name=\"twitter:card\" content=\"summary_large_image\" \/>\n<meta name=\"twitter:label1\" content=\"Tahmini okuma s\u00fcresi\" \/>\n\t<meta name=\"twitter:data1\" content=\"1 dakika\" \/>\n<script type=\"application\/ld+json\" class=\"yoast-schema-graph\">{\"@context\":\"https:\/\/schema.org\",\"@graph\":[{\"@type\":\"WebPage\",\"@id\":\"https:\/\/www.adbioink.com\/tr\/product\/hiyaluronik-asit-biyomurekkep\/\",\"url\":\"https:\/\/www.adbioink.com\/tr\/product\/hiyaluronik-asit-biyomurekkep\/\",\"name\":\"Hiyal\u00fcronik Asit Biyom\u00fcrekkep - Adbioink\/tr\",\"isPartOf\":{\"@id\":\"https:\/\/www.adbioink.com\/tr\/#website\"},\"datePublished\":\"2021-08-29T14:59:29+00:00\",\"dateModified\":\"2024-10-26T07:49:27+00:00\",\"description\":\"Adbioink, metakrile hyal\u00fcronik asit (HAMA) biyom\u00fcrekkep \u00fcr\u00fcn\u00fcn\u00fc sunar. Hyal\u00fcronik asit (HA) [a-1,4-D-glukuronik asit-\u03b2-1,3-N-asetil-D glukozamin]n, do\u011fal olarak olu\u015fan\",\"breadcrumb\":{\"@id\":\"https:\/\/www.adbioink.com\/tr\/product\/hiyaluronik-asit-biyomurekkep\/#breadcrumb\"},\"inLanguage\":\"tr\",\"potentialAction\":[{\"@type\":\"ReadAction\",\"target\":[\"https:\/\/www.adbioink.com\/tr\/product\/hiyaluronik-asit-biyomurekkep\/\"]}]},{\"@type\":\"BreadcrumbList\",\"@id\":\"https:\/\/www.adbioink.com\/tr\/product\/hiyaluronik-asit-biyomurekkep\/#breadcrumb\",\"itemListElement\":[{\"@type\":\"ListItem\",\"position\":1,\"name\":\"Home\",\"item\":\"https:\/\/www.adbioink.com\/tr\/\"},{\"@type\":\"ListItem\",\"position\":2,\"name\":\"Ma\u011faza\",\"item\":\"https:\/\/www.adbioink.com\/tr\/magaza\/\"},{\"@type\":\"ListItem\",\"position\":3,\"name\":\"Hiyal\u00fcronik Asit Biyom\u00fcrekkep\"}]},{\"@type\":\"WebSite\",\"@id\":\"https:\/\/www.adbioink.com\/tr\/#website\",\"url\":\"https:\/\/www.adbioink.com\/tr\/\",\"name\":\"Adbioink\/tr\",\"description\":\"\u0130leri Biyom\u00fcrekkep Teknolojileri\",\"potentialAction\":[{\"@type\":\"SearchAction\",\"target\":{\"@type\":\"EntryPoint\",\"urlTemplate\":\"https:\/\/www.adbioink.com\/tr\/?s={search_term_string}\"},\"query-input\":\"required name=search_term_string\"}],\"inLanguage\":\"tr\"}]}<\/script>\n<!-- \/ Yoast SEO plugin. -->","yoast_head_json":{"title":"Hiyal\u00fcronik Asit Biyom\u00fcrekkep - Adbioink\/tr","description":"Adbioink, metakrile hyal\u00fcronik asit (HAMA) biyom\u00fcrekkep \u00fcr\u00fcn\u00fcn\u00fc sunar. Hyal\u00fcronik asit (HA) [a-1,4-D-glukuronik asit-\u03b2-1,3-N-asetil-D glukozamin]n, do\u011fal olarak olu\u015fan","robots":{"index":"index","follow":"follow","max-snippet":"max-snippet:-1","max-image-preview":"max-image-preview:large","max-video-preview":"max-video-preview:-1"},"canonical":"https:\/\/www.adbioink.com\/tr\/product\/hiyaluronik-asit-biyomurekkep\/","og_locale":"tr_TR","og_type":"article","og_title":"Hiyal\u00fcronik Asit Biyom\u00fcrekkep - Adbioink\/tr","og_description":"Adbioink, metakrile hyal\u00fcronik asit (HAMA) biyom\u00fcrekkep \u00fcr\u00fcn\u00fcn\u00fc sunar. Hyal\u00fcronik asit (HA) [a-1,4-D-glukuronik asit-\u03b2-1,3-N-asetil-D glukozamin]n, do\u011fal olarak olu\u015fan","og_url":"https:\/\/www.adbioink.com\/tr\/product\/hiyaluronik-asit-biyomurekkep\/","og_site_name":"Adbioink\/tr","article_modified_time":"2024-10-26T07:49:27+00:00","og_image":[{"url":"https:\/\/www.adbioink.com\/tr\/wp-content\/uploads\/sites\/2\/2021\/08\/HAMA-Bioink.png","width":847,"height":847,"type":"image\/png"}],"twitter_card":"summary_large_image","twitter_misc":{"Tahmini okuma s\u00fcresi":"1 dakika"},"schema":{"@context":"https:\/\/schema.org","@graph":[{"@type":"WebPage","@id":"https:\/\/www.adbioink.com\/tr\/product\/hiyaluronik-asit-biyomurekkep\/","url":"https:\/\/www.adbioink.com\/tr\/product\/hiyaluronik-asit-biyomurekkep\/","name":"Hiyal\u00fcronik Asit Biyom\u00fcrekkep - Adbioink\/tr","isPartOf":{"@id":"https:\/\/www.adbioink.com\/tr\/#website"},"datePublished":"2021-08-29T14:59:29+00:00","dateModified":"2024-10-26T07:49:27+00:00","description":"Adbioink, metakrile hyal\u00fcronik asit (HAMA) biyom\u00fcrekkep \u00fcr\u00fcn\u00fcn\u00fc sunar. Hyal\u00fcronik asit (HA) [a-1,4-D-glukuronik asit-\u03b2-1,3-N-asetil-D glukozamin]n, do\u011fal olarak olu\u015fan","breadcrumb":{"@id":"https:\/\/www.adbioink.com\/tr\/product\/hiyaluronik-asit-biyomurekkep\/#breadcrumb"},"inLanguage":"tr","potentialAction":[{"@type":"ReadAction","target":["https:\/\/www.adbioink.com\/tr\/product\/hiyaluronik-asit-biyomurekkep\/"]}]},{"@type":"BreadcrumbList","@id":"https:\/\/www.adbioink.com\/tr\/product\/hiyaluronik-asit-biyomurekkep\/#breadcrumb","itemListElement":[{"@type":"ListItem","position":1,"name":"Home","item":"https:\/\/www.adbioink.com\/tr\/"},{"@type":"ListItem","position":2,"name":"Ma\u011faza","item":"https:\/\/www.adbioink.com\/tr\/magaza\/"},{"@type":"ListItem","position":3,"name":"Hiyal\u00fcronik Asit Biyom\u00fcrekkep"}]},{"@type":"WebSite","@id":"https:\/\/www.adbioink.com\/tr\/#website","url":"https:\/\/www.adbioink.com\/tr\/","name":"Adbioink\/tr","description":"\u0130leri Biyom\u00fcrekkep Teknolojileri","potentialAction":[{"@type":"SearchAction","target":{"@type":"EntryPoint","urlTemplate":"https:\/\/www.adbioink.com\/tr\/?s={search_term_string}"},"query-input":"required name=search_term_string"}],"inLanguage":"tr"}]}},"_links":{"self":[{"href":"https:\/\/www.adbioink.com\/tr\/wp-json\/wp\/v2\/product\/8010"}],"collection":[{"href":"https:\/\/www.adbioink.com\/tr\/wp-json\/wp\/v2\/product"}],"about":[{"href":"https:\/\/www.adbioink.com\/tr\/wp-json\/wp\/v2\/types\/product"}],"replies":[{"embeddable":true,"href":"https:\/\/www.adbioink.com\/tr\/wp-json\/wp\/v2\/comments?post=8010"}],"wp:featuredmedia":[{"embeddable":true,"href":"https:\/\/www.adbioink.com\/tr\/wp-json\/wp\/v2\/media\/8115"}],"wp:attachment":[{"href":"https:\/\/www.adbioink.com\/tr\/wp-json\/wp\/v2\/media?parent=8010"}],"wp:term":[{"taxonomy":"product_cat","embeddable":true,"href":"https:\/\/www.adbioink.com\/tr\/wp-json\/wp\/v2\/product_cat?post=8010"},{"taxonomy":"product_tag","embeddable":true,"href":"https:\/\/www.adbioink.com\/tr\/wp-json\/wp\/v2\/product_tag?post=8010"}],"curies":[{"name":"wp","href":"https:\/\/api.w.org\/{rel}","templated":true}]}}