{"id":8017,"date":"2021-08-29T16:21:00","date_gmt":"2021-08-29T15:21:00","guid":{"rendered":"https:\/\/www.adbioink.com\/?post_type=product&#038;p=8017"},"modified":"2024-11-03T07:28:44","modified_gmt":"2024-11-03T07:28:44","slug":"gumma-gellan-gum-metakrilat","status":"publish","type":"product","link":"https:\/\/www.adbioink.com\/tr\/product\/gumma-gellan-gum-metakrilat\/","title":{"rendered":"GumMA (Gellan Gum Metakrilat)"},"content":{"rendered":"<table style=\"height: 172px;\" width=\"287\">\n<tbody>\n<tr>\n<td width=\"320\"><strong>E\u015f anlaml\u0131<\/strong><\/td>\n<td width=\"320\">GumMA, GumMA Liyofilize, Metakrile Gellan Gum, Gellan Gum Metakriloil<\/td>\n<\/tr>\n<tr>\n<td width=\"320\"><strong>Sterilite<\/strong><\/td>\n<td width=\"320\">Steril<\/td>\n<\/tr>\n<tr>\n<td width=\"320\"><strong>Raf \u00f6mr\u00fc<\/strong><\/td>\n<td width=\"320\">Al\u0131nd\u0131\u011f\u0131 tarihten itibaren en az 6 ay<\/td>\n<\/tr>\n<tr>\n<td width=\"320\"><strong>Depolama ko\u015fullar\u0131<\/strong><\/td>\n<td width=\"320\">+2\u02daC\/+8\u02daC, I\u015f\u0131\u011fa ve neme duyarl\u0131<\/td>\n<\/tr>\n<tr>\n<td width=\"320\"><strong>Form<\/strong><\/td>\n<td width=\"320\">Liyofilize<\/td>\n<\/tr>\n<\/tbody>\n<\/table>\n","protected":false},"excerpt":{"rendered":"<p>G\u0131da katk\u0131 maddesi olarak FDA onay\u0131na sahip Gellan Gum metakrilat, tekrar eden bir birim olarak glikoz-glukuronik asit-glukoz-ramnozdan olu\u015fan ve metalik iyonlar\u0131n varl\u0131\u011f\u0131nda jel olu\u015fturan h\u00fccre d\u0131\u015f\u0131 bir mikrobiyal anyonik heteropolisakkarittir. Gellan Gum, tekrar eden birim ba\u015f\u0131na serbest bir karboksilik gruba sahiptir ve bu, i\u015flevselle\u015ftirme ve biyo-stabilitesini geli\u015ftirme i\u00e7in kullan\u0131labilir. Gellan Gum metakrilat (GumMA), iyi mekanik \u00f6zellikleri ve terapi olarak umut verici sonu\u00e7lar\u0131 nedeniyle k\u0131k\u0131rdak-doku m\u00fchendisli\u011fi alanlar\u0131 i\u00e7in yeni bir biyomateryaldir.<\/p>\n<p>Foto-polimerizasyon, artan yap\u0131sal ve mekanik b\u00fct\u00fcnl\u00fck ile hidrojel olu\u015fumu i\u00e7in alternatif bir y\u00f6ntemdir. Bu teknikte, polimerler, bir foto ba\u015flat\u0131c\u0131 varl\u0131\u011f\u0131nda ve UV \u0131\u015f\u0131\u011f\u0131na maruz kald\u0131ktan sonra serbest radikal polimerizasyonuna u\u011frayan metakrilatlarla modifiye edilir. Bu polimerizasyon reaksiyonu, polimer zincirlerinin omurgas\u0131 boyunca fonksiyonel metakrilat gruplar\u0131 aras\u0131nda kovalent \u00e7apraz ba\u011flar\u0131n olu\u015fumunu ind\u00fckler. Gellan Gum (GG) metakrilat ile kimyasal modifikasyonu m\u00fcmk\u00fcnd\u00fcr ve hem iyonik hem de foto-\u00e7apraz ba\u011flanabilir gellan gum metakrilat hidrojellerinin elde edilmesini sa\u011flar.<\/p>\n<p>\u00c7al\u0131\u015fmalar gellan gum hidrojellerinin sitotoksik olmayan biyouyumlu malzemeler oldu\u011funu g\u00f6stermi\u015ftir.<\/p>\n<h2>Belge<\/h2>\n<ul>\n<li><a href=\"https:\/\/www.adbioink.com\/wp-content\/uploads\/2021\/08\/SDS-GumMA-Gellan-Gum-Methacrylate.pdf\">SDS &#8211; GumMA (Gellan Gum Methacrylate)<\/a><\/li>\n<\/ul>\n","protected":false},"featured_media":8110,"comment_status":"open","ping_status":"closed","template":"","meta":{"_mi_skip_tracking":false,"_monsterinsights_sitenote_active":false,"_monsterinsights_sitenote_note":"","_monsterinsights_sitenote_category":0},"product_cat":[19,296],"product_tag":[32,87,340,89,341,342,313],"yoast_head":"<!-- This site is optimized with the Yoast SEO plugin v20.9 - https:\/\/yoast.com\/wordpress\/plugins\/seo\/ -->\n<title>GumMA (Gellan Gum Metakrilat) - Adbioink\/tr<\/title>\n<meta name=\"description\" content=\"Gellan Gum metakrilat (GumMA), iyi mekanik \u00f6zellikleri ve terapi olarak umut verici sonu\u00e7lar\u0131 nedeniyle k\u0131k\u0131rdak-doku m\u00fchendisli\u011fi alanlar\u0131 i\u00e7in yeni bir\" \/>\n<meta name=\"robots\" content=\"index, follow, max-snippet:-1, max-image-preview:large, max-video-preview:-1\" \/>\n<link rel=\"canonical\" href=\"https:\/\/www.adbioink.com\/tr\/product\/gumma-gellan-gum-metakrilat\/\" \/>\n<meta property=\"og:locale\" content=\"tr_TR\" \/>\n<meta property=\"og:type\" content=\"article\" \/>\n<meta property=\"og:title\" content=\"GumMA (Gellan Gum Metakrilat) - Adbioink\/tr\" \/>\n<meta property=\"og:description\" content=\"Gellan Gum metakrilat (GumMA), iyi mekanik \u00f6zellikleri ve terapi olarak umut verici sonu\u00e7lar\u0131 nedeniyle k\u0131k\u0131rdak-doku m\u00fchendisli\u011fi alanlar\u0131 i\u00e7in yeni bir\" \/>\n<meta property=\"og:url\" content=\"https:\/\/www.adbioink.com\/tr\/product\/gumma-gellan-gum-metakrilat\/\" \/>\n<meta property=\"og:site_name\" content=\"Adbioink\/tr\" \/>\n<meta property=\"article:modified_time\" content=\"2024-11-03T07:28:44+00:00\" \/>\n<meta property=\"og:image\" content=\"https:\/\/www.adbioink.com\/tr\/wp-content\/uploads\/sites\/2\/2021\/08\/GumMA-Lyophilized-Powder.png\" \/>\n\t<meta property=\"og:image:width\" content=\"847\" \/>\n\t<meta property=\"og:image:height\" content=\"729\" \/>\n\t<meta property=\"og:image:type\" content=\"image\/png\" \/>\n<meta name=\"twitter:card\" content=\"summary_large_image\" \/>\n<meta name=\"twitter:label1\" content=\"Tahmini okuma s\u00fcresi\" \/>\n\t<meta name=\"twitter:data1\" content=\"1 dakika\" \/>\n<script type=\"application\/ld+json\" class=\"yoast-schema-graph\">{\"@context\":\"https:\/\/schema.org\",\"@graph\":[{\"@type\":\"WebPage\",\"@id\":\"https:\/\/www.adbioink.com\/tr\/product\/gumma-gellan-gum-metakrilat\/\",\"url\":\"https:\/\/www.adbioink.com\/tr\/product\/gumma-gellan-gum-metakrilat\/\",\"name\":\"GumMA (Gellan Gum Metakrilat) - Adbioink\/tr\",\"isPartOf\":{\"@id\":\"https:\/\/www.adbioink.com\/tr\/#website\"},\"datePublished\":\"2021-08-29T15:21:00+00:00\",\"dateModified\":\"2024-11-03T07:28:44+00:00\",\"description\":\"Gellan Gum metakrilat (GumMA), iyi mekanik \u00f6zellikleri ve terapi olarak umut verici sonu\u00e7lar\u0131 nedeniyle k\u0131k\u0131rdak-doku m\u00fchendisli\u011fi alanlar\u0131 i\u00e7in yeni bir\",\"breadcrumb\":{\"@id\":\"https:\/\/www.adbioink.com\/tr\/product\/gumma-gellan-gum-metakrilat\/#breadcrumb\"},\"inLanguage\":\"tr\",\"potentialAction\":[{\"@type\":\"ReadAction\",\"target\":[\"https:\/\/www.adbioink.com\/tr\/product\/gumma-gellan-gum-metakrilat\/\"]}]},{\"@type\":\"BreadcrumbList\",\"@id\":\"https:\/\/www.adbioink.com\/tr\/product\/gumma-gellan-gum-metakrilat\/#breadcrumb\",\"itemListElement\":[{\"@type\":\"ListItem\",\"position\":1,\"name\":\"Home\",\"item\":\"https:\/\/www.adbioink.com\/tr\/\"},{\"@type\":\"ListItem\",\"position\":2,\"name\":\"Ma\u011faza\",\"item\":\"https:\/\/www.adbioink.com\/tr\/magaza\/\"},{\"@type\":\"ListItem\",\"position\":3,\"name\":\"GumMA (Gellan Gum Metakrilat)\"}]},{\"@type\":\"WebSite\",\"@id\":\"https:\/\/www.adbioink.com\/tr\/#website\",\"url\":\"https:\/\/www.adbioink.com\/tr\/\",\"name\":\"Adbioink\/tr\",\"description\":\"\u0130leri Biyom\u00fcrekkep Teknolojileri\",\"potentialAction\":[{\"@type\":\"SearchAction\",\"target\":{\"@type\":\"EntryPoint\",\"urlTemplate\":\"https:\/\/www.adbioink.com\/tr\/?s={search_term_string}\"},\"query-input\":\"required name=search_term_string\"}],\"inLanguage\":\"tr\"}]}<\/script>\n<!-- \/ Yoast SEO plugin. -->","yoast_head_json":{"title":"GumMA (Gellan Gum Metakrilat) - Adbioink\/tr","description":"Gellan Gum metakrilat (GumMA), iyi mekanik \u00f6zellikleri ve terapi olarak umut verici sonu\u00e7lar\u0131 nedeniyle k\u0131k\u0131rdak-doku m\u00fchendisli\u011fi alanlar\u0131 i\u00e7in yeni bir","robots":{"index":"index","follow":"follow","max-snippet":"max-snippet:-1","max-image-preview":"max-image-preview:large","max-video-preview":"max-video-preview:-1"},"canonical":"https:\/\/www.adbioink.com\/tr\/product\/gumma-gellan-gum-metakrilat\/","og_locale":"tr_TR","og_type":"article","og_title":"GumMA (Gellan Gum Metakrilat) - Adbioink\/tr","og_description":"Gellan Gum metakrilat (GumMA), iyi mekanik \u00f6zellikleri ve terapi olarak umut verici sonu\u00e7lar\u0131 nedeniyle k\u0131k\u0131rdak-doku m\u00fchendisli\u011fi alanlar\u0131 i\u00e7in yeni bir","og_url":"https:\/\/www.adbioink.com\/tr\/product\/gumma-gellan-gum-metakrilat\/","og_site_name":"Adbioink\/tr","article_modified_time":"2024-11-03T07:28:44+00:00","og_image":[{"url":"https:\/\/www.adbioink.com\/tr\/wp-content\/uploads\/sites\/2\/2021\/08\/GumMA-Lyophilized-Powder.png","width":847,"height":729,"type":"image\/png"}],"twitter_card":"summary_large_image","twitter_misc":{"Tahmini okuma s\u00fcresi":"1 dakika"},"schema":{"@context":"https:\/\/schema.org","@graph":[{"@type":"WebPage","@id":"https:\/\/www.adbioink.com\/tr\/product\/gumma-gellan-gum-metakrilat\/","url":"https:\/\/www.adbioink.com\/tr\/product\/gumma-gellan-gum-metakrilat\/","name":"GumMA (Gellan Gum Metakrilat) - Adbioink\/tr","isPartOf":{"@id":"https:\/\/www.adbioink.com\/tr\/#website"},"datePublished":"2021-08-29T15:21:00+00:00","dateModified":"2024-11-03T07:28:44+00:00","description":"Gellan Gum metakrilat (GumMA), iyi mekanik \u00f6zellikleri ve terapi olarak umut verici sonu\u00e7lar\u0131 nedeniyle k\u0131k\u0131rdak-doku m\u00fchendisli\u011fi alanlar\u0131 i\u00e7in yeni bir","breadcrumb":{"@id":"https:\/\/www.adbioink.com\/tr\/product\/gumma-gellan-gum-metakrilat\/#breadcrumb"},"inLanguage":"tr","potentialAction":[{"@type":"ReadAction","target":["https:\/\/www.adbioink.com\/tr\/product\/gumma-gellan-gum-metakrilat\/"]}]},{"@type":"BreadcrumbList","@id":"https:\/\/www.adbioink.com\/tr\/product\/gumma-gellan-gum-metakrilat\/#breadcrumb","itemListElement":[{"@type":"ListItem","position":1,"name":"Home","item":"https:\/\/www.adbioink.com\/tr\/"},{"@type":"ListItem","position":2,"name":"Ma\u011faza","item":"https:\/\/www.adbioink.com\/tr\/magaza\/"},{"@type":"ListItem","position":3,"name":"GumMA (Gellan Gum Metakrilat)"}]},{"@type":"WebSite","@id":"https:\/\/www.adbioink.com\/tr\/#website","url":"https:\/\/www.adbioink.com\/tr\/","name":"Adbioink\/tr","description":"\u0130leri Biyom\u00fcrekkep Teknolojileri","potentialAction":[{"@type":"SearchAction","target":{"@type":"EntryPoint","urlTemplate":"https:\/\/www.adbioink.com\/tr\/?s={search_term_string}"},"query-input":"required name=search_term_string"}],"inLanguage":"tr"}]}},"_links":{"self":[{"href":"https:\/\/www.adbioink.com\/tr\/wp-json\/wp\/v2\/product\/8017"}],"collection":[{"href":"https:\/\/www.adbioink.com\/tr\/wp-json\/wp\/v2\/product"}],"about":[{"href":"https:\/\/www.adbioink.com\/tr\/wp-json\/wp\/v2\/types\/product"}],"replies":[{"embeddable":true,"href":"https:\/\/www.adbioink.com\/tr\/wp-json\/wp\/v2\/comments?post=8017"}],"wp:featuredmedia":[{"embeddable":true,"href":"https:\/\/www.adbioink.com\/tr\/wp-json\/wp\/v2\/media\/8110"}],"wp:attachment":[{"href":"https:\/\/www.adbioink.com\/tr\/wp-json\/wp\/v2\/media?parent=8017"}],"wp:term":[{"taxonomy":"product_cat","embeddable":true,"href":"https:\/\/www.adbioink.com\/tr\/wp-json\/wp\/v2\/product_cat?post=8017"},{"taxonomy":"product_tag","embeddable":true,"href":"https:\/\/www.adbioink.com\/tr\/wp-json\/wp\/v2\/product_tag?post=8017"}],"curies":[{"name":"wp","href":"https:\/\/api.w.org\/{rel}","templated":true}]}}