{"id":8051,"date":"2021-10-10T06:51:07","date_gmt":"2021-10-10T05:51:07","guid":{"rendered":"https:\/\/www.adbioink.com\/?post_type=product&#038;p=8051"},"modified":"2023-07-01T20:52:57","modified_gmt":"2023-07-01T19:52:57","slug":"chima-kitosan-metakrilat","status":"publish","type":"product","link":"https:\/\/www.adbioink.com\/tr\/product\/chima-kitosan-metakrilat\/","title":{"rendered":"ChiMA (Kitosan Metakrilat)"},"content":{"rendered":"<table style=\"height: 172px;\" width=\"287\">\n<tbody>\n<tr>\n<td width=\"320\"><strong>E\u015f anlaml\u0131<\/strong><\/td>\n<td width=\"320\">ChiMA, ChiMA Liyofilize, Metakrile Kitosan, Kitosan Metakriloil<\/td>\n<\/tr>\n<tr>\n<td width=\"320\"><strong>Sterilite<\/strong><\/td>\n<td width=\"320\">Steril<\/td>\n<\/tr>\n<tr>\n<td width=\"320\"><strong>Metakrilasyon derecesi<\/strong><\/td>\n<td width=\"320\">20-40%<\/td>\n<\/tr>\n<tr>\n<td width=\"320\"><strong>Raf \u00f6mr\u00fc<\/strong><\/td>\n<td width=\"320\">Al\u0131nd\u0131\u011f\u0131 tarihten itibaren en az 6 ay<\/td>\n<\/tr>\n<tr>\n<td width=\"320\"><strong>Depolama ko\u015fullar\u0131<\/strong><\/td>\n<td width=\"320\">+2\u02daC\/+8\u02daC, I\u015f\u0131\u011fa ve neme duyarl\u0131<\/td>\n<\/tr>\n<tr>\n<td width=\"320\"><strong>Form<\/strong><\/td>\n<td width=\"320\">Liyofilize<\/td>\n<\/tr>\n<\/tbody>\n<\/table>\n","protected":false},"excerpt":{"rendered":"<p>Kitosan metakrilat kitin deasetilasyonu ile olu\u015fturulur ve -(1-4)-ba\u011fl\u0131 d-glukozamin ve N-asetil-d-glukozaminden olu\u015fur. Bu polikatyonik polisakkarit, glukozamin ve N-asetilglukozamin molek\u00fclleri i\u00e7erdi\u011finden, do\u011fal glikozaminoglikanlara (GAG) y\u00fcksek derecede yap\u0131sal benzerli\u011fe sahiptir. Kitosan metakrilat, y\u00fcksek biyouyumlulu\u011fu ve biyobozunurlu\u011fu, d\u00fc\u015f\u00fck imm\u00fcnojenikli\u011fi ve katyonik do\u011fas\u0131 nedeniyle son y\u0131llarda \u00e7e\u015fitli doku m\u00fchendisli\u011fi uygulamalar\u0131 ve ila\u00e7 sal\u0131m\u0131 i\u00e7in ara\u015ft\u0131r\u0131lmaktad\u0131r. Ek olarak, benzersiz hemostatik ve anti-enfektif aktivitesi nedeniyle kitosan, yara iyile\u015fmesini h\u0131zland\u0131r\u0131c\u0131 olarak kabul edilir ve yara iyile\u015ftirme uygulamalar\u0131nda yayg\u0131n olarak kullan\u0131l\u0131r.<\/p>\n<p>Bununla birlikte, modifiye edilmemi\u015f kitosan, g\u00fc\u00e7l\u00fc molek\u00fcller aras\u0131 hidrojen ba\u011flar\u0131 nedeniyle asidik \u00e7\u00f6zeltilerde \u00e7\u00f6z\u00fcnebilir; bu, enjekte edilebilir bir hidrojel olarak kullan\u0131m\u0131n\u0131 s\u0131n\u0131rlar. Kitosan metakrilat, metakrilik anhidrit ile i\u015flevselle\u015ftirilir, b\u00f6ylece polimer, zincir b\u00fcy\u00fcmesi, kademeli b\u00fcy\u00fcme veya karma mod olarak adland\u0131r\u0131lan her iki mekanizman\u0131n bir kombinasyonu yoluyla \u0131\u015f\u0131kla \u00e7apraz ba\u011flanabilir.<\/p>\n<h2>Belge<\/h2>\n<ul>\n<li><a href=\"https:\/\/www.adbioink.com\/wp-content\/uploads\/2021\/10\/SDS-ChiMA-Chitosan-Methacrylate.pdf\">SDS &#8211; ChiMA (Chitosan Methacrylate)<\/a><\/li>\n<\/ul>\n","protected":false},"featured_media":8109,"comment_status":"open","ping_status":"closed","template":"","meta":{"_mi_skip_tracking":false,"_monsterinsights_sitenote_active":false,"_monsterinsights_sitenote_note":"","_monsterinsights_sitenote_category":0},"product_cat":[19,296],"product_tag":[32,325,96,326,327,328,329,330,331],"yoast_head":"<!-- This site is optimized with the Yoast SEO plugin v20.9 - https:\/\/yoast.com\/wordpress\/plugins\/seo\/ -->\n<title>ChiMA (Kitosan Metakrilat) - Adbioink\/tr<\/title>\n<meta name=\"description\" content=\"Chima (Kitosan metakrilat), y\u00fcksek biyouyumlulu\u011fu ve biyobozunurlu\u011fu, d\u00fc\u015f\u00fck imm\u00fcnojenikli\u011fi ve katyonik do\u011fas\u0131 nedeniyle son y\u0131llarda \u00e7e\u015fitli doku\" \/>\n<meta name=\"robots\" content=\"index, follow, max-snippet:-1, max-image-preview:large, max-video-preview:-1\" \/>\n<link rel=\"canonical\" href=\"https:\/\/www.adbioink.com\/tr\/product\/chima-kitosan-metakrilat\/\" \/>\n<meta property=\"og:locale\" content=\"tr_TR\" \/>\n<meta property=\"og:type\" content=\"article\" \/>\n<meta property=\"og:title\" content=\"ChiMA (Kitosan Metakrilat) - Adbioink\/tr\" \/>\n<meta property=\"og:description\" content=\"Chima (Kitosan metakrilat), y\u00fcksek biyouyumlulu\u011fu ve biyobozunurlu\u011fu, d\u00fc\u015f\u00fck imm\u00fcnojenikli\u011fi ve katyonik do\u011fas\u0131 nedeniyle son y\u0131llarda \u00e7e\u015fitli doku\" \/>\n<meta property=\"og:url\" content=\"https:\/\/www.adbioink.com\/tr\/product\/chima-kitosan-metakrilat\/\" \/>\n<meta property=\"og:site_name\" content=\"Adbioink\/tr\" \/>\n<meta property=\"article:modified_time\" content=\"2023-07-01T19:52:57+00:00\" \/>\n<meta property=\"og:image\" content=\"https:\/\/www.adbioink.com\/tr\/wp-content\/uploads\/sites\/2\/2021\/10\/ChiMA-Lyophilized-Powder.png\" \/>\n\t<meta property=\"og:image:width\" content=\"2495\" \/>\n\t<meta property=\"og:image:height\" content=\"2500\" \/>\n\t<meta property=\"og:image:type\" content=\"image\/png\" \/>\n<meta name=\"twitter:card\" content=\"summary_large_image\" \/>\n<meta name=\"twitter:label1\" content=\"Tahmini okuma s\u00fcresi\" \/>\n\t<meta name=\"twitter:data1\" content=\"1 dakika\" \/>\n<script type=\"application\/ld+json\" class=\"yoast-schema-graph\">{\"@context\":\"https:\/\/schema.org\",\"@graph\":[{\"@type\":\"WebPage\",\"@id\":\"https:\/\/www.adbioink.com\/tr\/product\/chima-kitosan-metakrilat\/\",\"url\":\"https:\/\/www.adbioink.com\/tr\/product\/chima-kitosan-metakrilat\/\",\"name\":\"ChiMA (Kitosan Metakrilat) - Adbioink\/tr\",\"isPartOf\":{\"@id\":\"https:\/\/www.adbioink.com\/tr\/#website\"},\"datePublished\":\"2021-10-10T05:51:07+00:00\",\"dateModified\":\"2023-07-01T19:52:57+00:00\",\"description\":\"Chima (Kitosan metakrilat), y\u00fcksek biyouyumlulu\u011fu ve biyobozunurlu\u011fu, d\u00fc\u015f\u00fck imm\u00fcnojenikli\u011fi ve katyonik do\u011fas\u0131 nedeniyle son y\u0131llarda \u00e7e\u015fitli doku\",\"breadcrumb\":{\"@id\":\"https:\/\/www.adbioink.com\/tr\/product\/chima-kitosan-metakrilat\/#breadcrumb\"},\"inLanguage\":\"tr\",\"potentialAction\":[{\"@type\":\"ReadAction\",\"target\":[\"https:\/\/www.adbioink.com\/tr\/product\/chima-kitosan-metakrilat\/\"]}]},{\"@type\":\"BreadcrumbList\",\"@id\":\"https:\/\/www.adbioink.com\/tr\/product\/chima-kitosan-metakrilat\/#breadcrumb\",\"itemListElement\":[{\"@type\":\"ListItem\",\"position\":1,\"name\":\"Home\",\"item\":\"https:\/\/www.adbioink.com\/tr\/\"},{\"@type\":\"ListItem\",\"position\":2,\"name\":\"Ma\u011faza\",\"item\":\"https:\/\/www.adbioink.com\/tr\/magaza\/\"},{\"@type\":\"ListItem\",\"position\":3,\"name\":\"ChiMA (Kitosan Metakrilat)\"}]},{\"@type\":\"WebSite\",\"@id\":\"https:\/\/www.adbioink.com\/tr\/#website\",\"url\":\"https:\/\/www.adbioink.com\/tr\/\",\"name\":\"Adbioink\/tr\",\"description\":\"\u0130leri Biyom\u00fcrekkep Teknolojileri\",\"potentialAction\":[{\"@type\":\"SearchAction\",\"target\":{\"@type\":\"EntryPoint\",\"urlTemplate\":\"https:\/\/www.adbioink.com\/tr\/?s={search_term_string}\"},\"query-input\":\"required name=search_term_string\"}],\"inLanguage\":\"tr\"}]}<\/script>\n<!-- \/ Yoast SEO plugin. -->","yoast_head_json":{"title":"ChiMA (Kitosan Metakrilat) - Adbioink\/tr","description":"Chima (Kitosan metakrilat), y\u00fcksek biyouyumlulu\u011fu ve biyobozunurlu\u011fu, d\u00fc\u015f\u00fck imm\u00fcnojenikli\u011fi ve katyonik do\u011fas\u0131 nedeniyle son y\u0131llarda \u00e7e\u015fitli doku","robots":{"index":"index","follow":"follow","max-snippet":"max-snippet:-1","max-image-preview":"max-image-preview:large","max-video-preview":"max-video-preview:-1"},"canonical":"https:\/\/www.adbioink.com\/tr\/product\/chima-kitosan-metakrilat\/","og_locale":"tr_TR","og_type":"article","og_title":"ChiMA (Kitosan Metakrilat) - Adbioink\/tr","og_description":"Chima (Kitosan metakrilat), y\u00fcksek biyouyumlulu\u011fu ve biyobozunurlu\u011fu, d\u00fc\u015f\u00fck imm\u00fcnojenikli\u011fi ve katyonik do\u011fas\u0131 nedeniyle son y\u0131llarda \u00e7e\u015fitli doku","og_url":"https:\/\/www.adbioink.com\/tr\/product\/chima-kitosan-metakrilat\/","og_site_name":"Adbioink\/tr","article_modified_time":"2023-07-01T19:52:57+00:00","og_image":[{"width":2495,"height":2500,"url":"https:\/\/www.adbioink.com\/tr\/wp-content\/uploads\/sites\/2\/2021\/10\/ChiMA-Lyophilized-Powder.png","type":"image\/png"}],"twitter_card":"summary_large_image","twitter_misc":{"Tahmini okuma s\u00fcresi":"1 dakika"},"schema":{"@context":"https:\/\/schema.org","@graph":[{"@type":"WebPage","@id":"https:\/\/www.adbioink.com\/tr\/product\/chima-kitosan-metakrilat\/","url":"https:\/\/www.adbioink.com\/tr\/product\/chima-kitosan-metakrilat\/","name":"ChiMA (Kitosan Metakrilat) - Adbioink\/tr","isPartOf":{"@id":"https:\/\/www.adbioink.com\/tr\/#website"},"datePublished":"2021-10-10T05:51:07+00:00","dateModified":"2023-07-01T19:52:57+00:00","description":"Chima (Kitosan metakrilat), y\u00fcksek biyouyumlulu\u011fu ve biyobozunurlu\u011fu, d\u00fc\u015f\u00fck imm\u00fcnojenikli\u011fi ve katyonik do\u011fas\u0131 nedeniyle son y\u0131llarda \u00e7e\u015fitli doku","breadcrumb":{"@id":"https:\/\/www.adbioink.com\/tr\/product\/chima-kitosan-metakrilat\/#breadcrumb"},"inLanguage":"tr","potentialAction":[{"@type":"ReadAction","target":["https:\/\/www.adbioink.com\/tr\/product\/chima-kitosan-metakrilat\/"]}]},{"@type":"BreadcrumbList","@id":"https:\/\/www.adbioink.com\/tr\/product\/chima-kitosan-metakrilat\/#breadcrumb","itemListElement":[{"@type":"ListItem","position":1,"name":"Home","item":"https:\/\/www.adbioink.com\/tr\/"},{"@type":"ListItem","position":2,"name":"Ma\u011faza","item":"https:\/\/www.adbioink.com\/tr\/magaza\/"},{"@type":"ListItem","position":3,"name":"ChiMA (Kitosan Metakrilat)"}]},{"@type":"WebSite","@id":"https:\/\/www.adbioink.com\/tr\/#website","url":"https:\/\/www.adbioink.com\/tr\/","name":"Adbioink\/tr","description":"\u0130leri Biyom\u00fcrekkep Teknolojileri","potentialAction":[{"@type":"SearchAction","target":{"@type":"EntryPoint","urlTemplate":"https:\/\/www.adbioink.com\/tr\/?s={search_term_string}"},"query-input":"required name=search_term_string"}],"inLanguage":"tr"}]}},"_links":{"self":[{"href":"https:\/\/www.adbioink.com\/tr\/wp-json\/wp\/v2\/product\/8051"}],"collection":[{"href":"https:\/\/www.adbioink.com\/tr\/wp-json\/wp\/v2\/product"}],"about":[{"href":"https:\/\/www.adbioink.com\/tr\/wp-json\/wp\/v2\/types\/product"}],"replies":[{"embeddable":true,"href":"https:\/\/www.adbioink.com\/tr\/wp-json\/wp\/v2\/comments?post=8051"}],"wp:featuredmedia":[{"embeddable":true,"href":"https:\/\/www.adbioink.com\/tr\/wp-json\/wp\/v2\/media\/8109"}],"wp:attachment":[{"href":"https:\/\/www.adbioink.com\/tr\/wp-json\/wp\/v2\/media?parent=8051"}],"wp:term":[{"taxonomy":"product_cat","embeddable":true,"href":"https:\/\/www.adbioink.com\/tr\/wp-json\/wp\/v2\/product_cat?post=8051"},{"taxonomy":"product_tag","embeddable":true,"href":"https:\/\/www.adbioink.com\/tr\/wp-json\/wp\/v2\/product_tag?post=8051"}],"curies":[{"name":"wp","href":"https:\/\/api.w.org\/{rel}","templated":true}]}}