{"id":8071,"date":"2021-10-10T10:53:23","date_gmt":"2021-10-10T09:53:23","guid":{"rendered":"https:\/\/www.adbioink.com\/?post_type=product&#038;p=8071"},"modified":"2024-03-24T05:51:30","modified_gmt":"2024-03-24T05:51:30","slug":"kitosan-biyomurekkep","status":"publish","type":"product","link":"https:\/\/www.adbioink.com\/tr\/product\/kitosan-biyomurekkep\/","title":{"rendered":"Kitosan Biyom\u00fcrekkep"},"content":{"rendered":"<table width=\"640\">\n<tbody>\n<tr>\n<td width=\"320\"><strong>Synonyms<\/strong><\/td>\n<td width=\"320\">ChiMA Biyom\u00fcrekkep, Metakrile Kitosan Biyom\u00fcrekkep, Kitosan Biyom\u00fcrekkep<\/td>\n<\/tr>\n<tr>\n<td width=\"320\"><strong>Sterilite<\/strong><\/td>\n<td width=\"320\">Steril<\/td>\n<\/tr>\n<tr>\n<td width=\"320\"><i><strong>Endotoksin seviyesi<\/strong><\/i><\/td>\n<td width=\"320\">&lt;50 EU\/mL<\/td>\n<\/tr>\n<tr>\n<td width=\"320\"><i><strong>H\u00fccre canl\u0131l\u0131\u011f\u0131<\/strong><\/i><\/td>\n<td width=\"320\">\u226585% fibroblast h\u00fccreleri, mezenkimal k\u00f6k h\u00fccreler ve osteoblast h\u00fccreleri<\/td>\n<\/tr>\n<tr>\n<td width=\"320\"><strong>pH<\/strong><\/td>\n<td width=\"320\">6.0-8.0<\/td>\n<\/tr>\n<tr>\n<td width=\"320\"><strong>S\u00fcbstit\u00fcsyon derecesi<\/strong><\/td>\n<td width=\"320\">20-40%<\/td>\n<\/tr>\n<tr>\n<td width=\"320\"><strong>Form<\/strong><\/td>\n<td width=\"320\">Jel<\/td>\n<\/tr>\n<\/tbody>\n<\/table>\n<div><\/div>\n<div><strong>AdBioInk Biyosistem Teknoloji taraf\u0131ndan geli\u015ftirilen kitosan metakrile biyom\u00fcrekkepler, iki farkl\u0131 fotoba\u015flat\u0131c\u0131 (Irgacure2959 ve LAP) kullan\u0131larak haz\u0131rlanabilemetkedir. NIH-3T3 h\u00fccre hatt\u0131na kar\u015f\u0131 h\u00fccre yap\u0131\u015fmas\u0131 ve h\u00fccre kaps\u00fclleme deneyleri yap\u0131ld\u0131. H\u00fccreler, Kitosan biyom\u00fcrekkeplerine ba\u015far\u0131l\u0131 bir \u015fekilde yap\u0131\u015ft\u0131, \u00e7o\u011fald\u0131 ve h\u00fccre morfolojilerini koruyabildi. H\u00fccre canl\u0131l\u0131\u011f\u0131n\u0131n incelendi\u011fi Live\/Dead boyama sonu\u00e7lar\u0131na g\u00f6re h\u00fccre canl\u0131l\u0131\u011f\u0131n\u0131n 7 g\u00fcn boyunca %90&#8217;\u0131n \u00fczerinde oldu\u011fu ve kaps\u00fcll\u00fc h\u00fccrelerin canl\u0131l\u0131\u011f\u0131n\u0131 korudu\u011fu g\u00f6zlendi. Kaps\u00fcllenmi\u015f hidrojellerin h\u00fccre morfolojilerinin incelendi\u011fi kitosan biyom\u00fcrekkep, h\u00fccrelerin sitoplazmik \u00e7\u0131k\u0131nt\u0131lar\u0131n\u0131 olu\u015fturduklar\u0131n\u0131 ve yumu\u015fak yap\u0131lar\u0131yla 7. g\u00fcnde morfoloji kazanmaya ba\u015flad\u0131klar\u0131n\u0131 g\u00f6sterdi.<\/strong><\/div>\n<div><\/div>\n<figure id=\"attachment_8180\" aria-describedby=\"caption-attachment-8180\" style=\"width: 1323px\" class=\"wp-caption alignnone\"><img decoding=\"async\" loading=\"lazy\" class=\"size-full wp-image-8180\" src=\"https:\/\/www.adbioink.com\/wp-content\/uploads\/2021\/10\/ChiMA-Bioink-Cell-adhesion-Viability-Morphology.png\" alt=\"\" width=\"1323\" height=\"613\" \/><figcaption id=\"caption-attachment-8180\" class=\"wp-caption-text\">Chitosan Bioink Cell Adhesion, Chitosan Bioink Cell Viability, Chitosan Bioink Cell Morphology, Adbioink, Bioink<\/figcaption><\/figure>\n","protected":false},"excerpt":{"rendered":"<p>Kitosan, kitin deasetilasyonu ile olu\u015fturulur ve -(1-4)-ba\u011fl\u0131 d-glukozamin ve N-asetil-d-glukozaminden olu\u015fur. Bu polikatyonik polisakkarit, glukozamin ve N-asetilglukozamin molek\u00fclleri i\u00e7erdi\u011finden, kitosan, do\u011fal glikozaminoglikanlara (GAG) y\u00fcksek derecede yap\u0131sal benzerli\u011fe sahiptir. Kitosan biyom\u00fcrekkep; y\u00fcksek biyouyumlulu\u011fu ve biyobozunurlu\u011fu, d\u00fc\u015f\u00fck imm\u00fcnojenikli\u011fi ve katyonik do\u011fas\u0131 nedeniyle son y\u0131llarda \u00e7e\u015fitli doku m\u00fchendisli\u011fi uygulamalar\u0131 ve ila\u00e7 sal\u0131m\u0131 i\u00e7in ara\u015ft\u0131r\u0131lmaktad\u0131r. Ek olarak, e\u015fsiz hemostatik ve anti-enfektif aktivitesi nedeniyle kitosan biyom\u00fcrekkep, yara iyile\u015ftirme promot\u00f6r\u00fc olarak kabul edilir ve yara iyile\u015ftirme uygulamas\u0131nda yayg\u0131n olarak kullan\u0131l\u0131r.<\/p>\n<p>Bununla birlikte, modifiye edilmemi\u015f kitosan, g\u00fc\u00e7l\u00fc molek\u00fcller aras\u0131 hidrojen ba\u011flar\u0131 nedeniyle asidik \u00e7\u00f6zeltilerde \u00e7\u00f6z\u00fcnebilir; bu, enjekte edilebilir bir hidrojel olarak kullan\u0131m\u0131n\u0131 s\u0131n\u0131rlar. Kitosan, metakrilik anhidrit ile i\u015flevselle\u015ftirilir, b\u00f6ylece polimer, zincir b\u00fcy\u00fcmesi, kademeli b\u00fcy\u00fcme veya kar\u0131\u015f\u0131k mod olarak adland\u0131r\u0131lan her iki mekanizman\u0131n bir kombinasyonu yoluyla foto \u00e7apraz ba\u011flanabilir.<\/p>\n","protected":false},"featured_media":8114,"comment_status":"open","ping_status":"closed","template":"","meta":{"_mi_skip_tracking":false,"_monsterinsights_sitenote_active":false,"_monsterinsights_sitenote_note":"","_monsterinsights_sitenote_category":0},"product_cat":[19,311],"product_tag":[32,34,96,107,108,102,110,111],"yoast_head":"<!-- This site is optimized with the Yoast SEO plugin v20.9 - https:\/\/yoast.com\/wordpress\/plugins\/seo\/ -->\n<title>Kitosan Biyom\u00fcrekkep - Adbioink\/tr<\/title>\n<meta name=\"description\" content=\"Kitosan biyom\u00fcrekkep y\u00fcksek biyouyumlulu\u011fu ve biyobozunurlu\u011fu, d\u00fc\u015f\u00fck imm\u00fcnojenikli\u011fi ve katyonik do\u011fas\u0131 nedeniyle son y\u0131llarda \u00e7e\u015fitli doku m\u00fchendisli\u011fi uygulamalar\u0131 ...\" \/>\n<meta name=\"robots\" content=\"index, follow, max-snippet:-1, max-image-preview:large, max-video-preview:-1\" \/>\n<link rel=\"canonical\" href=\"https:\/\/www.adbioink.com\/tr\/product\/kitosan-biyomurekkep\/\" \/>\n<meta property=\"og:locale\" content=\"tr_TR\" \/>\n<meta property=\"og:type\" content=\"article\" \/>\n<meta property=\"og:title\" content=\"Kitosan Biyom\u00fcrekkep - Adbioink\/tr\" \/>\n<meta property=\"og:description\" content=\"Kitosan biyom\u00fcrekkep y\u00fcksek biyouyumlulu\u011fu ve biyobozunurlu\u011fu, d\u00fc\u015f\u00fck imm\u00fcnojenikli\u011fi ve katyonik do\u011fas\u0131 nedeniyle son y\u0131llarda \u00e7e\u015fitli doku m\u00fchendisli\u011fi uygulamalar\u0131 ...\" \/>\n<meta property=\"og:url\" content=\"https:\/\/www.adbioink.com\/tr\/product\/kitosan-biyomurekkep\/\" \/>\n<meta property=\"og:site_name\" content=\"Adbioink\/tr\" \/>\n<meta property=\"article:modified_time\" content=\"2024-03-24T05:51:30+00:00\" \/>\n<meta property=\"og:image\" content=\"https:\/\/www.adbioink.com\/tr\/wp-content\/uploads\/sites\/2\/2021\/10\/ChiMA-Bioink.png\" \/>\n\t<meta property=\"og:image:width\" content=\"847\" \/>\n\t<meta property=\"og:image:height\" content=\"729\" \/>\n\t<meta property=\"og:image:type\" content=\"image\/png\" \/>\n<meta name=\"twitter:card\" content=\"summary_large_image\" \/>\n<meta name=\"twitter:label1\" content=\"Tahmini okuma s\u00fcresi\" \/>\n\t<meta name=\"twitter:data1\" content=\"1 dakika\" \/>\n<script type=\"application\/ld+json\" class=\"yoast-schema-graph\">{\"@context\":\"https:\/\/schema.org\",\"@graph\":[{\"@type\":\"WebPage\",\"@id\":\"https:\/\/www.adbioink.com\/tr\/product\/kitosan-biyomurekkep\/\",\"url\":\"https:\/\/www.adbioink.com\/tr\/product\/kitosan-biyomurekkep\/\",\"name\":\"Kitosan Biyom\u00fcrekkep - Adbioink\/tr\",\"isPartOf\":{\"@id\":\"https:\/\/www.adbioink.com\/tr\/#website\"},\"datePublished\":\"2021-10-10T09:53:23+00:00\",\"dateModified\":\"2024-03-24T05:51:30+00:00\",\"description\":\"Kitosan biyom\u00fcrekkep y\u00fcksek biyouyumlulu\u011fu ve biyobozunurlu\u011fu, d\u00fc\u015f\u00fck imm\u00fcnojenikli\u011fi ve katyonik do\u011fas\u0131 nedeniyle son y\u0131llarda \u00e7e\u015fitli doku m\u00fchendisli\u011fi uygulamalar\u0131 ...\",\"breadcrumb\":{\"@id\":\"https:\/\/www.adbioink.com\/tr\/product\/kitosan-biyomurekkep\/#breadcrumb\"},\"inLanguage\":\"tr\",\"potentialAction\":[{\"@type\":\"ReadAction\",\"target\":[\"https:\/\/www.adbioink.com\/tr\/product\/kitosan-biyomurekkep\/\"]}]},{\"@type\":\"BreadcrumbList\",\"@id\":\"https:\/\/www.adbioink.com\/tr\/product\/kitosan-biyomurekkep\/#breadcrumb\",\"itemListElement\":[{\"@type\":\"ListItem\",\"position\":1,\"name\":\"Home\",\"item\":\"https:\/\/www.adbioink.com\/tr\/\"},{\"@type\":\"ListItem\",\"position\":2,\"name\":\"Ma\u011faza\",\"item\":\"https:\/\/www.adbioink.com\/tr\/magaza\/\"},{\"@type\":\"ListItem\",\"position\":3,\"name\":\"Kitosan Biyom\u00fcrekkep\"}]},{\"@type\":\"WebSite\",\"@id\":\"https:\/\/www.adbioink.com\/tr\/#website\",\"url\":\"https:\/\/www.adbioink.com\/tr\/\",\"name\":\"Adbioink\/tr\",\"description\":\"\u0130leri Biyom\u00fcrekkep Teknolojileri\",\"potentialAction\":[{\"@type\":\"SearchAction\",\"target\":{\"@type\":\"EntryPoint\",\"urlTemplate\":\"https:\/\/www.adbioink.com\/tr\/?s={search_term_string}\"},\"query-input\":\"required name=search_term_string\"}],\"inLanguage\":\"tr\"}]}<\/script>\n<!-- \/ Yoast SEO plugin. -->","yoast_head_json":{"title":"Kitosan Biyom\u00fcrekkep - Adbioink\/tr","description":"Kitosan biyom\u00fcrekkep y\u00fcksek biyouyumlulu\u011fu ve biyobozunurlu\u011fu, d\u00fc\u015f\u00fck imm\u00fcnojenikli\u011fi ve katyonik do\u011fas\u0131 nedeniyle son y\u0131llarda \u00e7e\u015fitli doku m\u00fchendisli\u011fi uygulamalar\u0131 ...","robots":{"index":"index","follow":"follow","max-snippet":"max-snippet:-1","max-image-preview":"max-image-preview:large","max-video-preview":"max-video-preview:-1"},"canonical":"https:\/\/www.adbioink.com\/tr\/product\/kitosan-biyomurekkep\/","og_locale":"tr_TR","og_type":"article","og_title":"Kitosan Biyom\u00fcrekkep - Adbioink\/tr","og_description":"Kitosan biyom\u00fcrekkep y\u00fcksek biyouyumlulu\u011fu ve biyobozunurlu\u011fu, d\u00fc\u015f\u00fck imm\u00fcnojenikli\u011fi ve katyonik do\u011fas\u0131 nedeniyle son y\u0131llarda \u00e7e\u015fitli doku m\u00fchendisli\u011fi uygulamalar\u0131 ...","og_url":"https:\/\/www.adbioink.com\/tr\/product\/kitosan-biyomurekkep\/","og_site_name":"Adbioink\/tr","article_modified_time":"2024-03-24T05:51:30+00:00","og_image":[{"url":"https:\/\/www.adbioink.com\/tr\/wp-content\/uploads\/sites\/2\/2021\/10\/ChiMA-Bioink.png","width":847,"height":729,"type":"image\/png"}],"twitter_card":"summary_large_image","twitter_misc":{"Tahmini okuma s\u00fcresi":"1 dakika"},"schema":{"@context":"https:\/\/schema.org","@graph":[{"@type":"WebPage","@id":"https:\/\/www.adbioink.com\/tr\/product\/kitosan-biyomurekkep\/","url":"https:\/\/www.adbioink.com\/tr\/product\/kitosan-biyomurekkep\/","name":"Kitosan Biyom\u00fcrekkep - Adbioink\/tr","isPartOf":{"@id":"https:\/\/www.adbioink.com\/tr\/#website"},"datePublished":"2021-10-10T09:53:23+00:00","dateModified":"2024-03-24T05:51:30+00:00","description":"Kitosan biyom\u00fcrekkep y\u00fcksek biyouyumlulu\u011fu ve biyobozunurlu\u011fu, d\u00fc\u015f\u00fck imm\u00fcnojenikli\u011fi ve katyonik do\u011fas\u0131 nedeniyle son y\u0131llarda \u00e7e\u015fitli doku m\u00fchendisli\u011fi uygulamalar\u0131 ...","breadcrumb":{"@id":"https:\/\/www.adbioink.com\/tr\/product\/kitosan-biyomurekkep\/#breadcrumb"},"inLanguage":"tr","potentialAction":[{"@type":"ReadAction","target":["https:\/\/www.adbioink.com\/tr\/product\/kitosan-biyomurekkep\/"]}]},{"@type":"BreadcrumbList","@id":"https:\/\/www.adbioink.com\/tr\/product\/kitosan-biyomurekkep\/#breadcrumb","itemListElement":[{"@type":"ListItem","position":1,"name":"Home","item":"https:\/\/www.adbioink.com\/tr\/"},{"@type":"ListItem","position":2,"name":"Ma\u011faza","item":"https:\/\/www.adbioink.com\/tr\/magaza\/"},{"@type":"ListItem","position":3,"name":"Kitosan Biyom\u00fcrekkep"}]},{"@type":"WebSite","@id":"https:\/\/www.adbioink.com\/tr\/#website","url":"https:\/\/www.adbioink.com\/tr\/","name":"Adbioink\/tr","description":"\u0130leri Biyom\u00fcrekkep Teknolojileri","potentialAction":[{"@type":"SearchAction","target":{"@type":"EntryPoint","urlTemplate":"https:\/\/www.adbioink.com\/tr\/?s={search_term_string}"},"query-input":"required name=search_term_string"}],"inLanguage":"tr"}]}},"_links":{"self":[{"href":"https:\/\/www.adbioink.com\/tr\/wp-json\/wp\/v2\/product\/8071"}],"collection":[{"href":"https:\/\/www.adbioink.com\/tr\/wp-json\/wp\/v2\/product"}],"about":[{"href":"https:\/\/www.adbioink.com\/tr\/wp-json\/wp\/v2\/types\/product"}],"replies":[{"embeddable":true,"href":"https:\/\/www.adbioink.com\/tr\/wp-json\/wp\/v2\/comments?post=8071"}],"wp:featuredmedia":[{"embeddable":true,"href":"https:\/\/www.adbioink.com\/tr\/wp-json\/wp\/v2\/media\/8114"}],"wp:attachment":[{"href":"https:\/\/www.adbioink.com\/tr\/wp-json\/wp\/v2\/media?parent=8071"}],"wp:term":[{"taxonomy":"product_cat","embeddable":true,"href":"https:\/\/www.adbioink.com\/tr\/wp-json\/wp\/v2\/product_cat?post=8071"},{"taxonomy":"product_tag","embeddable":true,"href":"https:\/\/www.adbioink.com\/tr\/wp-json\/wp\/v2\/product_tag?post=8071"}],"curies":[{"name":"wp","href":"https:\/\/api.w.org\/{rel}","templated":true}]}}