{"id":8080,"date":"2021-10-10T11:39:45","date_gmt":"2021-10-10T10:39:45","guid":{"rendered":"https:\/\/www.adbioink.com\/?post_type=product&#038;p=8080"},"modified":"2025-05-25T09:19:14","modified_gmt":"2025-05-25T08:19:14","slug":"kapma-kappa-karagenan-metakrilat","status":"publish","type":"product","link":"https:\/\/www.adbioink.com\/tr\/product\/kapma-kappa-karagenan-metakrilat\/","title":{"rendered":"KapMA (Kappa Karagenan Metakrilat)"},"content":{"rendered":"<table style=\"height: 172px;\" width=\"287\">\n<tbody>\n<tr>\n<td width=\"320\"><strong>E\u015f anlaml\u0131<\/strong><\/td>\n<td width=\"320\">KapMA, KapMA Liyofilize, Metakrile Kappa Karagenan, Kappa Karagenan Metakrilat, Kappa Karagenan Metakriloil<\/td>\n<\/tr>\n<tr>\n<td width=\"320\"><strong>Sterilite<\/strong><\/td>\n<td width=\"320\">Steril<\/td>\n<\/tr>\n<tr>\n<td width=\"320\"><strong>Raf \u00d6mr\u00fc<\/strong><\/td>\n<td width=\"320\">Al\u0131nd\u0131\u011f\u0131 tarihten itibaren en az 3 ay<\/td>\n<\/tr>\n<tr>\n<td width=\"320\"><strong>Depolama ko\u015f\u0131ullar\u0131<\/strong><\/td>\n<td width=\"320\">2\u02daC \/ 8\u02daC (vakumlu desikat\u00f6rde saklanmas\u0131 \u00f6nerilir)<br \/>\nI\u015f\u0131\u011fa duyarl\u0131, neme duyarl\u0131.<\/td>\n<\/tr>\n<tr>\n<td width=\"320\"><strong>Form<\/strong><\/td>\n<td width=\"320\">Liyofilize<\/td>\n<\/tr>\n<\/tbody>\n<\/table>\n","protected":false},"excerpt":{"rendered":"<p>AdBioInk, kappa karagenan metakrilat (KapMA) \u00fcr\u00fcn\u00fcn\u00fc sunar. Kappa karagenan (\u03baCA), disakkarit ba\u015f\u0131na bir s\u00fclfatlanm\u0131\u015f grup i\u00e7eren (%25 ila %30 ester s\u00fclfat i\u00e7eri\u011fi) do\u011fal, do\u011frusal suda \u00e7\u00f6z\u00fcn\u00fcr bir polisakkarittir, doku m\u00fchendisli\u011finde uygun biyomalzemelerden biridir. Kappa karagenan, jelle\u015fme \u00f6zellikleri, mekanik dayan\u0131kl\u0131l\u0131\u011f\u0131 ve do\u011fal dokular\u0131n h\u00fccre d\u0131\u015f\u0131 matrisinin en \u00f6nemli bile\u015fenlerinden biri olan glikozaminoglikan yap\u0131s\u0131n\u0131 yak\u0131ndan taklit etmesi nedeniyle enjekte edilebilir formda bu alan i\u00e7in potansiyel bir aday olarak g\u00f6r\u00fclm\u00fc\u015ft\u00fcr. Kappa-karagenan tiksotropik bir polimerdir ve iyonik \u00e7apraz ba\u011flama y\u00f6ntemi ile hidrojel formuna d\u00f6n\u00fc\u015ft\u00fcr\u00fclebilir. Bununla birlikte, bu \u00e7apraz ba\u011flama y\u00f6ntemleri, fizyolojik ko\u015fullar alt\u0131nda d\u00fc\u015f\u00fck yap\u0131sal stabiliteye sahip olan ve doku m\u00fchendisli\u011fi alan\u0131nda uygulanabilirli\u011fini azaltan hidrojeller sunmaktad\u0131r. Bu dezavantajlar\u0131n \u00fcstesinden gelmek i\u00e7in kappa karagenan metakrilat (KapMA) tercih edilir. Foto \u00e7apraz ba\u011flama, kararl\u0131 \u00e7apraz ba\u011flanm\u0131\u015f kappa-karagenan metakrilat hidrojellerinin olu\u015fumunu sa\u011flamak i\u00e7in bir ultraviyole (UV) veya g\u00f6r\u00fcn\u00fcr \u0131\u015f\u0131k ve bir kimyasal foto ba\u015flat\u0131c\u0131 varl\u0131\u011f\u0131nda ger\u00e7ekle\u015ftirilir.<\/p>\n<p>AdBioInk kappa karragenan metakrilat kullan\u0131larak, KapMA bazl\u0131 yap\u0131 iskeleleri, kriyojeller ve enjekte edilebilir hidrojeller \u015feklinde haz\u0131rlanabilir. Ek olarak, kappa karagena metakarilat \u00fcr\u00fcn\u00fcm\u00fcz, kendi biyom\u00fcrekkep form\u00fclasyonunuzu uyarlamak i\u00e7in kullan\u0131labilir.<\/p>\n<h2>Belge<\/h2>\n<ul>\n<li><a href=\"https:\/\/www.adbioink.com\/wp-content\/uploads\/2021\/10\/SDS-KapMA-Kappa-Carrageenan-Methacrylate.pdf\">SDS &#8211; KapMA (Kappa-Carrageenan Methacrylate)<\/a><\/li>\n<\/ul>\n","protected":false},"featured_media":8108,"comment_status":"open","ping_status":"closed","template":"","meta":{"_mi_skip_tracking":false,"_monsterinsights_sitenote_active":false,"_monsterinsights_sitenote_note":"","_monsterinsights_sitenote_category":0},"product_cat":[19,296],"product_tag":[32,112,332,113,333,334,335,336,337,338,339],"yoast_head":"<!-- This site is optimized with the Yoast SEO plugin v20.9 - https:\/\/yoast.com\/wordpress\/plugins\/seo\/ -->\n<title>KapMA (Kappa Karagenan Metakrilat) - Adbioink\/tr<\/title>\n<meta name=\"description\" content=\"Foto \u00e7apraz ba\u011flama, kararl\u0131 \u00e7apraz ba\u011flanm\u0131\u015f kappa karagenan metakrilat (KapMA) hidrojellerinin olu\u015fumunu sa\u011flamak i\u00e7in bir ultraviyole (UV) veya g\u00f6r\u00fcn\u00fcr \u0131\u015f\u0131k\" \/>\n<meta name=\"robots\" content=\"index, follow, max-snippet:-1, max-image-preview:large, max-video-preview:-1\" \/>\n<link rel=\"canonical\" href=\"https:\/\/www.adbioink.com\/tr\/product\/kapma-kappa-karagenan-metakrilat\/\" \/>\n<meta property=\"og:locale\" content=\"tr_TR\" \/>\n<meta property=\"og:type\" content=\"article\" \/>\n<meta property=\"og:title\" content=\"KapMA (Kappa Karagenan Metakrilat) - Adbioink\/tr\" \/>\n<meta property=\"og:description\" content=\"Foto \u00e7apraz ba\u011flama, kararl\u0131 \u00e7apraz ba\u011flanm\u0131\u015f kappa karagenan metakrilat (KapMA) hidrojellerinin olu\u015fumunu sa\u011flamak i\u00e7in bir ultraviyole (UV) veya g\u00f6r\u00fcn\u00fcr \u0131\u015f\u0131k\" \/>\n<meta property=\"og:url\" content=\"https:\/\/www.adbioink.com\/tr\/product\/kapma-kappa-karagenan-metakrilat\/\" \/>\n<meta property=\"og:site_name\" content=\"Adbioink\/tr\" \/>\n<meta property=\"article:modified_time\" content=\"2025-05-25T08:19:14+00:00\" \/>\n<meta property=\"og:image\" content=\"https:\/\/www.adbioink.com\/tr\/wp-content\/uploads\/sites\/2\/2021\/10\/KapMA-Lyophilized-Powder.png\" \/>\n\t<meta property=\"og:image:width\" content=\"2500\" \/>\n\t<meta property=\"og:image:height\" content=\"2153\" \/>\n\t<meta property=\"og:image:type\" content=\"image\/png\" \/>\n<meta name=\"twitter:card\" content=\"summary_large_image\" \/>\n<meta name=\"twitter:label1\" content=\"Tahmini okuma s\u00fcresi\" \/>\n\t<meta name=\"twitter:data1\" content=\"1 dakika\" \/>\n<script type=\"application\/ld+json\" class=\"yoast-schema-graph\">{\"@context\":\"https:\/\/schema.org\",\"@graph\":[{\"@type\":\"WebPage\",\"@id\":\"https:\/\/www.adbioink.com\/tr\/product\/kapma-kappa-karagenan-metakrilat\/\",\"url\":\"https:\/\/www.adbioink.com\/tr\/product\/kapma-kappa-karagenan-metakrilat\/\",\"name\":\"KapMA (Kappa Karagenan Metakrilat) - Adbioink\/tr\",\"isPartOf\":{\"@id\":\"https:\/\/www.adbioink.com\/tr\/#website\"},\"datePublished\":\"2021-10-10T10:39:45+00:00\",\"dateModified\":\"2025-05-25T08:19:14+00:00\",\"description\":\"Foto \u00e7apraz ba\u011flama, kararl\u0131 \u00e7apraz ba\u011flanm\u0131\u015f kappa karagenan metakrilat (KapMA) hidrojellerinin olu\u015fumunu sa\u011flamak i\u00e7in bir ultraviyole (UV) veya g\u00f6r\u00fcn\u00fcr \u0131\u015f\u0131k\",\"breadcrumb\":{\"@id\":\"https:\/\/www.adbioink.com\/tr\/product\/kapma-kappa-karagenan-metakrilat\/#breadcrumb\"},\"inLanguage\":\"tr\",\"potentialAction\":[{\"@type\":\"ReadAction\",\"target\":[\"https:\/\/www.adbioink.com\/tr\/product\/kapma-kappa-karagenan-metakrilat\/\"]}]},{\"@type\":\"BreadcrumbList\",\"@id\":\"https:\/\/www.adbioink.com\/tr\/product\/kapma-kappa-karagenan-metakrilat\/#breadcrumb\",\"itemListElement\":[{\"@type\":\"ListItem\",\"position\":1,\"name\":\"Home\",\"item\":\"https:\/\/www.adbioink.com\/tr\/\"},{\"@type\":\"ListItem\",\"position\":2,\"name\":\"Ma\u011faza\",\"item\":\"https:\/\/www.adbioink.com\/tr\/magaza\/\"},{\"@type\":\"ListItem\",\"position\":3,\"name\":\"KapMA (Kappa Karagenan Metakrilat)\"}]},{\"@type\":\"WebSite\",\"@id\":\"https:\/\/www.adbioink.com\/tr\/#website\",\"url\":\"https:\/\/www.adbioink.com\/tr\/\",\"name\":\"Adbioink\/tr\",\"description\":\"\u0130leri Biyom\u00fcrekkep Teknolojileri\",\"potentialAction\":[{\"@type\":\"SearchAction\",\"target\":{\"@type\":\"EntryPoint\",\"urlTemplate\":\"https:\/\/www.adbioink.com\/tr\/?s={search_term_string}\"},\"query-input\":\"required name=search_term_string\"}],\"inLanguage\":\"tr\"}]}<\/script>\n<!-- \/ Yoast SEO plugin. -->","yoast_head_json":{"title":"KapMA (Kappa Karagenan Metakrilat) - Adbioink\/tr","description":"Foto \u00e7apraz ba\u011flama, kararl\u0131 \u00e7apraz ba\u011flanm\u0131\u015f kappa karagenan metakrilat (KapMA) hidrojellerinin olu\u015fumunu sa\u011flamak i\u00e7in bir ultraviyole (UV) veya g\u00f6r\u00fcn\u00fcr \u0131\u015f\u0131k","robots":{"index":"index","follow":"follow","max-snippet":"max-snippet:-1","max-image-preview":"max-image-preview:large","max-video-preview":"max-video-preview:-1"},"canonical":"https:\/\/www.adbioink.com\/tr\/product\/kapma-kappa-karagenan-metakrilat\/","og_locale":"tr_TR","og_type":"article","og_title":"KapMA (Kappa Karagenan Metakrilat) - Adbioink\/tr","og_description":"Foto \u00e7apraz ba\u011flama, kararl\u0131 \u00e7apraz ba\u011flanm\u0131\u015f kappa karagenan metakrilat (KapMA) hidrojellerinin olu\u015fumunu sa\u011flamak i\u00e7in bir ultraviyole (UV) veya g\u00f6r\u00fcn\u00fcr \u0131\u015f\u0131k","og_url":"https:\/\/www.adbioink.com\/tr\/product\/kapma-kappa-karagenan-metakrilat\/","og_site_name":"Adbioink\/tr","article_modified_time":"2025-05-25T08:19:14+00:00","og_image":[{"width":2500,"height":2153,"url":"https:\/\/www.adbioink.com\/tr\/wp-content\/uploads\/sites\/2\/2021\/10\/KapMA-Lyophilized-Powder.png","type":"image\/png"}],"twitter_card":"summary_large_image","twitter_misc":{"Tahmini okuma s\u00fcresi":"1 dakika"},"schema":{"@context":"https:\/\/schema.org","@graph":[{"@type":"WebPage","@id":"https:\/\/www.adbioink.com\/tr\/product\/kapma-kappa-karagenan-metakrilat\/","url":"https:\/\/www.adbioink.com\/tr\/product\/kapma-kappa-karagenan-metakrilat\/","name":"KapMA (Kappa Karagenan Metakrilat) - Adbioink\/tr","isPartOf":{"@id":"https:\/\/www.adbioink.com\/tr\/#website"},"datePublished":"2021-10-10T10:39:45+00:00","dateModified":"2025-05-25T08:19:14+00:00","description":"Foto \u00e7apraz ba\u011flama, kararl\u0131 \u00e7apraz ba\u011flanm\u0131\u015f kappa karagenan metakrilat (KapMA) hidrojellerinin olu\u015fumunu sa\u011flamak i\u00e7in bir ultraviyole (UV) veya g\u00f6r\u00fcn\u00fcr \u0131\u015f\u0131k","breadcrumb":{"@id":"https:\/\/www.adbioink.com\/tr\/product\/kapma-kappa-karagenan-metakrilat\/#breadcrumb"},"inLanguage":"tr","potentialAction":[{"@type":"ReadAction","target":["https:\/\/www.adbioink.com\/tr\/product\/kapma-kappa-karagenan-metakrilat\/"]}]},{"@type":"BreadcrumbList","@id":"https:\/\/www.adbioink.com\/tr\/product\/kapma-kappa-karagenan-metakrilat\/#breadcrumb","itemListElement":[{"@type":"ListItem","position":1,"name":"Home","item":"https:\/\/www.adbioink.com\/tr\/"},{"@type":"ListItem","position":2,"name":"Ma\u011faza","item":"https:\/\/www.adbioink.com\/tr\/magaza\/"},{"@type":"ListItem","position":3,"name":"KapMA (Kappa Karagenan Metakrilat)"}]},{"@type":"WebSite","@id":"https:\/\/www.adbioink.com\/tr\/#website","url":"https:\/\/www.adbioink.com\/tr\/","name":"Adbioink\/tr","description":"\u0130leri Biyom\u00fcrekkep Teknolojileri","potentialAction":[{"@type":"SearchAction","target":{"@type":"EntryPoint","urlTemplate":"https:\/\/www.adbioink.com\/tr\/?s={search_term_string}"},"query-input":"required name=search_term_string"}],"inLanguage":"tr"}]}},"_links":{"self":[{"href":"https:\/\/www.adbioink.com\/tr\/wp-json\/wp\/v2\/product\/8080"}],"collection":[{"href":"https:\/\/www.adbioink.com\/tr\/wp-json\/wp\/v2\/product"}],"about":[{"href":"https:\/\/www.adbioink.com\/tr\/wp-json\/wp\/v2\/types\/product"}],"replies":[{"embeddable":true,"href":"https:\/\/www.adbioink.com\/tr\/wp-json\/wp\/v2\/comments?post=8080"}],"wp:featuredmedia":[{"embeddable":true,"href":"https:\/\/www.adbioink.com\/tr\/wp-json\/wp\/v2\/media\/8108"}],"wp:attachment":[{"href":"https:\/\/www.adbioink.com\/tr\/wp-json\/wp\/v2\/media?parent=8080"}],"wp:term":[{"taxonomy":"product_cat","embeddable":true,"href":"https:\/\/www.adbioink.com\/tr\/wp-json\/wp\/v2\/product_cat?post=8080"},{"taxonomy":"product_tag","embeddable":true,"href":"https:\/\/www.adbioink.com\/tr\/wp-json\/wp\/v2\/product_tag?post=8080"}],"curies":[{"name":"wp","href":"https:\/\/api.w.org\/{rel}","templated":true}]}}