{"id":8121,"date":"2022-02-12T10:32:08","date_gmt":"2022-02-12T10:32:08","guid":{"rendered":"https:\/\/www.adbioink.com\/?post_type=product&#038;p=8121"},"modified":"2025-05-25T08:55:25","modified_gmt":"2025-05-25T07:55:25","slug":"gellan-gum-biyomurekkep","status":"publish","type":"product","link":"https:\/\/www.adbioink.com\/tr\/product\/gellan-gum-biyomurekkep\/","title":{"rendered":"Gellan Gum Biyom\u00fcrekkep"},"content":{"rendered":"<table style=\"height: 168px;\" width=\"414\">\n<tbody>\n<tr>\n<td width=\"320\"><strong>E\u015f anlaml\u0131<\/strong><\/td>\n<td width=\"320\">GumMA Biyom\u00fcrekkep,\u00a0 Metakrile Gellan Gum Biyom\u00fcrekkep<\/td>\n<\/tr>\n<tr>\n<td width=\"320\"><strong>Sterilite<\/strong><\/td>\n<td width=\"320\">Steril<\/td>\n<\/tr>\n<tr>\n<td width=\"320\"><strong>pH<\/strong><\/td>\n<td width=\"320\">6.0-8.0<\/td>\n<\/tr>\n<tr>\n<td width=\"320\"><strong>Form<\/strong><\/td>\n<td width=\"320\">Jel<\/td>\n<\/tr>\n<tr>\n<td width=\"320\"><strong>Uygulama<\/strong><\/td>\n<td width=\"320\">3D h\u00fccre k\u00fclt\u00fcr\u00fc ve doku m\u00fchendisli\u011fi uygulamalar\u0131 i\u00e7in kullan\u0131lan foto \u00e7apraz ba\u011fl\u0131 gellan gum biyom\u00fcrekkep<\/td>\n<\/tr>\n<\/tbody>\n<\/table>\n","protected":false},"excerpt":{"rendered":"<p>Gellan Gum biyom\u00fcrekkep, 3B biyobas\u0131m i\u00e7in \u015fimdiye kadar ticarile\u015ftirilmi\u015f ilk Gellan Gum bazl\u0131 biom\u00fcrekkeptir.<\/p>\n<p>G\u0131da katk\u0131 maddesi olarak FDA onay\u0131na sahip Gellan Gum biyom\u00fcrekkep, tekrar eden bir birim olarak glikoz-glukuronik asit-glukoz-ramnozdan olu\u015fan ve metalik iyonlar\u0131n varl\u0131\u011f\u0131nda jel olu\u015fturan h\u00fccre d\u0131\u015f\u0131 mikrobiyal anyonik heteropolisakkarittir. Gellan Gum, tekrar eden birim ba\u015f\u0131na serbest bir karboksilik gruba sahiptir ve bu, i\u015flevselle\u015ftirme ve biyo-stabilitesini geli\u015ftirme i\u00e7in kullan\u0131labilir. Gellan Gum biyom\u00fcrekkep, iyi mekanik \u00f6zellikleri ve terapi olarak umut verici sonu\u00e7lar\u0131 nedeniyle k\u0131k\u0131rdak-doku m\u00fchendisli\u011fi alanlar\u0131 i\u00e7in yeni bir biyomateryaldir.<\/p>\n<p>Foto-polimerizasyon, artan yap\u0131sal ve mekanik b\u00fct\u00fcnl\u00fck ile hidrojel olu\u015fumu i\u00e7in alternatif bir y\u00f6ntemdir. Bu teknikte polimerler, UV \u0131\u015f\u0131\u011f\u0131na maruz kald\u0131ktan sonra fotoba\u015flat\u0131c\u0131 varl\u0131\u011f\u0131nda serbest radikal polimerizasyonuna u\u011frayan metakrilat gruplar\u0131 ile modifiye edilir. Bu polimerizasyon reaksiyonu, polimer zincirlerinin omurgas\u0131 boyunca fonksiyonel metakrilat gruplar\u0131 aras\u0131nda kovalent ba\u011flar\u0131n olu\u015fumunu ind\u00fckler. Gellan gum metakrile gruplar\u0131 ile kimyasal modifikasyonu m\u00fcmk\u00fcnd\u00fcr ve hem iyonik hem de foto-\u00e7apraz ba\u011flanabilir metakrile gellan gum hidrojellerinin elde edilmesini sa\u011flar.<\/p>\n<p>\u00c7al\u0131\u015fmalar gellan gum hidrojellerinin sitotoksik olmayan biyouyumlu malzemeler oldu\u011funu g\u00f6stermi\u015ftir.<\/p>\n","protected":false},"featured_media":9912,"comment_status":"open","ping_status":"closed","template":"","meta":{"_mi_skip_tracking":false,"_monsterinsights_sitenote_active":false,"_monsterinsights_sitenote_note":"","_monsterinsights_sitenote_category":0},"product_cat":[19,311],"product_tag":[32,312,315,314,313],"yoast_head":"<!-- This site is optimized with the Yoast SEO plugin v20.9 - https:\/\/yoast.com\/wordpress\/plugins\/seo\/ -->\n<title>Gellan Gum Biyom\u00fcrekkep - Adbioink\/tr<\/title>\n<meta name=\"description\" content=\"Gellan Gum biyom\u00fcrekkep, iyi mekanik \u00f6zellikleri ve terapi olarak umut verici sonu\u00e7lar\u0131 nedeniyle k\u0131k\u0131rdak-doku m\u00fchendisli\u011fi alanlar\u0131 i\u00e7in yeni bir\" \/>\n<meta name=\"robots\" content=\"index, follow, max-snippet:-1, max-image-preview:large, max-video-preview:-1\" \/>\n<link rel=\"canonical\" href=\"https:\/\/www.adbioink.com\/tr\/product\/gellan-gum-biyomurekkep\/\" \/>\n<meta property=\"og:locale\" content=\"tr_TR\" \/>\n<meta property=\"og:type\" content=\"article\" \/>\n<meta property=\"og:title\" content=\"Gellan Gum Biyom\u00fcrekkep - Adbioink\/tr\" \/>\n<meta property=\"og:description\" content=\"Gellan Gum biyom\u00fcrekkep, iyi mekanik \u00f6zellikleri ve terapi olarak umut verici sonu\u00e7lar\u0131 nedeniyle k\u0131k\u0131rdak-doku m\u00fchendisli\u011fi alanlar\u0131 i\u00e7in yeni bir\" \/>\n<meta property=\"og:url\" content=\"https:\/\/www.adbioink.com\/tr\/product\/gellan-gum-biyomurekkep\/\" \/>\n<meta property=\"og:site_name\" content=\"Adbioink\/tr\" \/>\n<meta property=\"article:modified_time\" content=\"2025-05-25T07:55:25+00:00\" \/>\n<meta property=\"og:image\" content=\"https:\/\/www.adbioink.com\/tr\/wp-content\/uploads\/sites\/2\/2022\/02\/GumMA-Biyomurekkep.png\" \/>\n\t<meta property=\"og:image:width\" content=\"847\" \/>\n\t<meta property=\"og:image:height\" content=\"729\" \/>\n\t<meta property=\"og:image:type\" content=\"image\/png\" \/>\n<meta name=\"twitter:card\" content=\"summary_large_image\" \/>\n<meta name=\"twitter:label1\" content=\"Tahmini okuma s\u00fcresi\" \/>\n\t<meta name=\"twitter:data1\" content=\"1 dakika\" \/>\n<script type=\"application\/ld+json\" class=\"yoast-schema-graph\">{\"@context\":\"https:\/\/schema.org\",\"@graph\":[{\"@type\":\"WebPage\",\"@id\":\"https:\/\/www.adbioink.com\/tr\/product\/gellan-gum-biyomurekkep\/\",\"url\":\"https:\/\/www.adbioink.com\/tr\/product\/gellan-gum-biyomurekkep\/\",\"name\":\"Gellan Gum Biyom\u00fcrekkep - Adbioink\/tr\",\"isPartOf\":{\"@id\":\"https:\/\/www.adbioink.com\/tr\/#website\"},\"datePublished\":\"2022-02-12T10:32:08+00:00\",\"dateModified\":\"2025-05-25T07:55:25+00:00\",\"description\":\"Gellan Gum biyom\u00fcrekkep, iyi mekanik \u00f6zellikleri ve terapi olarak umut verici sonu\u00e7lar\u0131 nedeniyle k\u0131k\u0131rdak-doku m\u00fchendisli\u011fi alanlar\u0131 i\u00e7in yeni bir\",\"breadcrumb\":{\"@id\":\"https:\/\/www.adbioink.com\/tr\/product\/gellan-gum-biyomurekkep\/#breadcrumb\"},\"inLanguage\":\"tr\",\"potentialAction\":[{\"@type\":\"ReadAction\",\"target\":[\"https:\/\/www.adbioink.com\/tr\/product\/gellan-gum-biyomurekkep\/\"]}]},{\"@type\":\"BreadcrumbList\",\"@id\":\"https:\/\/www.adbioink.com\/tr\/product\/gellan-gum-biyomurekkep\/#breadcrumb\",\"itemListElement\":[{\"@type\":\"ListItem\",\"position\":1,\"name\":\"Home\",\"item\":\"https:\/\/www.adbioink.com\/tr\/\"},{\"@type\":\"ListItem\",\"position\":2,\"name\":\"Ma\u011faza\",\"item\":\"https:\/\/www.adbioink.com\/tr\/magaza\/\"},{\"@type\":\"ListItem\",\"position\":3,\"name\":\"Gellan Gum Biyom\u00fcrekkep\"}]},{\"@type\":\"WebSite\",\"@id\":\"https:\/\/www.adbioink.com\/tr\/#website\",\"url\":\"https:\/\/www.adbioink.com\/tr\/\",\"name\":\"Adbioink\/tr\",\"description\":\"\u0130leri Biyom\u00fcrekkep Teknolojileri\",\"potentialAction\":[{\"@type\":\"SearchAction\",\"target\":{\"@type\":\"EntryPoint\",\"urlTemplate\":\"https:\/\/www.adbioink.com\/tr\/?s={search_term_string}\"},\"query-input\":\"required name=search_term_string\"}],\"inLanguage\":\"tr\"}]}<\/script>\n<!-- \/ Yoast SEO plugin. -->","yoast_head_json":{"title":"Gellan Gum Biyom\u00fcrekkep - Adbioink\/tr","description":"Gellan Gum biyom\u00fcrekkep, iyi mekanik \u00f6zellikleri ve terapi olarak umut verici sonu\u00e7lar\u0131 nedeniyle k\u0131k\u0131rdak-doku m\u00fchendisli\u011fi alanlar\u0131 i\u00e7in yeni bir","robots":{"index":"index","follow":"follow","max-snippet":"max-snippet:-1","max-image-preview":"max-image-preview:large","max-video-preview":"max-video-preview:-1"},"canonical":"https:\/\/www.adbioink.com\/tr\/product\/gellan-gum-biyomurekkep\/","og_locale":"tr_TR","og_type":"article","og_title":"Gellan Gum Biyom\u00fcrekkep - Adbioink\/tr","og_description":"Gellan Gum biyom\u00fcrekkep, iyi mekanik \u00f6zellikleri ve terapi olarak umut verici sonu\u00e7lar\u0131 nedeniyle k\u0131k\u0131rdak-doku m\u00fchendisli\u011fi alanlar\u0131 i\u00e7in yeni bir","og_url":"https:\/\/www.adbioink.com\/tr\/product\/gellan-gum-biyomurekkep\/","og_site_name":"Adbioink\/tr","article_modified_time":"2025-05-25T07:55:25+00:00","og_image":[{"url":"https:\/\/www.adbioink.com\/tr\/wp-content\/uploads\/sites\/2\/2022\/02\/GumMA-Biyomurekkep.png","width":847,"height":729,"type":"image\/png"}],"twitter_card":"summary_large_image","twitter_misc":{"Tahmini okuma s\u00fcresi":"1 dakika"},"schema":{"@context":"https:\/\/schema.org","@graph":[{"@type":"WebPage","@id":"https:\/\/www.adbioink.com\/tr\/product\/gellan-gum-biyomurekkep\/","url":"https:\/\/www.adbioink.com\/tr\/product\/gellan-gum-biyomurekkep\/","name":"Gellan Gum Biyom\u00fcrekkep - Adbioink\/tr","isPartOf":{"@id":"https:\/\/www.adbioink.com\/tr\/#website"},"datePublished":"2022-02-12T10:32:08+00:00","dateModified":"2025-05-25T07:55:25+00:00","description":"Gellan Gum biyom\u00fcrekkep, iyi mekanik \u00f6zellikleri ve terapi olarak umut verici sonu\u00e7lar\u0131 nedeniyle k\u0131k\u0131rdak-doku m\u00fchendisli\u011fi alanlar\u0131 i\u00e7in yeni bir","breadcrumb":{"@id":"https:\/\/www.adbioink.com\/tr\/product\/gellan-gum-biyomurekkep\/#breadcrumb"},"inLanguage":"tr","potentialAction":[{"@type":"ReadAction","target":["https:\/\/www.adbioink.com\/tr\/product\/gellan-gum-biyomurekkep\/"]}]},{"@type":"BreadcrumbList","@id":"https:\/\/www.adbioink.com\/tr\/product\/gellan-gum-biyomurekkep\/#breadcrumb","itemListElement":[{"@type":"ListItem","position":1,"name":"Home","item":"https:\/\/www.adbioink.com\/tr\/"},{"@type":"ListItem","position":2,"name":"Ma\u011faza","item":"https:\/\/www.adbioink.com\/tr\/magaza\/"},{"@type":"ListItem","position":3,"name":"Gellan Gum Biyom\u00fcrekkep"}]},{"@type":"WebSite","@id":"https:\/\/www.adbioink.com\/tr\/#website","url":"https:\/\/www.adbioink.com\/tr\/","name":"Adbioink\/tr","description":"\u0130leri Biyom\u00fcrekkep Teknolojileri","potentialAction":[{"@type":"SearchAction","target":{"@type":"EntryPoint","urlTemplate":"https:\/\/www.adbioink.com\/tr\/?s={search_term_string}"},"query-input":"required name=search_term_string"}],"inLanguage":"tr"}]}},"_links":{"self":[{"href":"https:\/\/www.adbioink.com\/tr\/wp-json\/wp\/v2\/product\/8121"}],"collection":[{"href":"https:\/\/www.adbioink.com\/tr\/wp-json\/wp\/v2\/product"}],"about":[{"href":"https:\/\/www.adbioink.com\/tr\/wp-json\/wp\/v2\/types\/product"}],"replies":[{"embeddable":true,"href":"https:\/\/www.adbioink.com\/tr\/wp-json\/wp\/v2\/comments?post=8121"}],"wp:featuredmedia":[{"embeddable":true,"href":"https:\/\/www.adbioink.com\/tr\/wp-json\/wp\/v2\/media\/9912"}],"wp:attachment":[{"href":"https:\/\/www.adbioink.com\/tr\/wp-json\/wp\/v2\/media?parent=8121"}],"wp:term":[{"taxonomy":"product_cat","embeddable":true,"href":"https:\/\/www.adbioink.com\/tr\/wp-json\/wp\/v2\/product_cat?post=8121"},{"taxonomy":"product_tag","embeddable":true,"href":"https:\/\/www.adbioink.com\/tr\/wp-json\/wp\/v2\/product_tag?post=8121"}],"curies":[{"name":"wp","href":"https:\/\/api.w.org\/{rel}","templated":true}]}}