{"id":8141,"date":"2022-02-13T08:56:35","date_gmt":"2022-02-13T08:56:35","guid":{"rendered":"https:\/\/www.adbioink.com\/?post_type=product&#038;p=8141"},"modified":"2025-05-25T07:58:52","modified_gmt":"2025-05-25T06:58:52","slug":"ipek-fibroin-cozeltisi","status":"publish","type":"product","link":"https:\/\/www.adbioink.com\/tr\/product\/ipek-fibroin-cozeltisi\/","title":{"rendered":"\u0130pek fibroin \u00e7\u00f6zeltisi"},"content":{"rendered":"<p>\u0130pek fibroin \u00e7\u00f6zeltisi<\/p>\n<table width=\"640\">\n<tbody>\n<tr>\n<td width=\"320\"><strong>Raf \u00f6mr\u00fc<\/strong><\/td>\n<td width=\"320\">Al\u0131nd\u0131\u011f\u0131 tarihten itibaren en az 6 ay<\/td>\n<\/tr>\n<tr>\n<td width=\"320\"><strong>Depolama ko\u015fullar\u0131<\/strong><\/td>\n<td width=\"320\">-70\u00b0C<\/td>\n<\/tr>\n<tr>\n<td width=\"320\"><strong>Form<\/strong><\/td>\n<td width=\"320\">\u00c7\u00f6zelti<\/td>\n<\/tr>\n<tr>\n<td width=\"320\"><strong>pH<\/strong><\/td>\n<td width=\"320\">&gt;4.5<\/td>\n<\/tr>\n<tr>\n<td width=\"320\"><strong>Konsantrasyon<\/strong><\/td>\n<td width=\"320\">~50 mg\/ml<\/td>\n<\/tr>\n<tr>\n<td width=\"320\"><strong>Kaynak<\/strong><\/td>\n<td width=\"320\">Bombyx Mori \u0130pekb\u00f6ce\u011fi<\/td>\n<\/tr>\n<\/tbody>\n<\/table>\n","protected":false},"excerpt":{"rendered":"<p>\u0130pek fibroin \u00e7\u00f6zeltisi lifli bir proteindir. Bir hafif (L) zincir polipeptit ve bir a\u011f\u0131r (H) zincir polipeptitten olu\u015fur ve H-zincirinin C-terminalinde tek bir dis\u00fclf\u00fcr ba\u011f\u0131 yoluyla bir H-L kompleksi olu\u015fturur. \u0130pek fibroin \u00e7\u00f6zeltisi, bir dis\u00fclfid k\u00f6pr\u00fcs\u00fc ile birle\u015ftirilmi\u015f 26 kDa hafif ve 390 kDa a\u011f\u0131r zincirden olu\u015fur. \u0130pek fibroinin kristal b\u00f6lgeleri, esas olarak, X&#8217;in alanin, serin, treonin veya valin oldu\u011fu glisin-X tekrarlar\u0131ndan olu\u015fur. Bu alanlar i\u00e7inde glisin, alanin, serin ve tirozin a\u00e7\u0131s\u0131ndan zengin alt alanlar bulunur. Kristalin b\u00f6lgeler, fibroin filmlerini sulu ortamda \u00e7\u00f6z\u00fcnmez hale getirir ve bu nedenle in vivo implantasyon i\u00e7in uygun hale getirir. Sonu\u00e7, g\u00fc\u00e7l\u00fc ve esnek malzemeler olu\u015fturmak i\u00e7in kendi kendine birle\u015fen hidrofobik bir proteindir. Fibroin yap\u0131s\u0131 i\u00e7indeki \u03b2-tabaka olu\u015fturma rejimlerinin bask\u0131nl\u0131\u011f\u0131, protein bazl\u0131 malzemelere y\u00fcksek mekanik mukavemet ve tokluk kazand\u0131r\u0131r.<\/p>\n<p>\u0130pek Fibroin, doku m\u00fchendisli\u011fi i\u00e7in kullan\u0131lan do\u011fal bir polimerik biyomateryaldir. Ayr\u0131ca bir dizi kimyasal ve fiziksel i\u015flemden sonra \u00e7e\u015fitli \u015fekillerde suland\u0131r\u0131labilir. \u0130pek fibroin \u00e7\u00f6zeltisi, m\u00fckemmel biyouyumluluk, d\u00fc\u015f\u00fck inflamasyona neden olan etki, oksijen ge\u00e7irgenli\u011fi ile m\u00fckemmel su buhar\u0131, kan uyumlulu\u011fu ve kontrol edilebilir bozunma ile fonksiyonel bir biyomateryal olarak vurgulanm\u0131\u015ft\u0131r. Bu sebeplerden dolay\u0131 biyot\u0131p ve biyoteknoloji alanlar\u0131nda kullan\u0131lan pop\u00fcler bir biyomateryaldir.<\/p>\n<p>\u0130pek fibroin, y\u00fczy\u0131llard\u0131r tekstil ve cerrahide kullan\u0131lmaktad\u0131r. Yeni geli\u015ftirilen biyomedikal uygulamalar ile kullan\u0131m alan\u0131 geni\u015flemektedir. \u0130pek Fibroin \u00e7\u00f6z\u00fcm\u00fcn\u00fcn do\u011fal ve rejenere formlardaki kolay ve \u00e7ok y\u00f6nl\u00fc i\u015flenebilirli\u011fi, onu mekanik olarak \u00fcst\u00fcn, biyouyumlu, biyolojik olarak par\u00e7alanabilir ve i\u015flevselle\u015ftirilebilir bir malzeme gerektiren bir dizi uygulamada \u00e7ekici k\u0131lmaktad\u0131r. \u0130pek fibroin lifleri, bir\u00e7ok sentetik ve do\u011fal lifin \u00f6zelliklerini a\u015fan \u00f6zelliklere sahip, en etkileyici do\u011fal protein liflerinden birini temsil eden \u00e7ekici bir g\u00fc\u00e7, tokluk, biyouyumluluk\/biyobozunurluk ve termal kararl\u0131l\u0131k kombinasyonu ile donat\u0131lm\u0131\u015ft\u0131r.<\/p>\n","protected":false},"featured_media":9911,"comment_status":"open","ping_status":"closed","template":"","meta":{"_mi_skip_tracking":false,"_monsterinsights_sitenote_active":false,"_monsterinsights_sitenote_note":"","_monsterinsights_sitenote_category":0},"product_cat":[19,296],"product_tag":[32,343,344],"yoast_head":"<!-- This site is optimized with the Yoast SEO plugin v20.9 - https:\/\/yoast.com\/wordpress\/plugins\/seo\/ -->\n<title>\u0130pek fibroin \u00e7\u00f6zeltisi - Adbioink\/tr<\/title>\n<meta name=\"description\" content=\"\u0130pek fibroin \u00e7\u00f6zeltisi, m\u00fckemmel biyouyumluluk, d\u00fc\u015f\u00fck inflamasyona neden olan etki, oksijen ge\u00e7irgenli\u011fi ile m\u00fckemmel su buhar\u0131, kan uyumlulu\u011fu\" \/>\n<meta name=\"robots\" content=\"index, follow, max-snippet:-1, max-image-preview:large, max-video-preview:-1\" \/>\n<link rel=\"canonical\" href=\"https:\/\/www.adbioink.com\/tr\/product\/ipek-fibroin-cozeltisi\/\" \/>\n<meta property=\"og:locale\" content=\"tr_TR\" \/>\n<meta property=\"og:type\" content=\"article\" \/>\n<meta property=\"og:title\" content=\"\u0130pek fibroin \u00e7\u00f6zeltisi - Adbioink\/tr\" \/>\n<meta property=\"og:description\" content=\"\u0130pek fibroin \u00e7\u00f6zeltisi, m\u00fckemmel biyouyumluluk, d\u00fc\u015f\u00fck inflamasyona neden olan etki, oksijen ge\u00e7irgenli\u011fi ile m\u00fckemmel su buhar\u0131, kan uyumlulu\u011fu\" \/>\n<meta property=\"og:url\" content=\"https:\/\/www.adbioink.com\/tr\/product\/ipek-fibroin-cozeltisi\/\" \/>\n<meta property=\"og:site_name\" content=\"Adbioink\/tr\" \/>\n<meta property=\"article:modified_time\" content=\"2025-05-25T06:58:52+00:00\" \/>\n<meta property=\"og:image\" content=\"https:\/\/www.adbioink.com\/tr\/wp-content\/uploads\/sites\/2\/2022\/02\/Silk-Fibroin-Solution.png\" \/>\n\t<meta property=\"og:image:width\" content=\"847\" \/>\n\t<meta property=\"og:image:height\" content=\"729\" \/>\n\t<meta property=\"og:image:type\" content=\"image\/png\" \/>\n<meta name=\"twitter:card\" content=\"summary_large_image\" \/>\n<meta name=\"twitter:label1\" content=\"Tahmini okuma s\u00fcresi\" \/>\n\t<meta name=\"twitter:data1\" content=\"1 dakika\" \/>\n<script type=\"application\/ld+json\" class=\"yoast-schema-graph\">{\"@context\":\"https:\/\/schema.org\",\"@graph\":[{\"@type\":\"WebPage\",\"@id\":\"https:\/\/www.adbioink.com\/tr\/product\/ipek-fibroin-cozeltisi\/\",\"url\":\"https:\/\/www.adbioink.com\/tr\/product\/ipek-fibroin-cozeltisi\/\",\"name\":\"\u0130pek fibroin \u00e7\u00f6zeltisi - Adbioink\/tr\",\"isPartOf\":{\"@id\":\"https:\/\/www.adbioink.com\/tr\/#website\"},\"datePublished\":\"2022-02-13T08:56:35+00:00\",\"dateModified\":\"2025-05-25T06:58:52+00:00\",\"description\":\"\u0130pek fibroin \u00e7\u00f6zeltisi, m\u00fckemmel biyouyumluluk, d\u00fc\u015f\u00fck inflamasyona neden olan etki, oksijen ge\u00e7irgenli\u011fi ile m\u00fckemmel su buhar\u0131, kan uyumlulu\u011fu\",\"breadcrumb\":{\"@id\":\"https:\/\/www.adbioink.com\/tr\/product\/ipek-fibroin-cozeltisi\/#breadcrumb\"},\"inLanguage\":\"tr\",\"potentialAction\":[{\"@type\":\"ReadAction\",\"target\":[\"https:\/\/www.adbioink.com\/tr\/product\/ipek-fibroin-cozeltisi\/\"]}]},{\"@type\":\"BreadcrumbList\",\"@id\":\"https:\/\/www.adbioink.com\/tr\/product\/ipek-fibroin-cozeltisi\/#breadcrumb\",\"itemListElement\":[{\"@type\":\"ListItem\",\"position\":1,\"name\":\"Home\",\"item\":\"https:\/\/www.adbioink.com\/tr\/\"},{\"@type\":\"ListItem\",\"position\":2,\"name\":\"Ma\u011faza\",\"item\":\"https:\/\/www.adbioink.com\/tr\/magaza\/\"},{\"@type\":\"ListItem\",\"position\":3,\"name\":\"\u0130pek fibroin \u00e7\u00f6zeltisi\"}]},{\"@type\":\"WebSite\",\"@id\":\"https:\/\/www.adbioink.com\/tr\/#website\",\"url\":\"https:\/\/www.adbioink.com\/tr\/\",\"name\":\"Adbioink\/tr\",\"description\":\"\u0130leri Biyom\u00fcrekkep Teknolojileri\",\"potentialAction\":[{\"@type\":\"SearchAction\",\"target\":{\"@type\":\"EntryPoint\",\"urlTemplate\":\"https:\/\/www.adbioink.com\/tr\/?s={search_term_string}\"},\"query-input\":\"required name=search_term_string\"}],\"inLanguage\":\"tr\"}]}<\/script>\n<!-- \/ Yoast SEO plugin. -->","yoast_head_json":{"title":"\u0130pek fibroin \u00e7\u00f6zeltisi - Adbioink\/tr","description":"\u0130pek fibroin \u00e7\u00f6zeltisi, m\u00fckemmel biyouyumluluk, d\u00fc\u015f\u00fck inflamasyona neden olan etki, oksijen ge\u00e7irgenli\u011fi ile m\u00fckemmel su buhar\u0131, kan uyumlulu\u011fu","robots":{"index":"index","follow":"follow","max-snippet":"max-snippet:-1","max-image-preview":"max-image-preview:large","max-video-preview":"max-video-preview:-1"},"canonical":"https:\/\/www.adbioink.com\/tr\/product\/ipek-fibroin-cozeltisi\/","og_locale":"tr_TR","og_type":"article","og_title":"\u0130pek fibroin \u00e7\u00f6zeltisi - Adbioink\/tr","og_description":"\u0130pek fibroin \u00e7\u00f6zeltisi, m\u00fckemmel biyouyumluluk, d\u00fc\u015f\u00fck inflamasyona neden olan etki, oksijen ge\u00e7irgenli\u011fi ile m\u00fckemmel su buhar\u0131, kan uyumlulu\u011fu","og_url":"https:\/\/www.adbioink.com\/tr\/product\/ipek-fibroin-cozeltisi\/","og_site_name":"Adbioink\/tr","article_modified_time":"2025-05-25T06:58:52+00:00","og_image":[{"url":"https:\/\/www.adbioink.com\/tr\/wp-content\/uploads\/sites\/2\/2022\/02\/Silk-Fibroin-Solution.png","width":847,"height":729,"type":"image\/png"}],"twitter_card":"summary_large_image","twitter_misc":{"Tahmini okuma s\u00fcresi":"1 dakika"},"schema":{"@context":"https:\/\/schema.org","@graph":[{"@type":"WebPage","@id":"https:\/\/www.adbioink.com\/tr\/product\/ipek-fibroin-cozeltisi\/","url":"https:\/\/www.adbioink.com\/tr\/product\/ipek-fibroin-cozeltisi\/","name":"\u0130pek fibroin \u00e7\u00f6zeltisi - Adbioink\/tr","isPartOf":{"@id":"https:\/\/www.adbioink.com\/tr\/#website"},"datePublished":"2022-02-13T08:56:35+00:00","dateModified":"2025-05-25T06:58:52+00:00","description":"\u0130pek fibroin \u00e7\u00f6zeltisi, m\u00fckemmel biyouyumluluk, d\u00fc\u015f\u00fck inflamasyona neden olan etki, oksijen ge\u00e7irgenli\u011fi ile m\u00fckemmel su buhar\u0131, kan uyumlulu\u011fu","breadcrumb":{"@id":"https:\/\/www.adbioink.com\/tr\/product\/ipek-fibroin-cozeltisi\/#breadcrumb"},"inLanguage":"tr","potentialAction":[{"@type":"ReadAction","target":["https:\/\/www.adbioink.com\/tr\/product\/ipek-fibroin-cozeltisi\/"]}]},{"@type":"BreadcrumbList","@id":"https:\/\/www.adbioink.com\/tr\/product\/ipek-fibroin-cozeltisi\/#breadcrumb","itemListElement":[{"@type":"ListItem","position":1,"name":"Home","item":"https:\/\/www.adbioink.com\/tr\/"},{"@type":"ListItem","position":2,"name":"Ma\u011faza","item":"https:\/\/www.adbioink.com\/tr\/magaza\/"},{"@type":"ListItem","position":3,"name":"\u0130pek fibroin \u00e7\u00f6zeltisi"}]},{"@type":"WebSite","@id":"https:\/\/www.adbioink.com\/tr\/#website","url":"https:\/\/www.adbioink.com\/tr\/","name":"Adbioink\/tr","description":"\u0130leri Biyom\u00fcrekkep Teknolojileri","potentialAction":[{"@type":"SearchAction","target":{"@type":"EntryPoint","urlTemplate":"https:\/\/www.adbioink.com\/tr\/?s={search_term_string}"},"query-input":"required name=search_term_string"}],"inLanguage":"tr"}]}},"_links":{"self":[{"href":"https:\/\/www.adbioink.com\/tr\/wp-json\/wp\/v2\/product\/8141"}],"collection":[{"href":"https:\/\/www.adbioink.com\/tr\/wp-json\/wp\/v2\/product"}],"about":[{"href":"https:\/\/www.adbioink.com\/tr\/wp-json\/wp\/v2\/types\/product"}],"replies":[{"embeddable":true,"href":"https:\/\/www.adbioink.com\/tr\/wp-json\/wp\/v2\/comments?post=8141"}],"wp:featuredmedia":[{"embeddable":true,"href":"https:\/\/www.adbioink.com\/tr\/wp-json\/wp\/v2\/media\/9911"}],"wp:attachment":[{"href":"https:\/\/www.adbioink.com\/tr\/wp-json\/wp\/v2\/media?parent=8141"}],"wp:term":[{"taxonomy":"product_cat","embeddable":true,"href":"https:\/\/www.adbioink.com\/tr\/wp-json\/wp\/v2\/product_cat?post=8141"},{"taxonomy":"product_tag","embeddable":true,"href":"https:\/\/www.adbioink.com\/tr\/wp-json\/wp\/v2\/product_tag?post=8141"}],"curies":[{"name":"wp","href":"https:\/\/api.w.org\/{rel}","templated":true}]}}