{"id":8253,"date":"2022-04-10T06:46:26","date_gmt":"2022-04-10T05:46:26","guid":{"rendered":"https:\/\/www.adbioink.com\/?post_type=product&#038;p=8253"},"modified":"2025-01-01T19:03:18","modified_gmt":"2025-01-01T19:03:18","slug":"biyokalem-el-tipi-biyoyazici","status":"publish","type":"product","link":"https:\/\/www.adbioink.com\/tr\/product\/biyokalem-el-tipi-biyoyazici\/","title":{"rendered":"Biyokalem (El tipi biyoyaz\u0131c\u0131)"},"content":{"rendered":"<h3><strong>Biyokalemin Teknik \u00d6zellikleri<\/strong><\/h3>\n<p>Biokalem (El tipi biyoyaz\u0131c\u0131) sistemi kullan\u0131larak, AdBioInk taraf\u0131ndan geli\u015ftirilen GelMA (metakrile jelatin biom\u00fcrekkep), ChiMA (metakrile kitosan biom\u00fcrekkep), HAMA (metakrile hiyal\u00fcronik asit biom\u00fcrekkep), GumMA (metakrile gellan gum biom\u00fcrekkep) ve KapMA (metakrile kappa carrageenan biom\u00fcrekkep) ile 3 boyutlu biyobas\u0131m\u0131 yap\u0131ld\u0131.<\/p>\n<div class=\"fusion-content-boxes content-boxes columns row fusion-columns-1 fusion-columns-total-7 fusion-content-boxes-1 content-boxes-icon-on-top content-left\" data-animationoffset=\"top-into-view\">\n<div class=\"fusion-column content-box-column content-box-column content-box-column-7 col-lg-12 col-md-12 col-sm-12 fusion-content-box-hover content-box-column-last content-box-column-last-in-row\">\n<div class=\"col content-box-wrapper content-wrapper link-area-link-icon content-icon-wrapper-yes icon-wrapper-hover-animation-pulsate fusion-animated link-area-link-icon-hover\" data-animationtype=\"fadeInRight\" data-animationduration=\"0.8\" data-animationoffset=\"top-into-view\">\n<div class=\"heading icon-left\">\n<table style=\"height: 304px;\" width=\"746\">\n<tbody>\n<tr>\n<td width=\"320\"><strong>Fotok\u00fcrleme Kayna\u011f\u0131<\/strong><\/td>\n<td width=\"320\">G\u00f6r\u00fcn\u00fcr \u0131\u015f\u0131k LED&#8217;leri (405nm, 440nm, custom size)<\/td>\n<\/tr>\n<tr>\n<td width=\"320\"><strong>A\u011f\u0131rl\u0131k<\/strong><\/td>\n<td width=\"320\">~700g<\/td>\n<\/tr>\n<tr>\n<td width=\"320\"><strong>Ekstr\u00fczyon H\u0131z\u0131<\/strong><\/td>\n<td width=\"320\">5-35 mm\/dk. (ayarlanabilir)<\/td>\n<\/tr>\n<tr>\n<td width=\"320\"><strong>Bile\u015fenler<\/strong><\/td>\n<td width=\"320\">G\u00fc\u00e7 kayna\u011f\u0131, biyokalem<\/td>\n<\/tr>\n<\/tbody>\n<\/table>\n<\/div>\n<\/div>\n<\/div>\n<div class=\"fusion-clearfix\">\n<div class=\"fusion-content-boxes content-boxes columns row fusion-columns-1 fusion-columns-total-7 fusion-content-boxes-1 content-boxes-icon-on-top content-left\" data-animationoffset=\"top-into-view\">\n<div class=\"fusion-clearfix\"><\/div>\n<\/div>\n<\/div>\n<\/div>\n","protected":false},"excerpt":{"rendered":"<p>\u00dc\u00e7 boyutlu (3B) biyobask\u0131 teknolojileri, rejeneratif t\u0131p veya ila\u00e7 geli\u015ftirme i\u00e7in kullan\u0131lan fonksiyonel insan doku ve organlar\u0131n\u0131 elde etmek i\u00e7in kullan\u0131lan bir ara\u00e7t\u0131r. 3B biyoyaz\u0131c\u0131lar daha maliyetlidir ve genellikle v\u00fccut d\u0131\u015f\u0131nda biyolojik dokular \u00fcretmek i\u00e7in kullan\u0131l\u0131r. \u0130n vivo transplantasyonlar i\u00e7in steril ko\u015fullar\u0131n sa\u011flanmas\u0131 ve uygun modellerin bas\u0131lmas\u0131 yetersiz kalmaktad\u0131r. AdBioInk BiyoKalem (el tipi biyoyaz\u0131c\u0131), m\u00fckemmel ta\u015f\u0131nabilirli\u011fi ve kullan\u0131m kolayl\u0131\u011f\u0131 ile yerinde doku hasar\u0131 giderme i\u00e7in kullan\u0131labilir. Bioen sistemi, motorlu bir ekstr\u00fczyon sistemi, bir biyom\u00fcrekkep kartu\u015fu, bir meme ve bir \u0131\u015f\u0131kla sertle\u015ftirme \u00fcnitesi i\u00e7erir. De\u011fi\u015ftirilebilir g\u00f6r\u00fcn\u00fcr \u0131\u015f\u0131k \u00fcnitesi ile hidrojellerin farkl\u0131 fotoba\u015flat\u0131c\u0131larla \u00e7apraz ba\u011flanmas\u0131n\u0131 m\u00fcmk\u00fcn k\u0131lar. Ayarlanabilir ekstr\u00fczyon sistemi ile h\u00fccre dostu biyoyaz\u0131c\u0131lar yapabilmekte ve h\u00fccre y\u00fckl\u00fc hidrojelin kartu\u015fta istenilen h\u0131zda bas\u0131lmas\u0131na olanak sa\u011flamaktad\u0131r. Bask\u0131 s\u0131ras\u0131nda veya sonras\u0131nda hidrojeli \u00e7apraz ba\u011flayabilir. AdBioInk BioKalem&#8217;in de\u011fi\u015ftirilebilir g\u00f6r\u00fcn\u00fcr \u0131\u015f\u0131k kayna\u011f\u0131 ile farkl\u0131 sertlikte yap\u0131 iskeleleri elde edebilirsiniz. Farkl\u0131 fotoba\u015flat\u0131c\u0131lar kullanarak istedi\u011finiz dokuyu taklit etmenizi sa\u011flar. \u00d6zellikle hasarl\u0131 dokular \u00fczerinde do\u011frudan \u00e7al\u0131\u015fman\u0131za ve k\u0131vr\u0131ml\u0131 y\u00fczeylerde istedi\u011finiz geometride \u00e7al\u0131\u015fman\u0131za olanak sa\u011flar.<\/p>\n<p>&nbsp;<\/p>\n<p><a href=\"https:\/\/www.youtube.com\/watch?v=dWmtukKPN5U\">Handheld Bioprinter (BioPen) and Advanced Bioinks &#8211; YouTube<\/a><\/p>\n","protected":false},"featured_media":9824,"comment_status":"open","ping_status":"closed","template":"","meta":{"_mi_skip_tracking":false,"_monsterinsights_sitenote_active":false,"_monsterinsights_sitenote_note":"","_monsterinsights_sitenote_category":0},"product_cat":[19,307],"product_tag":[25,32,309,310],"yoast_head":"<!-- This site is optimized with the Yoast SEO plugin v20.9 - https:\/\/yoast.com\/wordpress\/plugins\/seo\/ -->\n<title>Biyokalem (El tipi biyoyaz\u0131c\u0131) - Adbioink\/tr<\/title>\n<meta name=\"description\" content=\"Biyokalem sistemi (el tipi biyoyaz\u0131c\u0131), motorlu bir ekstr\u00fczyon sistemi, bir biyom\u00fcrekkep kartu\u015fu, bir meme ve bir foto-sertle\u015ftirme \u00fcnitesi i\u00e7erir.\" \/>\n<meta name=\"robots\" content=\"index, follow, max-snippet:-1, max-image-preview:large, max-video-preview:-1\" \/>\n<link rel=\"canonical\" href=\"https:\/\/www.adbioink.com\/tr\/product\/biyokalem-el-tipi-biyoyazici\/\" \/>\n<meta property=\"og:locale\" content=\"tr_TR\" \/>\n<meta property=\"og:type\" content=\"article\" \/>\n<meta property=\"og:title\" content=\"Biyokalem (El tipi biyoyaz\u0131c\u0131) - Adbioink\/tr\" \/>\n<meta property=\"og:description\" content=\"Biyokalem sistemi (el tipi biyoyaz\u0131c\u0131), motorlu bir ekstr\u00fczyon sistemi, bir biyom\u00fcrekkep kartu\u015fu, bir meme ve bir foto-sertle\u015ftirme \u00fcnitesi i\u00e7erir.\" \/>\n<meta property=\"og:url\" content=\"https:\/\/www.adbioink.com\/tr\/product\/biyokalem-el-tipi-biyoyazici\/\" \/>\n<meta property=\"og:site_name\" content=\"Adbioink\/tr\" \/>\n<meta property=\"article:modified_time\" content=\"2025-01-01T19:03:18+00:00\" \/>\n<meta property=\"og:image\" content=\"https:\/\/www.adbioink.com\/tr\/wp-content\/uploads\/sites\/2\/2022\/04\/A7.4_1192.00_00_00_00.Still029-1-1024x576.png\" \/>\n\t<meta property=\"og:image:width\" content=\"1024\" \/>\n\t<meta property=\"og:image:height\" content=\"576\" \/>\n\t<meta property=\"og:image:type\" content=\"image\/png\" \/>\n<meta name=\"twitter:card\" content=\"summary_large_image\" \/>\n<meta name=\"twitter:label1\" content=\"Tahmini okuma s\u00fcresi\" \/>\n\t<meta name=\"twitter:data1\" content=\"1 dakika\" \/>\n<script type=\"application\/ld+json\" class=\"yoast-schema-graph\">{\"@context\":\"https:\/\/schema.org\",\"@graph\":[{\"@type\":\"WebPage\",\"@id\":\"https:\/\/www.adbioink.com\/tr\/product\/biyokalem-el-tipi-biyoyazici\/\",\"url\":\"https:\/\/www.adbioink.com\/tr\/product\/biyokalem-el-tipi-biyoyazici\/\",\"name\":\"Biyokalem (El tipi biyoyaz\u0131c\u0131) - Adbioink\/tr\",\"isPartOf\":{\"@id\":\"https:\/\/www.adbioink.com\/tr\/#website\"},\"datePublished\":\"2022-04-10T05:46:26+00:00\",\"dateModified\":\"2025-01-01T19:03:18+00:00\",\"description\":\"Biyokalem sistemi (el tipi biyoyaz\u0131c\u0131), motorlu bir ekstr\u00fczyon sistemi, bir biyom\u00fcrekkep kartu\u015fu, bir meme ve bir foto-sertle\u015ftirme \u00fcnitesi i\u00e7erir.\",\"breadcrumb\":{\"@id\":\"https:\/\/www.adbioink.com\/tr\/product\/biyokalem-el-tipi-biyoyazici\/#breadcrumb\"},\"inLanguage\":\"tr\",\"potentialAction\":[{\"@type\":\"ReadAction\",\"target\":[\"https:\/\/www.adbioink.com\/tr\/product\/biyokalem-el-tipi-biyoyazici\/\"]}]},{\"@type\":\"BreadcrumbList\",\"@id\":\"https:\/\/www.adbioink.com\/tr\/product\/biyokalem-el-tipi-biyoyazici\/#breadcrumb\",\"itemListElement\":[{\"@type\":\"ListItem\",\"position\":1,\"name\":\"Home\",\"item\":\"https:\/\/www.adbioink.com\/tr\/\"},{\"@type\":\"ListItem\",\"position\":2,\"name\":\"Ma\u011faza\",\"item\":\"https:\/\/www.adbioink.com\/tr\/magaza\/\"},{\"@type\":\"ListItem\",\"position\":3,\"name\":\"Biyokalem (El tipi biyoyaz\u0131c\u0131)\"}]},{\"@type\":\"WebSite\",\"@id\":\"https:\/\/www.adbioink.com\/tr\/#website\",\"url\":\"https:\/\/www.adbioink.com\/tr\/\",\"name\":\"Adbioink\/tr\",\"description\":\"\u0130leri Biyom\u00fcrekkep Teknolojileri\",\"potentialAction\":[{\"@type\":\"SearchAction\",\"target\":{\"@type\":\"EntryPoint\",\"urlTemplate\":\"https:\/\/www.adbioink.com\/tr\/?s={search_term_string}\"},\"query-input\":\"required name=search_term_string\"}],\"inLanguage\":\"tr\"}]}<\/script>\n<!-- \/ Yoast SEO plugin. -->","yoast_head_json":{"title":"Biyokalem (El tipi biyoyaz\u0131c\u0131) - Adbioink\/tr","description":"Biyokalem sistemi (el tipi biyoyaz\u0131c\u0131), motorlu bir ekstr\u00fczyon sistemi, bir biyom\u00fcrekkep kartu\u015fu, bir meme ve bir foto-sertle\u015ftirme \u00fcnitesi i\u00e7erir.","robots":{"index":"index","follow":"follow","max-snippet":"max-snippet:-1","max-image-preview":"max-image-preview:large","max-video-preview":"max-video-preview:-1"},"canonical":"https:\/\/www.adbioink.com\/tr\/product\/biyokalem-el-tipi-biyoyazici\/","og_locale":"tr_TR","og_type":"article","og_title":"Biyokalem (El tipi biyoyaz\u0131c\u0131) - Adbioink\/tr","og_description":"Biyokalem sistemi (el tipi biyoyaz\u0131c\u0131), motorlu bir ekstr\u00fczyon sistemi, bir biyom\u00fcrekkep kartu\u015fu, bir meme ve bir foto-sertle\u015ftirme \u00fcnitesi i\u00e7erir.","og_url":"https:\/\/www.adbioink.com\/tr\/product\/biyokalem-el-tipi-biyoyazici\/","og_site_name":"Adbioink\/tr","article_modified_time":"2025-01-01T19:03:18+00:00","og_image":[{"width":1024,"height":576,"url":"https:\/\/www.adbioink.com\/tr\/wp-content\/uploads\/sites\/2\/2022\/04\/A7.4_1192.00_00_00_00.Still029-1-1024x576.png","type":"image\/png"}],"twitter_card":"summary_large_image","twitter_misc":{"Tahmini okuma s\u00fcresi":"1 dakika"},"schema":{"@context":"https:\/\/schema.org","@graph":[{"@type":"WebPage","@id":"https:\/\/www.adbioink.com\/tr\/product\/biyokalem-el-tipi-biyoyazici\/","url":"https:\/\/www.adbioink.com\/tr\/product\/biyokalem-el-tipi-biyoyazici\/","name":"Biyokalem (El tipi biyoyaz\u0131c\u0131) - Adbioink\/tr","isPartOf":{"@id":"https:\/\/www.adbioink.com\/tr\/#website"},"datePublished":"2022-04-10T05:46:26+00:00","dateModified":"2025-01-01T19:03:18+00:00","description":"Biyokalem sistemi (el tipi biyoyaz\u0131c\u0131), motorlu bir ekstr\u00fczyon sistemi, bir biyom\u00fcrekkep kartu\u015fu, bir meme ve bir foto-sertle\u015ftirme \u00fcnitesi i\u00e7erir.","breadcrumb":{"@id":"https:\/\/www.adbioink.com\/tr\/product\/biyokalem-el-tipi-biyoyazici\/#breadcrumb"},"inLanguage":"tr","potentialAction":[{"@type":"ReadAction","target":["https:\/\/www.adbioink.com\/tr\/product\/biyokalem-el-tipi-biyoyazici\/"]}]},{"@type":"BreadcrumbList","@id":"https:\/\/www.adbioink.com\/tr\/product\/biyokalem-el-tipi-biyoyazici\/#breadcrumb","itemListElement":[{"@type":"ListItem","position":1,"name":"Home","item":"https:\/\/www.adbioink.com\/tr\/"},{"@type":"ListItem","position":2,"name":"Ma\u011faza","item":"https:\/\/www.adbioink.com\/tr\/magaza\/"},{"@type":"ListItem","position":3,"name":"Biyokalem (El tipi biyoyaz\u0131c\u0131)"}]},{"@type":"WebSite","@id":"https:\/\/www.adbioink.com\/tr\/#website","url":"https:\/\/www.adbioink.com\/tr\/","name":"Adbioink\/tr","description":"\u0130leri Biyom\u00fcrekkep Teknolojileri","potentialAction":[{"@type":"SearchAction","target":{"@type":"EntryPoint","urlTemplate":"https:\/\/www.adbioink.com\/tr\/?s={search_term_string}"},"query-input":"required name=search_term_string"}],"inLanguage":"tr"}]}},"_links":{"self":[{"href":"https:\/\/www.adbioink.com\/tr\/wp-json\/wp\/v2\/product\/8253"}],"collection":[{"href":"https:\/\/www.adbioink.com\/tr\/wp-json\/wp\/v2\/product"}],"about":[{"href":"https:\/\/www.adbioink.com\/tr\/wp-json\/wp\/v2\/types\/product"}],"replies":[{"embeddable":true,"href":"https:\/\/www.adbioink.com\/tr\/wp-json\/wp\/v2\/comments?post=8253"}],"wp:featuredmedia":[{"embeddable":true,"href":"https:\/\/www.adbioink.com\/tr\/wp-json\/wp\/v2\/media\/9824"}],"wp:attachment":[{"href":"https:\/\/www.adbioink.com\/tr\/wp-json\/wp\/v2\/media?parent=8253"}],"wp:term":[{"taxonomy":"product_cat","embeddable":true,"href":"https:\/\/www.adbioink.com\/tr\/wp-json\/wp\/v2\/product_cat?post=8253"},{"taxonomy":"product_tag","embeddable":true,"href":"https:\/\/www.adbioink.com\/tr\/wp-json\/wp\/v2\/product_tag?post=8253"}],"curies":[{"name":"wp","href":"https:\/\/api.w.org\/{rel}","templated":true}]}}